{"id":12913,"date":"2021-07-01T17:01:31","date_gmt":"2021-07-01T14:01:31","guid":{"rendered":"https:\/\/tense.com.tr\/koruma-roleleri\/"},"modified":"2021-07-12T16:29:54","modified_gmt":"2021-07-12T13:29:54","slug":"protection-relays","status":"publish","type":"page","link":"https:\/\/tense.com.tr\/en\/protection-relays\/","title":{"rendered":"PROTECTION RELAYS"},"content":{"rendered":"<p>[vc_row][vc_column][vc_custom_heading source=&#8221;post_title&#8221; font_container=&#8221;tag:h1|font_size:40px|text_align:center|color:%230c121f|line_height:50px&#8221; use_theme_fonts=&#8221;yes&#8221; css=&#8221;.vc_custom_1624875572572{margin-top: 40px !important;margin-bottom: 20px !important;}&#8221; el_class=&#8221;font-weight-bold&#8221;][vc_column_text]Protection relays has a great role on electrical systems. To define them on a generic way, they are circuit elements that takes on a guarding role. Before telling about their roles and importance for electrical systems, let&#8217;s explain what a protection relay is first.<\/p>\n<h2>What is a Protection Relay?<\/h2>\n<p>Protection Relay protects the devices inside the circuit in case of a damaging situation. It authorizes devices to work on their calibrated gauges. It provides automatic stopping in the event of devices going out of their calibrated gauges. When they&#8217;re back on calibrated gauges, it activates devices again.<\/p>\n<p>Though protection relays have various types, their common operation principles and usages are usually same. As we said earlier protecting devices, engines and therefore increasing the efficiency of systems. Deducing the costs along with the increasing efficiency.<\/p>\n<h2><img loading=\"lazy\" src=\"https:\/\/tense.com.tr\/wp-content\/uploads\/2021\/07\/koruma-roleleri-scaled-e1625150646793.jpg\" alt=\"\" width=\"1000\" height=\"325\" class=\"aligncenter size-full wp-image-12833\" srcset=\"https:\/\/tense.com.tr\/wp-content\/uploads\/2021\/07\/koruma-roleleri-scaled-e1625150646793.jpg 1000w, https:\/\/tense.com.tr\/wp-content\/uploads\/2021\/07\/koruma-roleleri-scaled-e1625150646793-300x98.jpg 300w, https:\/\/tense.com.tr\/wp-content\/uploads\/2021\/07\/koruma-roleleri-scaled-e1625150646793-768x250.jpg 768w\" sizes=\"(max-width: 1000px) 100vw, 1000px\" \/><\/h2>\n<h2>Protection Relay Types<\/h2>\n<p>Protection relays can be classified according to their functions and devices they offer protection to. We sorted most used major relay types below. By clicking on the titles you can reach our product pages where you can find detailed information.<\/p>\n<h3>Protection Relays by Their Function<\/h3>\n<ul>\n<li>Current Protection Relay<\/li>\n<li><a href=\"https:\/\/tense.com.tr\/en\/product_categories\/voltage-control-relay\/\">Voltage Protection Relay<\/a><\/li>\n<li><a href=\"https:\/\/tense.com.tr\/en\/product_categories\/phase-protection-relays\/\">Phase Protection Relay<\/a><\/li>\n<\/ul>\n<h3>Protection Relays by Their Protected Device<\/h3>\n<ul>\n<li>Alternator Protection Relay<\/li>\n<li>Transformer Protection Relay<\/li>\n<li>Network Protection Relay<\/li>\n<\/ul>\n<h2>Things to take into consideration on protection relays<\/h2>\n<p>When choosing and buying a protection relay, your intented purpose, conditions of the field you are gonna use, operating range, display screens, warning lights, material quality and price stand out as variable elements. Those are surely matters to be worried about.<\/p>\n<p>But before evaluating these elements you ought to be sure that the protection relay that you will be using has to fulfill these essential requirements.<\/p>\n<ul>\n<li>Error detection speed must be fast<\/li>\n<li>It must make decisions quickly after detecting the error<\/li>\n<li>It must never activate except the errors it is responsible with the control of<\/li>\n<li>It must be able to give the same reactions to same or similiar errors<\/li>\n<li>It musn&#8217;t create arcs when providing on\/off function<\/li>\n<\/ul>\n<p>[\/vc_column_text][\/vc_column][\/vc_row]<\/p>\n","protected":false},"excerpt":{"rendered":"<p>[vc_row][vc_column][vc_custom_heading source=&#8221;post_title&#8221; font_container=&#8221;tag:h1|font_size:40px|text_align:center|color:%230c121f|line_height:50px&#8221; use_theme_fonts=&#8221;yes&#8221; css=&#8221;.vc_custom_1624875572572{margin-top: 40px !important;margin-bottom: 20px !important;}&#8221; el_class=&#8221;font-weight-bold&#8221;][vc_column_text]Protection relays has a great role on electrical systems. To define them on a generic way, they are circuit elements that takes on a guarding role. Before telling about their roles and importance for electrical systems, let&#8217;s explain what a protection relay is first. What is [&hellip;]<\/p>\n","protected":false},"author":1,"featured_media":0,"parent":0,"menu_order":0,"comment_status":"closed","ping_status":"closed","template":"","meta":[],"acf":[],"yoast_head":"<!-- This site is optimized with the Yoast SEO plugin v17.6 - https:\/\/yoast.com\/wordpress\/plugins\/seo\/ -->\n<title>PROTECTION RELAYS - Tense Electronics<\/title>\n<meta name=\"robots\" content=\"index, follow, max-snippet:-1, max-image-preview:large, max-video-preview:-1\" \/>\n<link rel=\"canonical\" href=\"https:\/\/tense.com.tr\/en\/protection-relays\/\" \/>\n<meta property=\"og:locale\" content=\"en_US\" \/>\n<meta property=\"og:type\" content=\"article\" \/>\n<meta property=\"og:title\" content=\"PROTECTION RELAYS - Tense Electronics\" \/>\n<meta property=\"og:description\" content=\"[vc_row][vc_column][vc_custom_heading source=&#8221;post_title&#8221; font_container=&#8221;tag:h1|font_size:40px|text_align:center|color:%230c121f|line_height:50px&#8221; use_theme_fonts=&#8221;yes&#8221; css=&#8221;.vc_custom_1624875572572{margin-top: 40px !important;margin-bottom: 20px !important;}&#8221; el_class=&#8221;font-weight-bold&#8221;][vc_column_text]Protection relays has a great role on electrical systems. To define them on a generic way, they are circuit elements that takes on a guarding role. Before telling about their roles and importance for electrical systems, let&#8217;s explain what a protection relay is first. What is [&hellip;]\" \/>\n<meta property=\"og:url\" content=\"https:\/\/tense.com.tr\/en\/protection-relays\/\" \/>\n<meta property=\"og:site_name\" content=\"Tense Electronics\" \/>\n<meta property=\"article:modified_time\" content=\"2021-07-12T13:29:54+00:00\" \/>\n<meta property=\"og:image\" content=\"https:\/\/tense.com.tr\/wp-content\/uploads\/2021\/07\/koruma-roleleri-scaled-e1625150646793.jpg\" \/>\n<meta name=\"twitter:card\" content=\"summary_large_image\" \/>\n<meta name=\"twitter:label1\" content=\"Est. reading time\" \/>\n\t<meta name=\"twitter:data1\" content=\"2 minutes\" \/>\n<!-- \/ Yoast SEO plugin. -->","yoast_head_json":{"title":"PROTECTION RELAYS - Tense Electronics","robots":{"index":"index","follow":"follow","max-snippet":"max-snippet:-1","max-image-preview":"max-image-preview:large","max-video-preview":"max-video-preview:-1"},"canonical":"https:\/\/tense.com.tr\/en\/protection-relays\/","og_locale":"en_US","og_type":"article","og_title":"PROTECTION RELAYS - Tense Electronics","og_description":"[vc_row][vc_column][vc_custom_heading source=&#8221;post_title&#8221; font_container=&#8221;tag:h1|font_size:40px|text_align:center|color:%230c121f|line_height:50px&#8221; use_theme_fonts=&#8221;yes&#8221; css=&#8221;.vc_custom_1624875572572{margin-top: 40px !important;margin-bottom: 20px !important;}&#8221; el_class=&#8221;font-weight-bold&#8221;][vc_column_text]Protection relays has a great role on electrical systems. To define them on a generic way, they are circuit elements that takes on a guarding role. Before telling about their roles and importance for electrical systems, let&#8217;s explain what a protection relay is first. What is [&hellip;]","og_url":"https:\/\/tense.com.tr\/en\/protection-relays\/","og_site_name":"Tense Electronics","article_modified_time":"2021-07-12T13:29:54+00:00","og_image":[{"url":"https:\/\/tense.com.tr\/wp-content\/uploads\/2021\/07\/koruma-roleleri-scaled-e1625150646793.jpg"}],"twitter_card":"summary_large_image","twitter_misc":{"Est. reading time":"2 minutes"},"schema":{"@context":"https:\/\/schema.org","@graph":[{"@type":"Organization","@id":"https:\/\/tense.com.tr\/en\/#organization","name":"Tense Electronics","url":"https:\/\/tense.com.tr\/en\/","sameAs":[],"logo":{"@type":"ImageObject","@id":"https:\/\/tense.com.tr\/en\/#logo","inLanguage":"en-US","url":"https:\/\/tense.com.tr\/wp-content\/uploads\/2021\/02\/tense-logo@2x.png","contentUrl":"https:\/\/tense.com.tr\/wp-content\/uploads\/2021\/02\/tense-logo@2x.png","width":2708,"height":833,"caption":"Tense Electronics"},"image":{"@id":"https:\/\/tense.com.tr\/en\/#logo"}},{"@type":"WebSite","@id":"https:\/\/tense.com.tr\/en\/#website","url":"https:\/\/tense.com.tr\/en\/","name":"Tense Electronics","description":"End\u00fcstriyel elektronik ve otomasyon cihazlar\u0131nda uzman kadroyla yerli \u00fcretim. Yurti\u00e7i ve yurtd\u0131\u015f\u0131 a\u011f\u0131yla sat\u0131\u015f \u00f6ncesi ve sonras\u0131 tam hizmet.","publisher":{"@id":"https:\/\/tense.com.tr\/en\/#organization"},"potentialAction":[{"@type":"SearchAction","target":{"@type":"EntryPoint","urlTemplate":"https:\/\/tense.com.tr\/en\/?s={search_term_string}"},"query-input":"required name=search_term_string"}],"inLanguage":"en-US"},{"@type":"ImageObject","@id":"https:\/\/tense.com.tr\/en\/protection-relays\/#primaryimage","inLanguage":"en-US","url":"https:\/\/tense.com.tr\/wp-content\/uploads\/2021\/07\/koruma-roleleri-scaled-e1625150646793.jpg","contentUrl":"https:\/\/tense.com.tr\/wp-content\/uploads\/2021\/07\/koruma-roleleri-scaled-e1625150646793.jpg","width":1000,"height":325},{"@type":"WebPage","@id":"https:\/\/tense.com.tr\/en\/protection-relays\/#webpage","url":"https:\/\/tense.com.tr\/en\/protection-relays\/","name":"PROTECTION RELAYS - Tense Electronics","isPartOf":{"@id":"https:\/\/tense.com.tr\/en\/#website"},"primaryImageOfPage":{"@id":"https:\/\/tense.com.tr\/en\/protection-relays\/#primaryimage"},"datePublished":"2021-07-01T14:01:31+00:00","dateModified":"2021-07-12T13:29:54+00:00","breadcrumb":{"@id":"https:\/\/tense.com.tr\/en\/protection-relays\/#breadcrumb"},"inLanguage":"en-US","potentialAction":[{"@type":"ReadAction","target":["https:\/\/tense.com.tr\/en\/protection-relays\/"]}]},{"@type":"BreadcrumbList","@id":"https:\/\/tense.com.tr\/en\/protection-relays\/#breadcrumb","itemListElement":[{"@type":"ListItem","position":1,"name":"Home","item":"https:\/\/tense.com.tr\/en\/"},{"@type":"ListItem","position":2,"name":"PROTECTION RELAYS"}]}]}},"_links":{"self":[{"href":"https:\/\/tense.com.tr\/en\/wp-json\/wp\/v2\/pages\/12913"}],"collection":[{"href":"https:\/\/tense.com.tr\/en\/wp-json\/wp\/v2\/pages"}],"about":[{"href":"https:\/\/tense.com.tr\/en\/wp-json\/wp\/v2\/types\/page"}],"author":[{"embeddable":true,"href":"https:\/\/tense.com.tr\/en\/wp-json\/wp\/v2\/users\/1"}],"replies":[{"embeddable":true,"href":"https:\/\/tense.com.tr\/en\/wp-json\/wp\/v2\/comments?post=12913"}],"version-history":[{"count":0,"href":"https:\/\/tense.com.tr\/en\/wp-json\/wp\/v2\/pages\/12913\/revisions"}],"wp:attachment":[{"href":"https:\/\/tense.com.tr\/en\/wp-json\/wp\/v2\/media?parent=12913"}],"curies":[{"name":"wp","href":"https:\/\/api.w.org\/{rel}","templated":true}]}}