{"id":13004,"date":"2021-08-15T17:31:38","date_gmt":"2021-08-15T14:31:38","guid":{"rendered":"https:\/\/tense.com.tr\/?page_id=13004"},"modified":"2023-09-04T15:04:02","modified_gmt":"2023-09-04T12:04:02","slug":"tenseblog","status":"publish","type":"page","link":"https:\/\/tense.com.tr\/en\/tenseblog\/","title":{"rendered":"Tenseblog"},"content":{"rendered":"<p>[vc_row][vc_column]<!-- blog -->\r<div class=\"blog element-two  rt477728720\"  data-row-items=\"3\"><article class=\"blog-item \" ><div class=\"holder\"><div class=\"pic\"><img src=\"https:\/\/tense.com.tr\/wp-content\/plugins\/radiantthemes-addons\/blog\/images\/blank-image-100x60.jpg\" alt=\"blank image\" width=\"100\" height=\"60\"><a class=\"holder\" href=\"https:\/\/tense.com.tr\/en\/what-is-an-inductive-load-driver-what-is-it-used-for\/\" style=\"background-image:url(https:\/\/tense.com.tr\/wp-content\/uploads\/2025\/04\/Enduktif-Yuk-Surucu-Nedir-Ne-Ise-Yarar.jpg)\"><\/a><\/div><div class=\"category-display\"><ul><\/ul><\/div><div class=\"data\"><h4><a href=\"https:\/\/tense.com.tr\/en\/what-is-an-inductive-load-driver-what-is-it-used-for\/\">What is an Inductive Load Driver? What is it used for?<\/a><\/h4><p>In electrical and automation systems, the control of inductive loads is of great importance. Inductive loads a...<\/p><ul class=\"post-meta\"><li><a href=\"https:\/\/tense.com.tr\/en\/author\/tense-elektronik\/\"><strong>Tense Electronics<\/strong><\/a><\/li><li><a href=\"https:\/\/tense.com.tr\/en\/what-is-an-inductive-load-driver-what-is-it-used-for\/\">April 4, 2025<\/a><\/li><\/ul><\/div><\/div><\/article><article class=\"blog-item \" ><div class=\"holder\"><div class=\"pic\"><img src=\"https:\/\/tense.com.tr\/wp-content\/plugins\/radiantthemes-addons\/blog\/images\/blank-image-100x60.jpg\" alt=\"blank image\" width=\"100\" height=\"60\"><a class=\"holder\" href=\"https:\/\/tense.com.tr\/en\/what-is-a-phase-sequence-relay-how-is-it-adjusted-what-are-its-advantages\/\" style=\"background-image:url(https:\/\/tense.com.tr\/wp-content\/uploads\/2025\/04\/Faz-Sirasi-Rolesi-Nedir-Nasil-Ayarlanir-Avantajlari-Nelerdir.jpg)\"><\/a><\/div><div class=\"category-display\"><ul><\/ul><\/div><div class=\"data\"><h4><a href=\"https:\/\/tense.com.tr\/en\/what-is-a-phase-sequence-relay-how-is-it-adjusted-what-are-its-advantages\/\">What is a Phase Sequence Relay? How is it Adjusted? What are its advantages?<\/a><\/h4><p>In electrical systems, especially in three-phase motors and industrial machines, phase sequence is of great im...<\/p><ul class=\"post-meta\"><li><a href=\"https:\/\/tense.com.tr\/en\/author\/tense-elektronik\/\"><strong>Tense Electronics<\/strong><\/a><\/li><li><a href=\"https:\/\/tense.com.tr\/en\/what-is-a-phase-sequence-relay-how-is-it-adjusted-what-are-its-advantages\/\">April 4, 2025<\/a><\/li><\/ul><\/div><\/div><\/article><article class=\"blog-item \" ><div class=\"holder\"><div class=\"pic\"><img src=\"https:\/\/tense.com.tr\/wp-content\/plugins\/radiantthemes-addons\/blog\/images\/blank-image-100x60.jpg\" alt=\"blank image\" width=\"100\" height=\"60\"><a class=\"holder\" href=\"https:\/\/tense.com.tr\/en\/what-is-a-digital-time-clock-what-is-it-used-for-how-does-it-work\/\" style=\"background-image:url(https:\/\/tense.com.tr\/wp-content\/uploads\/2025\/04\/Dijital-Zaman-Saati-Nedir-Ne-Ise-Yarar-Nasil-Calisir.jpg)\"><\/a><\/div><div class=\"category-display\"><ul><\/ul><\/div><div class=\"data\"><h4><a href=\"https:\/\/tense.com.tr\/en\/what-is-a-digital-time-clock-what-is-it-used-for-how-does-it-work\/\">What is a Digital Time Clock? What is it used for? How does it work?<\/a><\/h4><p>A digital time clock is a programmable electronic device that automatically turns electric vehicles on and off...<\/p><ul class=\"post-meta\"><li><a href=\"https:\/\/tense.com.tr\/en\/author\/tense-elektronik\/\"><strong>Tense Electronics<\/strong><\/a><\/li><li><a href=\"https:\/\/tense.com.tr\/en\/what-is-a-digital-time-clock-what-is-it-used-for-how-does-it-work\/\">April 4, 2025<\/a><\/li><\/ul><\/div><\/div><\/article><article class=\"blog-item \" ><div class=\"holder\"><div class=\"pic\"><img src=\"https:\/\/tense.com.tr\/wp-content\/plugins\/radiantthemes-addons\/blog\/images\/blank-image-100x60.jpg\" alt=\"blank image\" width=\"100\" height=\"60\"><a class=\"holder\" href=\"https:\/\/tense.com.tr\/en\/what-is-a-reactive-power-control-relay\/\" style=\"background-image:url(https:\/\/tense.com.tr\/wp-content\/uploads\/2025\/04\/Reaktif-Guc-Kontrol-Rolesi-Nedir-Ne-Ise-Yarar-Avantajlari-Nelerdir.jpg)\"><\/a><\/div><div class=\"category-display\"><ul><li><a href = \"https:\/\/tense.com.tr\/en\/blog_en\/\">Blog<\/a><\/li><li><a href = \"https:\/\/tense.com.tr\/en\/blog_en\/\">Blog<\/a><\/li><li><a href = \"https:\/\/tense.com.tr\/en\/blog_en\/\">Blog<\/a><\/li><li><a href = \"https:\/\/tense.com.tr\/en\/blog_en\/\">Blog<\/a><\/li><li><a href = \"https:\/\/tense.com.tr\/en\/blog_en\/\">Blog<\/a><\/li><li><a href = \"https:\/\/tense.com.tr\/en\/blog_en\/\">Blog<\/a><\/li><li><a href = \"https:\/\/tense.com.tr\/en\/blog_en\/\">Blog<\/a><\/li><li><a href = \"https:\/\/tense.com.tr\/en\/blog_en\/\">Blog<\/a><\/li><li><a href = \"https:\/\/tense.com.tr\/en\/blog_en\/\">Blog<\/a><\/li><li><a href = \"https:\/\/tense.com.tr\/en\/blog_en\/\">Blog<\/a><\/li><\/ul><\/div><div class=\"data\"><h4><a href=\"https:\/\/tense.com.tr\/en\/what-is-a-reactive-power-control-relay\/\">What is a Reactive Power Control Relay?<\/a><\/h4><p>A reactive power control relay is a tool that helps manage the compensation process by monitoring reactive pow...<\/p><ul class=\"post-meta\"><li><a href=\"https:\/\/tense.com.tr\/en\/author\/tense-elektronik\/\"><strong>Tense Electronics<\/strong><\/a><\/li><li><a href=\"https:\/\/tense.com.tr\/en\/what-is-a-reactive-power-control-relay\/\">April 4, 2025<\/a><\/li><\/ul><\/div><\/div><\/article><article class=\"blog-item \" ><div class=\"holder\"><div class=\"pic\"><img src=\"https:\/\/tense.com.tr\/wp-content\/plugins\/radiantthemes-addons\/blog\/images\/blank-image-100x60.jpg\" alt=\"blank image\" width=\"100\" height=\"60\"><a class=\"holder\" href=\"https:\/\/tense.com.tr\/en\/what-is-a-voltage-protection-relay-how-does-it-work-what-are-its-advantages\/\" style=\"background-image:url(https:\/\/tense.com.tr\/wp-content\/uploads\/2025\/04\/Gerilim-Koruma-Rolesi-Nedir-Nasil-Calisir-Avantajlari-Nelerdir.jpg)\"><\/a><\/div><div class=\"category-display\"><ul><\/ul><\/div><div class=\"data\"><h4><a href=\"https:\/\/tense.com.tr\/en\/what-is-a-voltage-protection-relay-how-does-it-work-what-are-its-advantages\/\">What is a Voltage Protection Relay? How Does It Work? What Are Its Advantages?<\/a><\/h4><p>A voltage protection relay is a tool that monitors voltage levels in electrical systems and protects the syste...<\/p><ul class=\"post-meta\"><li><a href=\"https:\/\/tense.com.tr\/en\/author\/tense-elektronik\/\"><strong>Tense Electronics<\/strong><\/a><\/li><li><a href=\"https:\/\/tense.com.tr\/en\/what-is-a-voltage-protection-relay-how-does-it-work-what-are-its-advantages\/\">April 4, 2025<\/a><\/li><\/ul><\/div><\/div><\/article><article class=\"blog-item \" ><div class=\"holder\"><div class=\"pic\"><img src=\"https:\/\/tense.com.tr\/wp-content\/plugins\/radiantthemes-addons\/blog\/images\/blank-image-100x60.jpg\" alt=\"blank image\" width=\"100\" height=\"60\"><a class=\"holder\" href=\"https:\/\/tense.com.tr\/en\/what-is-a-flasher-time-relay-what-is-it-used-for\/\" style=\"background-image:url(https:\/\/tense.com.tr\/wp-content\/uploads\/2025\/04\/Flasor-Zaman-Rolesi-Nedir-Ne-Ise-Yarar.jpg)\"><\/a><\/div><div class=\"category-display\"><ul><\/ul><\/div><div class=\"data\"><h4><a href=\"https:\/\/tense.com.tr\/en\/what-is-a-flasher-time-relay-what-is-it-used-for\/\">What is a Flasher Time Relay? What is it used for?<\/a><\/h4><p>In electrical and electronic systems, controlling the timing of certain events is a very important step. One o...<\/p><ul class=\"post-meta\"><li><a href=\"https:\/\/tense.com.tr\/en\/author\/tense-elektronik\/\"><strong>Tense Electronics<\/strong><\/a><\/li><li><a href=\"https:\/\/tense.com.tr\/en\/what-is-a-flasher-time-relay-what-is-it-used-for\/\">April 4, 2025<\/a><\/li><\/ul><\/div><\/div><\/article><article class=\"blog-item \" ><div class=\"holder\"><div class=\"pic\"><img src=\"https:\/\/tense.com.tr\/wp-content\/plugins\/radiantthemes-addons\/blog\/images\/blank-image-100x60.jpg\" alt=\"blank image\" width=\"100\" height=\"60\"><a class=\"holder\" href=\"https:\/\/tense.com.tr\/en\/medium-voltage-current-reference-compensation-system\/\" style=\"background-image:url(https:\/\/tense.com.tr\/wp-content\/uploads\/2025\/01\/Medium-Voltage-Current-Reference-Compensation-System.jpg)\"><\/a><\/div><div class=\"category-display\"><ul><\/ul><\/div><div class=\"data\"><h4><a href=\"https:\/\/tense.com.tr\/en\/medium-voltage-current-reference-compensation-system\/\">Medium Voltage Current Reference Compensation System<\/a><\/h4><p>One of the most important problems encountered during the production, transmission and distribution of electri...<\/p><ul class=\"post-meta\"><li><a href=\"https:\/\/tense.com.tr\/en\/author\/tense-elektronik\/\"><strong>Tense Electronics<\/strong><\/a><\/li><li><a href=\"https:\/\/tense.com.tr\/en\/medium-voltage-current-reference-compensation-system\/\">January 1, 2025<\/a><\/li><\/ul><\/div><\/div><\/article><article class=\"blog-item \" ><div class=\"holder\"><div class=\"pic\"><img src=\"https:\/\/tense.com.tr\/wp-content\/plugins\/radiantthemes-addons\/blog\/images\/blank-image-100x60.jpg\" alt=\"blank image\" width=\"100\" height=\"60\"><a class=\"holder\" href=\"https:\/\/tense.com.tr\/en\/digital-multimeter-that-can-vary-according-to-different-criteria\/\" style=\"background-image:url(https:\/\/tense.com.tr\/wp-content\/uploads\/2025\/01\/Digital-Multimeter-That-Can-Vary-According-to-Different-Criteria.jpg)\"><\/a><\/div><div class=\"category-display\"><ul><\/ul><\/div><div class=\"data\"><h4><a href=\"https:\/\/tense.com.tr\/en\/digital-multimeter-that-can-vary-according-to-different-criteria\/\">Digital Multimeter That Can Vary According to Different Criteria<\/a><\/h4><p>Measuring in the world of electricity and electronics is the main way to understand whether the systems are wo...<\/p><ul class=\"post-meta\"><li><a href=\"https:\/\/tense.com.tr\/en\/author\/tense-elektronik\/\"><strong>Tense Electronics<\/strong><\/a><\/li><li><a href=\"https:\/\/tense.com.tr\/en\/digital-multimeter-that-can-vary-according-to-different-criteria\/\">January 1, 2025<\/a><\/li><\/ul><\/div><\/div><\/article><article class=\"blog-item \" ><div class=\"holder\"><div class=\"pic\"><img src=\"https:\/\/tense.com.tr\/wp-content\/plugins\/radiantthemes-addons\/blog\/images\/blank-image-100x60.jpg\" alt=\"blank image\" width=\"100\" height=\"60\"><a class=\"holder\" href=\"https:\/\/tense.com.tr\/en\/mobility-and-measurement-with-power-quality-analyzer\/\" style=\"background-image:url(https:\/\/tense.com.tr\/wp-content\/uploads\/2025\/01\/Mobility-and-Measurement-with-Power-Quality-Analyzer.jpg)\"><\/a><\/div><div class=\"category-display\"><ul><\/ul><\/div><div class=\"data\"><h4><a href=\"https:\/\/tense.com.tr\/en\/mobility-and-measurement-with-power-quality-analyzer\/\">Mobility and Measurement with Power Quality Analyzer<\/a><\/h4><p>Energy management and electrical performance analysis play a serious role in modern industries and the power s...<\/p><ul class=\"post-meta\"><li><a href=\"https:\/\/tense.com.tr\/en\/author\/tense-elektronik\/\"><strong>Tense Electronics<\/strong><\/a><\/li><li><a href=\"https:\/\/tense.com.tr\/en\/mobility-and-measurement-with-power-quality-analyzer\/\">January 1, 2025<\/a><\/li><\/ul><\/div><\/div><\/article><article class=\"blog-item \" ><div class=\"holder\"><div class=\"pic\"><img src=\"https:\/\/tense.com.tr\/wp-content\/plugins\/radiantthemes-addons\/blog\/images\/blank-image-100x60.jpg\" alt=\"blank image\" width=\"100\" height=\"60\"><a class=\"holder\" href=\"https:\/\/tense.com.tr\/en\/what-is-a-secondary-protection-system-what-is-a-secondary-protection-relay\/\" style=\"background-image:url(https:\/\/tense.com.tr\/wp-content\/uploads\/2025\/01\/What-is-a-Secondary-Protection-System.jpg)\"><\/a><\/div><div class=\"category-display\"><ul><li><a href = \"https:\/\/tense.com.tr\/en\/blog_en_2\/\">Blog_EN_2<\/a><\/li><li><a href = \"https:\/\/tense.com.tr\/en\/blog_en_2\/\">Blog_EN_2<\/a><\/li><li><a href = \"https:\/\/tense.com.tr\/en\/blog_en_2\/\">Blog_EN_2<\/a><\/li><li><a href = \"https:\/\/tense.com.tr\/en\/blog_en_2\/\">Blog_EN_2<\/a><\/li><li><a href = \"https:\/\/tense.com.tr\/en\/blog_en_2\/\">Blog_EN_2<\/a><\/li><li><a href = \"https:\/\/tense.com.tr\/en\/blog_en_2\/\">Blog_EN_2<\/a><\/li><li><a href = \"https:\/\/tense.com.tr\/en\/blog_en_2\/\">Blog_EN_2<\/a><\/li><li><a href = \"https:\/\/tense.com.tr\/en\/blog_en_2\/\">Blog_EN_2<\/a><\/li><li><a href = \"https:\/\/tense.com.tr\/en\/blog_en_2\/\">Blog_EN_2<\/a><\/li><li><a href = \"https:\/\/tense.com.tr\/en\/blog_en_2\/\">Blog_EN_2<\/a><\/li><\/ul><\/div><div class=\"data\"><h4><a href=\"https:\/\/tense.com.tr\/en\/what-is-a-secondary-protection-system-what-is-a-secondary-protection-relay\/\">What is a Secondary Protection System? What is a Secondary Protection Relay?<\/a><\/h4><p>Electrical energy systems are the main building blocks of modern life. Many protection mechanisms are used in ...<\/p><ul class=\"post-meta\"><li><a href=\"https:\/\/tense.com.tr\/en\/author\/tense-elektronik\/\"><strong>Tense Electronics<\/strong><\/a><\/li><li><a href=\"https:\/\/tense.com.tr\/en\/what-is-a-secondary-protection-system-what-is-a-secondary-protection-relay\/\">January 1, 2025<\/a><\/li><\/ul><\/div><\/div><\/article><\/div>\r<!-- blog -->\r[\/vc_column][\/vc_row]<\/p>\n","protected":false},"excerpt":{"rendered":"<p>[vc_row][vc_column][\/vc_column][\/vc_row]<\/p>\n","protected":false},"author":1,"featured_media":0,"parent":0,"menu_order":0,"comment_status":"closed","ping_status":"closed","template":"","meta":[],"acf":[],"yoast_head":"<!-- This site is optimized with the Yoast SEO plugin v17.6 - https:\/\/yoast.com\/wordpress\/plugins\/seo\/ -->\n<title>Tenseblog - Tense Electronics<\/title>\n<meta name=\"robots\" content=\"index, follow, max-snippet:-1, max-image-preview:large, max-video-preview:-1\" \/>\n<link rel=\"canonical\" href=\"https:\/\/tense.com.tr\/en\/tenseblog\/\" \/>\n<meta property=\"og:locale\" content=\"en_US\" \/>\n<meta property=\"og:type\" content=\"article\" \/>\n<meta property=\"og:title\" content=\"Tenseblog - Tense Electronics\" \/>\n<meta property=\"og:description\" content=\"[vc_row][vc_column][\/vc_column][\/vc_row]\" \/>\n<meta property=\"og:url\" content=\"https:\/\/tense.com.tr\/en\/tenseblog\/\" \/>\n<meta property=\"og:site_name\" content=\"Tense Electronics\" \/>\n<meta property=\"article:modified_time\" content=\"2023-09-04T12:04:02+00:00\" \/>\n<meta name=\"twitter:card\" content=\"summary_large_image\" \/>\n<!-- \/ Yoast SEO plugin. -->","yoast_head_json":{"title":"Tenseblog - Tense Electronics","robots":{"index":"index","follow":"follow","max-snippet":"max-snippet:-1","max-image-preview":"max-image-preview:large","max-video-preview":"max-video-preview:-1"},"canonical":"https:\/\/tense.com.tr\/en\/tenseblog\/","og_locale":"en_US","og_type":"article","og_title":"Tenseblog - Tense Electronics","og_description":"[vc_row][vc_column][\/vc_column][\/vc_row]","og_url":"https:\/\/tense.com.tr\/en\/tenseblog\/","og_site_name":"Tense Electronics","article_modified_time":"2023-09-04T12:04:02+00:00","twitter_card":"summary_large_image","schema":{"@context":"https:\/\/schema.org","@graph":[{"@type":"Organization","@id":"https:\/\/tense.com.tr\/en\/#organization","name":"Tense Electronics","url":"https:\/\/tense.com.tr\/en\/","sameAs":[],"logo":{"@type":"ImageObject","@id":"https:\/\/tense.com.tr\/en\/#logo","inLanguage":"en-US","url":"https:\/\/tense.com.tr\/wp-content\/uploads\/2021\/02\/tense-logo@2x.png","contentUrl":"https:\/\/tense.com.tr\/wp-content\/uploads\/2021\/02\/tense-logo@2x.png","width":2708,"height":833,"caption":"Tense Electronics"},"image":{"@id":"https:\/\/tense.com.tr\/en\/#logo"}},{"@type":"WebSite","@id":"https:\/\/tense.com.tr\/en\/#website","url":"https:\/\/tense.com.tr\/en\/","name":"Tense Electronics","description":"End\u00fcstriyel elektronik ve otomasyon cihazlar\u0131nda uzman kadroyla yerli \u00fcretim. Yurti\u00e7i ve yurtd\u0131\u015f\u0131 a\u011f\u0131yla sat\u0131\u015f \u00f6ncesi ve sonras\u0131 tam hizmet.","publisher":{"@id":"https:\/\/tense.com.tr\/en\/#organization"},"potentialAction":[{"@type":"SearchAction","target":{"@type":"EntryPoint","urlTemplate":"https:\/\/tense.com.tr\/en\/?s={search_term_string}"},"query-input":"required name=search_term_string"}],"inLanguage":"en-US"},{"@type":"WebPage","@id":"https:\/\/tense.com.tr\/en\/tenseblog\/#webpage","url":"https:\/\/tense.com.tr\/en\/tenseblog\/","name":"Tenseblog - Tense Electronics","isPartOf":{"@id":"https:\/\/tense.com.tr\/en\/#website"},"datePublished":"2021-08-15T14:31:38+00:00","dateModified":"2023-09-04T12:04:02+00:00","breadcrumb":{"@id":"https:\/\/tense.com.tr\/en\/tenseblog\/#breadcrumb"},"inLanguage":"en-US","potentialAction":[{"@type":"ReadAction","target":["https:\/\/tense.com.tr\/en\/tenseblog\/"]}]},{"@type":"BreadcrumbList","@id":"https:\/\/tense.com.tr\/en\/tenseblog\/#breadcrumb","itemListElement":[{"@type":"ListItem","position":1,"name":"Home","item":"https:\/\/tense.com.tr\/en\/"},{"@type":"ListItem","position":2,"name":"Tenseblog"}]}]}},"_links":{"self":[{"href":"https:\/\/tense.com.tr\/en\/wp-json\/wp\/v2\/pages\/13004"}],"collection":[{"href":"https:\/\/tense.com.tr\/en\/wp-json\/wp\/v2\/pages"}],"about":[{"href":"https:\/\/tense.com.tr\/en\/wp-json\/wp\/v2\/types\/page"}],"author":[{"embeddable":true,"href":"https:\/\/tense.com.tr\/en\/wp-json\/wp\/v2\/users\/1"}],"replies":[{"embeddable":true,"href":"https:\/\/tense.com.tr\/en\/wp-json\/wp\/v2\/comments?post=13004"}],"version-history":[{"count":2,"href":"https:\/\/tense.com.tr\/en\/wp-json\/wp\/v2\/pages\/13004\/revisions"}],"predecessor-version":[{"id":14505,"href":"https:\/\/tense.com.tr\/en\/wp-json\/wp\/v2\/pages\/13004\/revisions\/14505"}],"wp:attachment":[{"href":"https:\/\/tense.com.tr\/en\/wp-json\/wp\/v2\/media?parent=13004"}],"curies":[{"name":"wp","href":"https:\/\/api.w.org\/{rel}","templated":true}]}}