{"id":13023,"date":"2021-08-16T19:14:32","date_gmt":"2021-08-16T16:14:32","guid":{"rendered":"https:\/\/tense.com.tr\/?page_id=13023"},"modified":"2021-08-16T19:22:11","modified_gmt":"2021-08-16T16:22:11","slug":"control-relays","status":"publish","type":"page","link":"https:\/\/tense.com.tr\/en\/control-relays\/","title":{"rendered":"Control Relays"},"content":{"rendered":"<p>[vc_row][vc_column][vc_custom_heading source=&#8221;post_title&#8221; font_container=&#8221;tag:h1|font_size:40px|text_align:center|color:%230c121f|line_height:50px&#8221; use_theme_fonts=&#8221;yes&#8221; css=&#8221;.vc_custom_1624875572572{margin-top: 40px !important;margin-bottom: 20px !important;}&#8221; el_class=&#8221;font-weight-bold&#8221;][vc_column_text]Control relays are vital parts of electronic systems. To define them in general they are components that follows the electricity entering the system. Before proceeding to detailed explanation let&#8217;s first deal with the question of what control relays are.<\/p>\n<h2>What is a Control Relay?<\/h2>\n<p>Control relays keep track of electricity entering the system. Their primary mission is to carry out the task defined with the situation by interfering the circuit when more or less energy enters the system than the calibrated gauges. Such as stopping or starting up. Thus they protect the systems they are included in from malfunctions. They enchance the efficiency and reduce the cost of operation.<br \/>\nAlthough every system has it&#8217;s own operating value, each device in the system can has it&#8217;s own operation value span. Therefore several types of it exists. Their functions and working principles are similiar.<\/p>\n<p><img loading=\"lazy\" src=\"https:\/\/tense.com.tr\/wp-content\/uploads\/2021\/07\/electric-consultant-checking-fuse-in-server-room-3GJW4N5-scaled-e1626106384384.jpg\" alt=\"\" width=\"1001\" height=\"326\" class=\"aligncenter wp-image-12932 size-full\" srcset=\"https:\/\/tense.com.tr\/wp-content\/uploads\/2021\/07\/electric-consultant-checking-fuse-in-server-room-3GJW4N5-scaled-e1626106384384.jpg 1001w, https:\/\/tense.com.tr\/wp-content\/uploads\/2021\/07\/electric-consultant-checking-fuse-in-server-room-3GJW4N5-scaled-e1626106384384-300x98.jpg 300w, https:\/\/tense.com.tr\/wp-content\/uploads\/2021\/07\/electric-consultant-checking-fuse-in-server-room-3GJW4N5-scaled-e1626106384384-768x250.jpg 768w\" sizes=\"(max-width: 1001px) 100vw, 1001px\" \/><\/p>\n<h2>Major Control Relay Types<\/h2>\n<p>You can find detailed information about every type in their respective pages. To go to related pages please click the titles below.<\/p>\n<ul>\n<li><a href=\"https:\/\/tense.com.tr\/en\/product_categories\/power-factor-controllers\/\">Power Factor Controllers<\/a><\/li>\n<li><a href=\"https:\/\/tense.com.tr\/en\/product_categories\/phase-protection-relays\/\">Phase Protection Relay<\/a><\/li>\n<li><a href=\"https:\/\/tense.com.tr\/en\/product_categories\/voltage-control-relay\/\">Voltage Control Relay<\/a><\/li>\n<li><a href=\"https:\/\/tense.com.tr\/en\/product_categories\/submersible-pump-control-relays\/\">Submersible Pump Control Relay<\/a><\/li>\n<li><a href=\"https:\/\/tense.com.tr\/en\/product_categories\/temperature-control-relay\/\">Temperature Control Relay<\/a><\/li>\n<li><a href=\"https:\/\/tense.com.tr\/en\/product_categories\/temperature-control-relay\/\">Humidity Control Relay<\/a><\/li>\n<\/ul>\n<h2>Things to take into consideration when choosing a control relay<\/h2>\n<p>As there are various control relays the first subject will be it&#8217;s area of use. It&#8217;s compatibility with the devices it will be connected to and operating ranges it will control are the most important topics. Of course you should take the physical conditions of the area it will be used in into consideration as well.<\/p>\n<p>It is also important to examine the features of the screens they are projecting the momentary measurements and how they give warnings. If you have a system that you are constantly keeping track of with your eyes you should use the ones with clean and easily visible screens. In case of an issue they should give easily recognizable warnings.<\/p>\n<p>Whichever kind of model you choose essential subject is the ability to detect errors and make decisions. The faster and the more precise a control relay is about detecting errors, the more effect potantial it has. On the other hand it must make decisions instantly fit to the perceived error and take action the fastest way.[\/vc_column_text][\/vc_column][\/vc_row]<\/p>\n","protected":false},"excerpt":{"rendered":"<p>[vc_row][vc_column][vc_custom_heading source=&#8221;post_title&#8221; font_container=&#8221;tag:h1|font_size:40px|text_align:center|color:%230c121f|line_height:50px&#8221; use_theme_fonts=&#8221;yes&#8221; css=&#8221;.vc_custom_1624875572572{margin-top: 40px !important;margin-bottom: 20px !important;}&#8221; el_class=&#8221;font-weight-bold&#8221;][vc_column_text]Control relays are vital parts of electronic systems. To define them in general they are components that follows the electricity entering the system. Before proceeding to detailed explanation let&#8217;s first deal with the question of what control relays are. What is a Control Relay? Control relays [&hellip;]<\/p>\n","protected":false},"author":1,"featured_media":0,"parent":0,"menu_order":0,"comment_status":"closed","ping_status":"closed","template":"","meta":[],"acf":[],"yoast_head":"<!-- This site is optimized with the Yoast SEO plugin v17.6 - https:\/\/yoast.com\/wordpress\/plugins\/seo\/ -->\n<title>Control Relays - Tense Electronics<\/title>\n<meta name=\"robots\" content=\"index, follow, max-snippet:-1, max-image-preview:large, max-video-preview:-1\" \/>\n<link rel=\"canonical\" href=\"https:\/\/tense.com.tr\/en\/control-relays\/\" \/>\n<meta property=\"og:locale\" content=\"en_US\" \/>\n<meta property=\"og:type\" content=\"article\" \/>\n<meta property=\"og:title\" content=\"Control Relays - Tense Electronics\" \/>\n<meta property=\"og:description\" content=\"[vc_row][vc_column][vc_custom_heading source=&#8221;post_title&#8221; font_container=&#8221;tag:h1|font_size:40px|text_align:center|color:%230c121f|line_height:50px&#8221; use_theme_fonts=&#8221;yes&#8221; css=&#8221;.vc_custom_1624875572572{margin-top: 40px !important;margin-bottom: 20px !important;}&#8221; el_class=&#8221;font-weight-bold&#8221;][vc_column_text]Control relays are vital parts of electronic systems. To define them in general they are components that follows the electricity entering the system. Before proceeding to detailed explanation let&#8217;s first deal with the question of what control relays are. What is a Control Relay? Control relays [&hellip;]\" \/>\n<meta property=\"og:url\" content=\"https:\/\/tense.com.tr\/en\/control-relays\/\" \/>\n<meta property=\"og:site_name\" content=\"Tense Electronics\" \/>\n<meta property=\"article:modified_time\" content=\"2021-08-16T16:22:11+00:00\" \/>\n<meta property=\"og:image\" content=\"https:\/\/tense.com.tr\/wp-content\/uploads\/2021\/07\/electric-consultant-checking-fuse-in-server-room-3GJW4N5-scaled-e1626106384384.jpg\" \/>\n<meta name=\"twitter:card\" content=\"summary_large_image\" \/>\n<meta name=\"twitter:label1\" content=\"Est. reading time\" \/>\n\t<meta name=\"twitter:data1\" content=\"2 minutes\" \/>\n<!-- \/ Yoast SEO plugin. -->","yoast_head_json":{"title":"Control Relays - Tense Electronics","robots":{"index":"index","follow":"follow","max-snippet":"max-snippet:-1","max-image-preview":"max-image-preview:large","max-video-preview":"max-video-preview:-1"},"canonical":"https:\/\/tense.com.tr\/en\/control-relays\/","og_locale":"en_US","og_type":"article","og_title":"Control Relays - Tense Electronics","og_description":"[vc_row][vc_column][vc_custom_heading source=&#8221;post_title&#8221; font_container=&#8221;tag:h1|font_size:40px|text_align:center|color:%230c121f|line_height:50px&#8221; use_theme_fonts=&#8221;yes&#8221; css=&#8221;.vc_custom_1624875572572{margin-top: 40px !important;margin-bottom: 20px !important;}&#8221; el_class=&#8221;font-weight-bold&#8221;][vc_column_text]Control relays are vital parts of electronic systems. To define them in general they are components that follows the electricity entering the system. Before proceeding to detailed explanation let&#8217;s first deal with the question of what control relays are. What is a Control Relay? Control relays [&hellip;]","og_url":"https:\/\/tense.com.tr\/en\/control-relays\/","og_site_name":"Tense Electronics","article_modified_time":"2021-08-16T16:22:11+00:00","og_image":[{"url":"https:\/\/tense.com.tr\/wp-content\/uploads\/2021\/07\/electric-consultant-checking-fuse-in-server-room-3GJW4N5-scaled-e1626106384384.jpg"}],"twitter_card":"summary_large_image","twitter_misc":{"Est. reading time":"2 minutes"},"schema":{"@context":"https:\/\/schema.org","@graph":[{"@type":"Organization","@id":"https:\/\/tense.com.tr\/en\/#organization","name":"Tense Electronics","url":"https:\/\/tense.com.tr\/en\/","sameAs":[],"logo":{"@type":"ImageObject","@id":"https:\/\/tense.com.tr\/en\/#logo","inLanguage":"en-US","url":"https:\/\/tense.com.tr\/wp-content\/uploads\/2021\/02\/tense-logo@2x.png","contentUrl":"https:\/\/tense.com.tr\/wp-content\/uploads\/2021\/02\/tense-logo@2x.png","width":2708,"height":833,"caption":"Tense Electronics"},"image":{"@id":"https:\/\/tense.com.tr\/en\/#logo"}},{"@type":"WebSite","@id":"https:\/\/tense.com.tr\/en\/#website","url":"https:\/\/tense.com.tr\/en\/","name":"Tense Electronics","description":"End\u00fcstriyel elektronik ve otomasyon cihazlar\u0131nda uzman kadroyla yerli \u00fcretim. Yurti\u00e7i ve yurtd\u0131\u015f\u0131 a\u011f\u0131yla sat\u0131\u015f \u00f6ncesi ve sonras\u0131 tam hizmet.","publisher":{"@id":"https:\/\/tense.com.tr\/en\/#organization"},"potentialAction":[{"@type":"SearchAction","target":{"@type":"EntryPoint","urlTemplate":"https:\/\/tense.com.tr\/en\/?s={search_term_string}"},"query-input":"required name=search_term_string"}],"inLanguage":"en-US"},{"@type":"ImageObject","@id":"https:\/\/tense.com.tr\/en\/control-relays\/#primaryimage","inLanguage":"en-US","url":"https:\/\/tense.com.tr\/wp-content\/uploads\/2021\/07\/electric-consultant-checking-fuse-in-server-room-3GJW4N5-scaled-e1626106384384.jpg","contentUrl":"https:\/\/tense.com.tr\/wp-content\/uploads\/2021\/07\/electric-consultant-checking-fuse-in-server-room-3GJW4N5-scaled-e1626106384384.jpg","width":1001,"height":326,"caption":"Cropped hand of male electric consultant checking fuse in server room at datacenter"},{"@type":"WebPage","@id":"https:\/\/tense.com.tr\/en\/control-relays\/#webpage","url":"https:\/\/tense.com.tr\/en\/control-relays\/","name":"Control Relays - Tense Electronics","isPartOf":{"@id":"https:\/\/tense.com.tr\/en\/#website"},"primaryImageOfPage":{"@id":"https:\/\/tense.com.tr\/en\/control-relays\/#primaryimage"},"datePublished":"2021-08-16T16:14:32+00:00","dateModified":"2021-08-16T16:22:11+00:00","breadcrumb":{"@id":"https:\/\/tense.com.tr\/en\/control-relays\/#breadcrumb"},"inLanguage":"en-US","potentialAction":[{"@type":"ReadAction","target":["https:\/\/tense.com.tr\/en\/control-relays\/"]}]},{"@type":"BreadcrumbList","@id":"https:\/\/tense.com.tr\/en\/control-relays\/#breadcrumb","itemListElement":[{"@type":"ListItem","position":1,"name":"Home","item":"https:\/\/tense.com.tr\/en\/"},{"@type":"ListItem","position":2,"name":"Control Relays"}]}]}},"_links":{"self":[{"href":"https:\/\/tense.com.tr\/en\/wp-json\/wp\/v2\/pages\/13023"}],"collection":[{"href":"https:\/\/tense.com.tr\/en\/wp-json\/wp\/v2\/pages"}],"about":[{"href":"https:\/\/tense.com.tr\/en\/wp-json\/wp\/v2\/types\/page"}],"author":[{"embeddable":true,"href":"https:\/\/tense.com.tr\/en\/wp-json\/wp\/v2\/users\/1"}],"replies":[{"embeddable":true,"href":"https:\/\/tense.com.tr\/en\/wp-json\/wp\/v2\/comments?post=13023"}],"version-history":[{"count":0,"href":"https:\/\/tense.com.tr\/en\/wp-json\/wp\/v2\/pages\/13023\/revisions"}],"wp:attachment":[{"href":"https:\/\/tense.com.tr\/en\/wp-json\/wp\/v2\/media?parent=13023"}],"curies":[{"name":"wp","href":"https:\/\/api.w.org\/{rel}","templated":true}]}}