{"id":8205,"date":"2021-02-09T06:56:17","date_gmt":"2021-02-09T03:56:17","guid":{"rendered":"https:\/\/tense.com.tr\/kurumsal\/"},"modified":"2021-02-09T08:56:11","modified_gmt":"2021-02-09T05:56:11","slug":"about","status":"publish","type":"page","link":"https:\/\/tense.com.tr\/en\/about\/","title":{"rendered":"CORPORATION"},"content":{"rendered":"<p>[vc_section full_width=&#8221;stretch_row&#8221; css=&#8221;.vc_custom_1611446078335{margin-top: 0px !important;margin-bottom: 0px !important;padding-top: 30px !important;padding-bottom: 75px !important;}&#8221;][vc_row][vc_column css=&#8221;.vc_custom_1527765435779{margin-top: 0px !important;margin-bottom: 0px !important;}&#8221;][vc_custom_heading source=&#8221;post_title&#8221; font_container=&#8221;tag:h1|font_size:40px|text_align:center|color:%230c121f|line_height:50px&#8221; use_theme_fonts=&#8221;yes&#8221; css=&#8221;.vc_custom_1611445952474{margin-top: 0px !important;margin-bottom: 20px !important;}&#8221; el_class=&#8221;font-weight-bold&#8221;][vc_column_text]Our company has been established for managing energy with best efficiency in our country and providing services with our expert and experienced staffs for industrial automationfield which has a very important role in ever-growing electronics sector. We are one of the leading manufacturer of Industrial Electronics, producing variable \u201cindustrial protection products, control relays and measuring equipment\u201d.<\/p>\n<p>Our aim is to provide quality products for end users by using the technology developedon the basis of customer satisfaction and to put specific products in industrial electronics sector on the local market in accordance with customer demands and expectations.<\/p>\n<div>\n<div>We provide our dear customers with easily accessable products and also pre-sale andafter-sale services thanks to distributors and agents all around the world.<\/div>\n<\/div>\n<div><\/div>\n<p>[\/vc_column_text][vc_single_image image=&#8221;8332&#8243; img_size=&#8221;full&#8221;][\/vc_column][\/vc_row][\/vc_section]<\/p>\n","protected":false},"excerpt":{"rendered":"<p>[vc_section full_width=&#8221;stretch_row&#8221; css=&#8221;.vc_custom_1611446078335{margin-top: 0px !important;margin-bottom: 0px !important;padding-top: 30px !important;padding-bottom: 75px !important;}&#8221;][vc_row][vc_column css=&#8221;.vc_custom_1527765435779{margin-top: 0px !important;margin-bottom: 0px !important;}&#8221;][vc_custom_heading source=&#8221;post_title&#8221; font_container=&#8221;tag:h1|font_size:40px|text_align:center|color:%230c121f|line_height:50px&#8221; use_theme_fonts=&#8221;yes&#8221; css=&#8221;.vc_custom_1611445952474{margin-top: 0px !important;margin-bottom: 20px !important;}&#8221; el_class=&#8221;font-weight-bold&#8221;][vc_column_text]Our company has been established for managing energy with best efficiency in our country and providing services with our expert and experienced staffs for industrial automationfield which has a very important [&hellip;]<\/p>\n","protected":false},"author":1,"featured_media":0,"parent":0,"menu_order":0,"comment_status":"closed","ping_status":"closed","template":"","meta":[],"acf":[],"yoast_head":"<!-- This site is optimized with the Yoast SEO plugin v17.6 - https:\/\/yoast.com\/wordpress\/plugins\/seo\/ -->\n<title>CORPORATION - Tense Electronics<\/title>\n<meta name=\"robots\" content=\"index, follow, max-snippet:-1, max-image-preview:large, max-video-preview:-1\" \/>\n<link rel=\"canonical\" href=\"https:\/\/tense.com.tr\/en\/about\/\" \/>\n<meta property=\"og:locale\" content=\"en_US\" \/>\n<meta property=\"og:type\" content=\"article\" \/>\n<meta property=\"og:title\" content=\"CORPORATION - Tense Electronics\" \/>\n<meta property=\"og:description\" content=\"[vc_section full_width=&#8221;stretch_row&#8221; css=&#8221;.vc_custom_1611446078335{margin-top: 0px !important;margin-bottom: 0px !important;padding-top: 30px !important;padding-bottom: 75px !important;}&#8221;][vc_row][vc_column css=&#8221;.vc_custom_1527765435779{margin-top: 0px !important;margin-bottom: 0px !important;}&#8221;][vc_custom_heading source=&#8221;post_title&#8221; font_container=&#8221;tag:h1|font_size:40px|text_align:center|color:%230c121f|line_height:50px&#8221; use_theme_fonts=&#8221;yes&#8221; css=&#8221;.vc_custom_1611445952474{margin-top: 0px !important;margin-bottom: 20px !important;}&#8221; el_class=&#8221;font-weight-bold&#8221;][vc_column_text]Our company has been established for managing energy with best efficiency in our country and providing services with our expert and experienced staffs for industrial automationfield which has a very important [&hellip;]\" \/>\n<meta property=\"og:url\" content=\"https:\/\/tense.com.tr\/en\/about\/\" \/>\n<meta property=\"og:site_name\" content=\"Tense Electronics\" \/>\n<meta property=\"article:modified_time\" content=\"2021-02-09T05:56:11+00:00\" \/>\n<meta name=\"twitter:card\" content=\"summary_large_image\" \/>\n<meta name=\"twitter:label1\" content=\"Est. reading time\" \/>\n\t<meta name=\"twitter:data1\" content=\"1 minute\" \/>\n<!-- \/ Yoast SEO plugin. -->","yoast_head_json":{"title":"CORPORATION - Tense Electronics","robots":{"index":"index","follow":"follow","max-snippet":"max-snippet:-1","max-image-preview":"max-image-preview:large","max-video-preview":"max-video-preview:-1"},"canonical":"https:\/\/tense.com.tr\/en\/about\/","og_locale":"en_US","og_type":"article","og_title":"CORPORATION - Tense Electronics","og_description":"[vc_section full_width=&#8221;stretch_row&#8221; css=&#8221;.vc_custom_1611446078335{margin-top: 0px !important;margin-bottom: 0px !important;padding-top: 30px !important;padding-bottom: 75px !important;}&#8221;][vc_row][vc_column css=&#8221;.vc_custom_1527765435779{margin-top: 0px !important;margin-bottom: 0px !important;}&#8221;][vc_custom_heading source=&#8221;post_title&#8221; font_container=&#8221;tag:h1|font_size:40px|text_align:center|color:%230c121f|line_height:50px&#8221; use_theme_fonts=&#8221;yes&#8221; css=&#8221;.vc_custom_1611445952474{margin-top: 0px !important;margin-bottom: 20px !important;}&#8221; el_class=&#8221;font-weight-bold&#8221;][vc_column_text]Our company has been established for managing energy with best efficiency in our country and providing services with our expert and experienced staffs for industrial automationfield which has a very important [&hellip;]","og_url":"https:\/\/tense.com.tr\/en\/about\/","og_site_name":"Tense Electronics","article_modified_time":"2021-02-09T05:56:11+00:00","twitter_card":"summary_large_image","twitter_misc":{"Est. reading time":"1 minute"},"schema":{"@context":"https:\/\/schema.org","@graph":[{"@type":"Organization","@id":"https:\/\/tense.com.tr\/en\/#organization","name":"Tense Electronics","url":"https:\/\/tense.com.tr\/en\/","sameAs":[],"logo":{"@type":"ImageObject","@id":"https:\/\/tense.com.tr\/en\/#logo","inLanguage":"en-US","url":"https:\/\/tense.com.tr\/wp-content\/uploads\/2021\/02\/tense-logo@2x.png","contentUrl":"https:\/\/tense.com.tr\/wp-content\/uploads\/2021\/02\/tense-logo@2x.png","width":2708,"height":833,"caption":"Tense Electronics"},"image":{"@id":"https:\/\/tense.com.tr\/en\/#logo"}},{"@type":"WebSite","@id":"https:\/\/tense.com.tr\/en\/#website","url":"https:\/\/tense.com.tr\/en\/","name":"Tense Electronics","description":"End\u00fcstriyel elektronik ve otomasyon cihazlar\u0131nda uzman kadroyla yerli \u00fcretim. Yurti\u00e7i ve yurtd\u0131\u015f\u0131 a\u011f\u0131yla sat\u0131\u015f \u00f6ncesi ve sonras\u0131 tam hizmet.","publisher":{"@id":"https:\/\/tense.com.tr\/en\/#organization"},"potentialAction":[{"@type":"SearchAction","target":{"@type":"EntryPoint","urlTemplate":"https:\/\/tense.com.tr\/en\/?s={search_term_string}"},"query-input":"required name=search_term_string"}],"inLanguage":"en-US"},{"@type":"WebPage","@id":"https:\/\/tense.com.tr\/en\/about\/#webpage","url":"https:\/\/tense.com.tr\/en\/about\/","name":"CORPORATION - Tense Electronics","isPartOf":{"@id":"https:\/\/tense.com.tr\/en\/#website"},"datePublished":"2021-02-09T03:56:17+00:00","dateModified":"2021-02-09T05:56:11+00:00","breadcrumb":{"@id":"https:\/\/tense.com.tr\/en\/about\/#breadcrumb"},"inLanguage":"en-US","potentialAction":[{"@type":"ReadAction","target":["https:\/\/tense.com.tr\/en\/about\/"]}]},{"@type":"BreadcrumbList","@id":"https:\/\/tense.com.tr\/en\/about\/#breadcrumb","itemListElement":[{"@type":"ListItem","position":1,"name":"Home","item":"https:\/\/tense.com.tr\/en\/"},{"@type":"ListItem","position":2,"name":"CORPORATION"}]}]}},"_links":{"self":[{"href":"https:\/\/tense.com.tr\/en\/wp-json\/wp\/v2\/pages\/8205"}],"collection":[{"href":"https:\/\/tense.com.tr\/en\/wp-json\/wp\/v2\/pages"}],"about":[{"href":"https:\/\/tense.com.tr\/en\/wp-json\/wp\/v2\/types\/page"}],"author":[{"embeddable":true,"href":"https:\/\/tense.com.tr\/en\/wp-json\/wp\/v2\/users\/1"}],"replies":[{"embeddable":true,"href":"https:\/\/tense.com.tr\/en\/wp-json\/wp\/v2\/comments?post=8205"}],"version-history":[{"count":0,"href":"https:\/\/tense.com.tr\/en\/wp-json\/wp\/v2\/pages\/8205\/revisions"}],"wp:attachment":[{"href":"https:\/\/tense.com.tr\/en\/wp-json\/wp\/v2\/media?parent=8205"}],"curies":[{"name":"wp","href":"https:\/\/api.w.org\/{rel}","templated":true}]}}