{"id":8259,"date":"2021-02-09T06:53:16","date_gmt":"2021-02-09T03:53:16","guid":{"rendered":"https:\/\/tense.com.tr\/dokumanlar\/"},"modified":"2025-05-06T15:51:48","modified_gmt":"2025-05-06T12:51:48","slug":"documents","status":"publish","type":"page","link":"https:\/\/tense.com.tr\/en\/documents\/","title":{"rendered":"DOCUMENTS"},"content":{"rendered":"<p>[vc_row css=&#8221;.vc_custom_1612497023058{padding-top: 30px !important;}&#8221;][vc_column css=&#8221;.vc_custom_1527765435779{margin-top: 0px !important;margin-bottom: 0px !important;}&#8221;][vc_custom_heading source=&#8221;post_title&#8221; font_container=&#8221;tag:h1|font_size:40px|text_align:center|color:%230c121f|line_height:50px&#8221; use_theme_fonts=&#8221;yes&#8221; css=&#8221;.vc_custom_1611445952474{margin-top: 0px !important;margin-bottom: 20px !important;}&#8221; el_class=&#8221;font-weight-bold&#8221;][\/vc_column][\/vc_row][vc_section full_width=&#8221;stretch_row&#8221; el_class=&#8221;overflow-visible&#8221; css=&#8221;.vc_custom_1612496729715{margin-top: 0px !important;margin-bottom: 0px !important;padding-top: 50px !important;padding-bottom: 50px !important;background-color: #ffffff !important;}&#8221;][vc_row full_width=&#8221;stretch_row&#8221; gap=&#8221;20&#8243; css=&#8221;.vc_custom_1612497290183{margin-top: 0px !important;margin-right: 0px !important;margin-bottom: 0px !important;padding-top: 0px !important;padding-bottom: 0px !important;}&#8221;][vc_column css_animation=&#8221;fadeInUp&#8221; width=&#8221;1\/3&#8243; css=&#8221;.vc_custom_1620217601914{border-top-width: 1px !important;border-right-width: 1px !important;border-bottom-width: 1px !important;border-left-width: 1px !important;padding-top: 30px !important;padding-right: 30px !important;padding-bottom: 30px !important;padding-left: 30px !important;border-left-color: #f4f7fd !important;border-left-style: solid !important;border-right-color: #f4f7fd !important;border-right-style: solid !important;border-top-color: #f4f7fd !important;border-top-style: solid !important;border-bottom-color: #f4f7fd !important;border-bottom-style: solid !important;}&#8221;][vc_icon icon_fontawesome=&#8221;fas fa-sticky-note&#8221; color=&#8221;custom&#8221; size=&#8221;xl&#8221; align=&#8221;center&#8221; custom_color=&#8221;#3468d6&#8243;][vc_custom_heading text=&#8221;Product Catalogue&#8221; font_container=&#8221;tag:h5|font_size:20px|text_align:center|color:%23222222|line_height:38px&#8221; use_theme_fonts=&#8221;yes&#8221; el_class=&#8221;font-weight-light&#8221; link=&#8221;url:https%3A%2F%2Ftense.com.tr%2Fwp-content%2Fuploads%2F2025%2F05%2FTense-Electronic-Product-Catalog-2025.pdf|target:_blank&#8221;][\/vc_column][vc_column css_animation=&#8221;fadeInUp&#8221; css=&#8221;.vc_custom_1612497258152{margin-top: 0px !important;margin-bottom: 0px !important;border-top-width: 1px !important;border-right-width: 1px !important;border-bottom-width: 1px !important;border-left-width: 1px !important;padding-top: 30px !important;padding-right: 30px !important;padding-bottom: 30px !important;padding-left: 30px !important;background-color: #ffffff !important;border-left-color: #f4f7fd !important;border-left-style: solid !important;border-right-color: #f4f7fd !important;border-right-style: solid !important;border-top-color: #f4f7fd !important;border-top-style: solid !important;border-bottom-color: #f4f7fd !important;border-bottom-style: solid !important;}&#8221; offset=&#8221;vc_col-lg-4 vc_col-md-4 vc_col-xs-12&#8243;][vc_icon icon_fontawesome=&#8221;fas fa-book&#8221; color=&#8221;custom&#8221; size=&#8221;xl&#8221; align=&#8221;center&#8221; custom_color=&#8221;#3468d6&#8243;][vc_custom_heading text=&#8221;Technical Catalogue&#8221; font_container=&#8221;tag:h5|font_size:20px|text_align:center|color:%23222222|line_height:38px&#8221; use_theme_fonts=&#8221;yes&#8221; el_class=&#8221;font-weight-light&#8221; link=&#8221;url:https%3A%2F%2Ftense.com.tr%2Fwp-content%2Fuploads%2F2021%2F02%2FTense-Electronic-Technical-Catalog.pdf|target:_blank&#8221;][\/vc_column][vc_column css_animation=&#8221;fadeInUp&#8221; css=&#8221;.vc_custom_1612497245328{margin-top: 0px !important;margin-bottom: 0px !important;border-top-width: 1px !important;border-right-width: 1px !important;border-bottom-width: 1px !important;border-left-width: 1px !important;padding-top: 30px !important;padding-right: 30px !important;padding-bottom: 30px !important;padding-left: 30px !important;background-color: #ffffff !important;border-left-color: #f4f7fd !important;border-left-style: solid !important;border-right-color: #f4f7fd !important;border-right-style: solid !important;border-top-color: #f4f7fd !important;border-top-style: solid !important;border-bottom-color: #f4f7fd !important;border-bottom-style: solid !important;}&#8221; offset=&#8221;vc_col-lg-4 vc_col-md-4 vc_col-xs-12&#8243;][vc_icon icon_fontawesome=&#8221;fas fa-tools&#8221; color=&#8221;custom&#8221; size=&#8221;xl&#8221; align=&#8221;center&#8221; custom_color=&#8221;#3468d6&#8243;][vc_custom_heading text=&#8221;Software &amp; Drivers&#8221; font_container=&#8221;tag:h5|font_size:20px|text_align:center|color:%23222222|line_height:38px&#8221; use_theme_fonts=&#8221;yes&#8221; el_class=&#8221;font-weight-light&#8221; link=&#8221;url:https%3A%2F%2Ftense.com.tr%2Fen%2Fsoftware-and-drivers%2F|title:SOFTWARE%20%26%20DRIVERS&#8221;][\/vc_column][vc_column css_animation=&#8221;fadeInUp&#8221; width=&#8221;1\/3&#8243; offset=&#8221;vc_col-lg-4 vc_col-md-4 vc_col-xs-12&#8243; css=&#8221;.vc_custom_1619611089905{margin-top: 0px !important;margin-bottom: 0px !important;border-top-width: 1px !important;border-right-width: 1px !important;border-bottom-width: 1px !important;border-left-width: 1px !important;padding-top: 30px !important;padding-right: 30px !important;padding-bottom: 30px !important;padding-left: 30px !important;border-left-color: #f4f7fd !important;border-left-style: solid !important;border-right-color: #f4f7fd !important;border-right-style: solid !important;border-top-color: #f4f7fd !important;border-top-style: solid !important;border-bottom-color: #f4f7fd !important;border-bottom-style: solid !important;}&#8221;][vc_icon icon_fontawesome=&#8221;fas fa-play&#8221; color=&#8221;custom&#8221; size=&#8221;xl&#8221; align=&#8221;center&#8221; custom_color=&#8221;#3468d6&#8243;][vc_custom_heading text=&#8221;Videos&#8221; font_container=&#8221;tag:h5|font_size:20px|text_align:center|color:%23222222|line_height:38px&#8221; use_theme_fonts=&#8221;yes&#8221; el_class=&#8221;font-weight-light&#8221; link=&#8221;url:https%3A%2F%2Ftense.com.tr%2Fen%2Fvideos%2F&#8221;][\/vc_column][vc_column css_animation=&#8221;fadeInUp&#8221; width=&#8221;1\/3&#8243; offset=&#8221;vc_col-lg-4 vc_col-md-4 vc_col-xs-12&#8243; css=&#8221;.vc_custom_1619612088798{margin-top: 0px !important;margin-bottom: 0px !important;border-top-width: 1px !important;border-right-width: 1px !important;border-bottom-width: 1px !important;border-left-width: 1px !important;padding-top: 30px !important;padding-right: 30px !important;padding-bottom: 30px !important;padding-left: 30px !important;border-left-color: #f4f7fd !important;border-left-style: solid !important;border-right-color: #f4f7fd !important;border-right-style: solid !important;border-top-color: #f4f7fd !important;border-top-style: solid !important;border-bottom-color: #f4f7fd !important;border-bottom-style: solid !important;}&#8221;][vc_icon icon_fontawesome=&#8221;fas fa-ribbon&#8221; color=&#8221;custom&#8221; size=&#8221;xl&#8221; align=&#8221;center&#8221; custom_color=&#8221;#3468d6&#8243; link=&#8221;url:https%3A%2F%2Ftense.com.tr%2Fen%2Fquality-certificates%2F|target:_blank&#8221;][vc_custom_heading text=&#8221;Quality Certificates&#8221; font_container=&#8221;tag:h5|font_size:20px|text_align:center|color:%23222222|line_height:38px&#8221; use_theme_fonts=&#8221;yes&#8221; el_class=&#8221;font-weight-light&#8221; link=&#8221;url:https%3A%2F%2Ftense.com.tr%2Fen%2Fquality-certificates%2F&#8221;][\/vc_column][\/vc_row][\/vc_section]<\/p>\n","protected":false},"excerpt":{"rendered":"<p>[vc_row css=&#8221;.vc_custom_1612497023058{padding-top: 30px !important;}&#8221;][vc_column css=&#8221;.vc_custom_1527765435779{margin-top: 0px !important;margin-bottom: 0px !important;}&#8221;][vc_custom_heading source=&#8221;post_title&#8221; font_container=&#8221;tag:h1|font_size:40px|text_align:center|color:%230c121f|line_height:50px&#8221; use_theme_fonts=&#8221;yes&#8221; css=&#8221;.vc_custom_1611445952474{margin-top: 0px !important;margin-bottom: 20px !important;}&#8221; el_class=&#8221;font-weight-bold&#8221;][\/vc_column][\/vc_row][vc_section full_width=&#8221;stretch_row&#8221; el_class=&#8221;overflow-visible&#8221; css=&#8221;.vc_custom_1612496729715{margin-top: 0px !important;margin-bottom: 0px !important;padding-top: 50px !important;padding-bottom: 50px !important;background-color: #ffffff !important;}&#8221;][vc_row full_width=&#8221;stretch_row&#8221; gap=&#8221;20&#8243; css=&#8221;.vc_custom_1612497290183{margin-top: 0px !important;margin-right: 0px !important;margin-bottom: 0px !important;padding-top: 0px !important;padding-bottom: 0px !important;}&#8221;][vc_column css_animation=&#8221;fadeInUp&#8221; width=&#8221;1\/3&#8243; css=&#8221;.vc_custom_1620217601914{border-top-width: 1px !important;border-right-width: 1px !important;border-bottom-width: 1px !important;border-left-width: 1px !important;padding-top: [&hellip;]<\/p>\n","protected":false},"author":1,"featured_media":0,"parent":0,"menu_order":0,"comment_status":"closed","ping_status":"closed","template":"","meta":[],"acf":[],"yoast_head":"<!-- This site is optimized with the Yoast SEO plugin v17.6 - https:\/\/yoast.com\/wordpress\/plugins\/seo\/ -->\n<title>DOCUMENTS - Tense Electronics<\/title>\n<meta name=\"description\" content=\"Click to access Tense&#039;s current price list, product firmware and drivers, and Tense product catalog.\" \/>\n<meta name=\"robots\" content=\"index, follow, max-snippet:-1, max-image-preview:large, max-video-preview:-1\" \/>\n<link rel=\"canonical\" href=\"https:\/\/tense.com.tr\/en\/documents\/\" \/>\n<meta property=\"og:locale\" content=\"en_US\" \/>\n<meta property=\"og:type\" content=\"article\" \/>\n<meta property=\"og:title\" content=\"DOCUMENTS - Tense Electronics\" \/>\n<meta property=\"og:description\" content=\"Click to access Tense&#039;s current price list, product firmware and drivers, and Tense product catalog.\" \/>\n<meta property=\"og:url\" content=\"https:\/\/tense.com.tr\/en\/documents\/\" \/>\n<meta property=\"og:site_name\" content=\"Tense Electronics\" \/>\n<meta property=\"article:modified_time\" content=\"2025-05-06T12:51:48+00:00\" \/>\n<meta name=\"twitter:card\" content=\"summary_large_image\" \/>\n<meta name=\"twitter:label1\" content=\"Est. reading time\" \/>\n\t<meta name=\"twitter:data1\" content=\"2 minutes\" \/>\n<!-- \/ Yoast SEO plugin. -->","yoast_head_json":{"title":"DOCUMENTS - Tense Electronics","description":"Click to access Tense's current price list, product firmware and drivers, and Tense product catalog.","robots":{"index":"index","follow":"follow","max-snippet":"max-snippet:-1","max-image-preview":"max-image-preview:large","max-video-preview":"max-video-preview:-1"},"canonical":"https:\/\/tense.com.tr\/en\/documents\/","og_locale":"en_US","og_type":"article","og_title":"DOCUMENTS - Tense Electronics","og_description":"Click to access Tense's current price list, product firmware and drivers, and Tense product catalog.","og_url":"https:\/\/tense.com.tr\/en\/documents\/","og_site_name":"Tense Electronics","article_modified_time":"2025-05-06T12:51:48+00:00","twitter_card":"summary_large_image","twitter_misc":{"Est. reading time":"2 minutes"},"schema":{"@context":"https:\/\/schema.org","@graph":[{"@type":"Organization","@id":"https:\/\/tense.com.tr\/en\/#organization","name":"Tense Electronics","url":"https:\/\/tense.com.tr\/en\/","sameAs":[],"logo":{"@type":"ImageObject","@id":"https:\/\/tense.com.tr\/en\/#logo","inLanguage":"en-US","url":"https:\/\/tense.com.tr\/wp-content\/uploads\/2021\/02\/tense-logo@2x.png","contentUrl":"https:\/\/tense.com.tr\/wp-content\/uploads\/2021\/02\/tense-logo@2x.png","width":2708,"height":833,"caption":"Tense Electronics"},"image":{"@id":"https:\/\/tense.com.tr\/en\/#logo"}},{"@type":"WebSite","@id":"https:\/\/tense.com.tr\/en\/#website","url":"https:\/\/tense.com.tr\/en\/","name":"Tense Electronics","description":"End\u00fcstriyel elektronik ve otomasyon cihazlar\u0131nda uzman kadroyla yerli \u00fcretim. Yurti\u00e7i ve yurtd\u0131\u015f\u0131 a\u011f\u0131yla sat\u0131\u015f \u00f6ncesi ve sonras\u0131 tam hizmet.","publisher":{"@id":"https:\/\/tense.com.tr\/en\/#organization"},"potentialAction":[{"@type":"SearchAction","target":{"@type":"EntryPoint","urlTemplate":"https:\/\/tense.com.tr\/en\/?s={search_term_string}"},"query-input":"required name=search_term_string"}],"inLanguage":"en-US"},{"@type":"WebPage","@id":"https:\/\/tense.com.tr\/en\/documents\/#webpage","url":"https:\/\/tense.com.tr\/en\/documents\/","name":"DOCUMENTS - Tense Electronics","isPartOf":{"@id":"https:\/\/tense.com.tr\/en\/#website"},"datePublished":"2021-02-09T03:53:16+00:00","dateModified":"2025-05-06T12:51:48+00:00","description":"Click to access Tense's current price list, product firmware and drivers, and Tense product catalog.","breadcrumb":{"@id":"https:\/\/tense.com.tr\/en\/documents\/#breadcrumb"},"inLanguage":"en-US","potentialAction":[{"@type":"ReadAction","target":["https:\/\/tense.com.tr\/en\/documents\/"]}]},{"@type":"BreadcrumbList","@id":"https:\/\/tense.com.tr\/en\/documents\/#breadcrumb","itemListElement":[{"@type":"ListItem","position":1,"name":"Home","item":"https:\/\/tense.com.tr\/en\/"},{"@type":"ListItem","position":2,"name":"DOCUMENTS"}]}]}},"_links":{"self":[{"href":"https:\/\/tense.com.tr\/en\/wp-json\/wp\/v2\/pages\/8259"}],"collection":[{"href":"https:\/\/tense.com.tr\/en\/wp-json\/wp\/v2\/pages"}],"about":[{"href":"https:\/\/tense.com.tr\/en\/wp-json\/wp\/v2\/types\/page"}],"author":[{"embeddable":true,"href":"https:\/\/tense.com.tr\/en\/wp-json\/wp\/v2\/users\/1"}],"replies":[{"embeddable":true,"href":"https:\/\/tense.com.tr\/en\/wp-json\/wp\/v2\/comments?post=8259"}],"version-history":[{"count":7,"href":"https:\/\/tense.com.tr\/en\/wp-json\/wp\/v2\/pages\/8259\/revisions"}],"predecessor-version":[{"id":15166,"href":"https:\/\/tense.com.tr\/en\/wp-json\/wp\/v2\/pages\/8259\/revisions\/15166"}],"wp:attachment":[{"href":"https:\/\/tense.com.tr\/en\/wp-json\/wp\/v2\/media?parent=8259"}],"curies":[{"name":"wp","href":"https:\/\/api.w.org\/{rel}","templated":true}]}}