{"id":12803,"date":"2021-06-28T13:19:14","date_gmt":"2021-06-28T10:19:14","guid":{"rendered":"https:\/\/tense.com.tr\/?page_id=12803"},"modified":"2021-07-03T17:35:45","modified_gmt":"2021-07-03T14:35:45","slug":"kuyu-depo-kontrol-sistemleri","status":"publish","type":"page","link":"https:\/\/tense.com.tr\/tr\/kuyu-depo-kontrol-sistemleri\/","title":{"rendered":"KUYU DEPO KONTROL S\u0130STEMLER\u0130"},"content":{"rendered":"<p>[vc_row][vc_column][vc_custom_heading source=&#8221;post_title&#8221; font_container=&#8221;tag:h1|font_size:40px|text_align:center|color:%230c121f|line_height:50px&#8221; use_theme_fonts=&#8221;yes&#8221; css=&#8221;.vc_custom_1624875572572{margin-top: 40px !important;margin-bottom: 20px !important;}&#8221; el_class=&#8221;font-weight-bold&#8221;][vc_column_text]Kuyu ve depo kontrol sistemleri, isminden a\u00e7\u0131kca anla\u015f\u0131ld\u0131\u011f\u0131 \u00fczere kuyular ve depolar aras\u0131ndaki kontrol\u00fc sa\u011flamak i\u00e7in kullan\u0131lan sistemlerdir. Burada s\u00f6z\u00fc ge\u00e7en depolar elbette su depolar\u0131d\u0131r.<\/p>\n<p>Modern g\u00fcn\u00fcm\u00fczde tar\u0131m ve sanayinin y\u00fcksek hacimde suya ihtiyac\u0131 bulunuyor. Bu su ihtiyac\u0131n\u0131 \u015fehir \u015febekelerinden kar\u015f\u0131lamaya \u00e7al\u0131\u015fmak; \u00e7o\u011funlukla ar\u0131t\u0131lm\u0131\u015f suya ihtiya\u00e7 duyulmad\u0131\u011f\u0131ndan, maliyet y\u00f6n\u00fcnden anlams\u0131zd\u0131r. \u0130htiyac\u0131 kar\u015f\u0131laman\u0131n en makul yolu do\u011fal kaynaklardan gelen suyu direkt olarak \u00e7ekip kullanmakt\u0131r. Bu y\u00f6ntemin ara\u00e7lar\u0131 da kuyular ve depolard\u0131r.<\/p>\n<p>Su do\u011fal kaynaklardan pompalar yoluyla \u00e7ekilir ve ihtiya\u00e7 halinde haz\u0131r bulunmas\u0131 i\u00e7in depolarda tutulur. Her sistem gibi bu s\u00fcre\u00e7 de kendi i\u00e7inde ihtiya\u00e7lar ve potansiyel sorunlar bar\u0131nd\u0131r\u0131r. Sistemin stabil ve verimli \u00e7al\u0131\u015fmas\u0131n\u0131 sa\u011flamak i\u00e7in ayr\u0131ca olu\u015facak sorunlar\u0131 tespit edip giderebilmek ad\u0131na s\u00fcrekli kontrole ihtiya\u00e7 vard\u0131r.[\/vc_column_text]\r<!-- radiantthemes-button -->\r<div class=\"radiantthemes-button hover-style-four  \"  data-button-direction=\"center\" data-button-fullwidth=\"false\" ><a style=\"\" class=\"radiantthemes-button-main\" href=\"https:\/\/tense.com.tr\/tr\/urun_kategorileri\/uzaktan-haberlesme-urunleri\/?urun_tipleri=kuyu-depo-sistemleri\"  title=\"\" target=\"_self\"><div class=\"placeholder\">Uzaktan Kuyu Kontrol Sistemleri \u00dcr\u00fcnlerimizi G\u00f6r\u00fcn<\/div><\/a><\/div>\r<!-- radiantthemes-button -->\r[vc_column_text css=&#8221;.vc_custom_1625322929598{margin-top: 35px !important;}&#8221;]<img loading=\"lazy\" src=\"https:\/\/tense.com.tr\/wp-content\/uploads\/2021\/06\/uzaktan-kuyu-depo-sistemleri-scaled-e1624879484778.jpg\" alt=\"\" width=\"1200\" height=\"450\" class=\"aligncenter size-full wp-image-12812\" srcset=\"https:\/\/tense.com.tr\/wp-content\/uploads\/2021\/06\/uzaktan-kuyu-depo-sistemleri-scaled-e1624879484778.jpg 1200w, https:\/\/tense.com.tr\/wp-content\/uploads\/2021\/06\/uzaktan-kuyu-depo-sistemleri-scaled-e1624879484778-300x113.jpg 300w, https:\/\/tense.com.tr\/wp-content\/uploads\/2021\/06\/uzaktan-kuyu-depo-sistemleri-scaled-e1624879484778-1024x384.jpg 1024w, https:\/\/tense.com.tr\/wp-content\/uploads\/2021\/06\/uzaktan-kuyu-depo-sistemleri-scaled-e1624879484778-768x288.jpg 768w\" sizes=\"(max-width: 1200px) 100vw, 1200px\" \/><\/p>\n<h2><strong>KUYU &amp; DEPO \u0130LET\u0130\u015e\u0130M\u0130<\/strong><\/h2>\n<p>Su ihtiyac\u0131n\u0131 sa\u011flamak i\u00e7in a\u00e7\u0131lan kuyular \u00e7o\u011funlukla depolardan farkl\u0131 yerlerdedir. Ayr\u0131ca bir depoya birden fazla kuyudan su tedarik edilebilir. Veya bir kuyudan bir\u00e7ok depoya su sa\u011flanabilir. Bu noktada da koordine edilmesi gereken bir a\u011f ortaya \u00e7\u0131kar. Bu a\u011f d\u00fczenli kontrol edilip gerekli aksiyonlar anl\u0131k al\u0131nmazsa depo ta\u015fmas\u0131, pompalar\u0131n susuz \u00e7al\u0131\u015fmas\u0131 gibi durumlara yol a\u00e7ar.<\/p>\n<p>Kuyular depoyla, s\u00fcre\u00e7 farkl\u0131 bir yerden y\u00f6netiliyor ise b\u00fct\u00fcn par\u00e7alar merkezle haberle\u015febilmelidir. Bu i\u015fi geleneksel y\u00f6ntemlerle, yani personeller aras\u0131nda telefon ile yapmay\u0131 deneyebilirsiniz. Fakat bu y\u00f6ntem aksiyon alma kabiliyetinizi zay\u0131flatacakt\u0131r. Gecikmelere neden olacakt\u0131r. Di\u011fer yanda sistemdeki b\u00fct\u00fcn noktalarda 7\/24 kalifiye personeller bulundurmay\u0131 gerektirir. Ayr\u0131ca insan kaynakl\u0131 hatalara da a\u00e7\u0131k hale gelirsiniz.<\/p>\n<h2><strong>UZAKTAN KUYU DEPO KONTROL &amp; POMPA \u0130ZLEME S\u0130STEMLER\u0130<\/strong><\/h2>\n<p>Uzaktan kuyu depo kontrol sistemlerine tam da bu noktada ihtiya\u00e7 duyulur. A\u011f\u0131n\u0131zdaki t\u00fcm noktalara uzaktan haberle\u015fme cihazlar\u0131n\u0131n kurulumunu sa\u011flayarak her noktada olan biteni bir merkezden anl\u0131k olarak takip edebilirsiniz. Bu verileri otomasyon sisteminizle entegre \u00e7al\u0131\u015f\u0131r hale getirip; deponun anl\u0131k seviyesine g\u00f6re kuyudaki pompalar\u0131n otomatik olarak durmas\u0131n\u0131 sa\u011flay\u0131p su ak\u0131\u015f\u0131n\u0131 kesebilir ya da su seviyesi d\u00fc\u015ft\u00fc\u011f\u00fcnde pompalar\u0131n yeniden \u00e7al\u0131\u015fmas\u0131n\u0131 yine otomatikman sa\u011flay\u0131p ak\u0131\u015f\u0131 tekrar ba\u015flatabilirsiniz.<\/p>\n<h3><strong>UZAKTAN KUYU KONTROL S\u0130STEM\u0130 KULLANMANIN AVANTAJLARI<\/strong><\/h3>\n<ul>\n<li>Su tedarik sisteminizin y\u00f6netimini kolayla\u015ft\u0131r\u0131r, daha d\u00fc\u015f\u00fck maliyetle y\u00f6netilebilmesini sa\u011flar.<\/li>\n<li>Sistemdeki sorunlar\u0131 ve tutars\u0131zl\u0131klar\u0131 \u00e7ok h\u0131zl\u0131 \u015fekilde tespit eder. B\u00f6ylelikle anl\u0131k tepki verebilmeyi sa\u011flar.<\/li>\n<li>Sistemin bo\u015fa \u00e7al\u0131\u015fmas\u0131n\u0131 engelleyerek verimlili\u011fi art\u0131r\u0131r.<\/li>\n<li>Verimli \u00e7al\u0131\u015fmay\u0131 sa\u011flad\u0131\u011f\u0131ndan ar\u0131zalar azal\u0131r.<\/li>\n<li>Do\u011fal su kaynaklar\u0131n\u0131n bo\u015fa kullan\u0131m\u0131n\u0131 engelleyerek \u00e7evreyi korumaya yard\u0131mc\u0131 olur.<\/li>\n<\/ul>\n<p>&nbsp;<\/p>\n<p><img loading=\"lazy\" src=\"https:\/\/tense.com.tr\/wp-content\/uploads\/2021\/06\/kuyu-depo-sistemleri-scaled-e1624879655642.jpg\" alt=\"\" width=\"1200\" height=\"450\" class=\"aligncenter wp-image-12815 size-full\" srcset=\"https:\/\/tense.com.tr\/wp-content\/uploads\/2021\/06\/kuyu-depo-sistemleri-scaled-e1624879655642.jpg 1200w, https:\/\/tense.com.tr\/wp-content\/uploads\/2021\/06\/kuyu-depo-sistemleri-scaled-e1624879655642-300x113.jpg 300w, https:\/\/tense.com.tr\/wp-content\/uploads\/2021\/06\/kuyu-depo-sistemleri-scaled-e1624879655642-1024x384.jpg 1024w, https:\/\/tense.com.tr\/wp-content\/uploads\/2021\/06\/kuyu-depo-sistemleri-scaled-e1624879655642-768x288.jpg 768w\" sizes=\"(max-width: 1200px) 100vw, 1200px\" \/><\/p>\n<h2><strong>KABLOSUZ KUYU DEPO KONTROL S\u0130STEMLER\u0130<\/strong><\/h2>\n<p>Kablosuz kuyu ve depo kontrol sistemleri, uzaktan haberle\u015fmede en \u00e7ok kullan\u0131lan ileti\u015fim y\u00f6ntemidir. Ba\u015fl\u0131ca nedenleri, kuyular ve depolar\u0131n genellikle birbirinden uzak mesafelerde bulunmas\u0131d\u0131r. Bu mesafeler aras\u0131nda kablo hatlar\u0131 olu\u015fturmak g\u00f6ze \u00e7ok zor g\u00f6r\u00fcnmese de bu hatlar\u0131n bak\u0131m\u0131 ciddi maliyetler ve zorluklar do\u011furur. Aksamalar\u0131, ar\u0131zalanmalar\u0131 ya da en k\u00f6t\u00fcs\u00fc fiziksel hasar g\u00f6rmeleri durumunda sistemi stabil hale getirmek zaman alacakt\u0131r.<\/p>\n<p>Kablosuz sistemlerde ise haberle\u015fme \u00e7ok daha stabildir. \u0130leti\u015fim cihazlar\u0131 ar\u0131zalansa bile h\u0131zl\u0131ca de\u011fi\u015ftirilip sistem stabilize edilebilir.<\/p>\n<p>Kablosuz kuyu depo sistemlerinin iki farkl\u0131 haberle\u015fme y\u00f6ntemi vard\u0131r.<\/p>\n<h3><strong>GSM TABANLI KUYU KONTROL S\u0130STEM\u0130<\/strong><\/h3>\n<p>GSM kuyu kontrol\u00fc GSM teknolojisi ile haberle\u015fen cihazlar sayesinde sa\u011flan\u0131r. Yani cep telefonlar\u0131 ile haberle\u015fti\u011fimiz gibi. Haberle\u015fme cihazlara tak\u0131lan SIM kartlar ile sa\u011flan\u0131r. Bu cihazlar gerekti\u011fi durumlarda birbirlerini aray\u0131p bulunduklar\u0131 noktadaki durumla ilgili haberleri iletirler.<\/p>\n<p>GSM \u015febekesinin oldu\u011fu her yerde kullan\u0131labilirler. Stabil ileti\u015fim kurabilirler ve mesafe s\u0131n\u0131r\u0131 olmadan haberle\u015febilirler. GSM operat\u00f6r hizmetinden kaynakl\u0131 maliyetler s\u00f6z konusudur.<\/p>\n<h3><strong>RF TABANLI KUYU KONTROL S\u0130STEM\u0130<\/strong><\/h3>\n<p>RF kuyu kontrol\u00fc birbirleriyle radyo frekanslar\u0131 arac\u0131l\u0131\u011f\u0131yla haberle\u015fen cihazlarla sa\u011flan\u0131r. Daha basit s\u00f6ylemek gerekirse; bir radyo istasyonundan yap\u0131lan yay\u0131n\u0131 evimizden dinledi\u011fimiz gibi.<\/p>\n<p>RF sistemlerin ileti\u015fimi tamamen \u00fccretsizdir. Telsiz gibi \u00e7al\u0131\u015farak birbirleriyle konu\u015furlar. Fakat mesafe s\u0131n\u0131rlar\u0131 vard\u0131r. \u00c7ok uzaklara sinyal g\u00f6nderemezler. Sinyal menzilleri uzad\u0131k\u00e7a fiyatlar\u0131 da artar. Di\u011fer yanda ileti\u015fim kaliteleri hava \u015fartlar\u0131ndan ve arazi ko\u015fullar\u0131ndan etkilenebilir.[\/vc_column_text][\/vc_column][\/vc_row]<\/p>\n","protected":false},"excerpt":{"rendered":"<p>[vc_row][vc_column][vc_custom_heading source=&#8221;post_title&#8221; font_container=&#8221;tag:h1|font_size:40px|text_align:center|color:%230c121f|line_height:50px&#8221; use_theme_fonts=&#8221;yes&#8221; css=&#8221;.vc_custom_1624875572572{margin-top: 40px !important;margin-bottom: 20px !important;}&#8221; el_class=&#8221;font-weight-bold&#8221;][vc_column_text]Kuyu ve depo kontrol sistemleri, isminden a\u00e7\u0131kca anla\u015f\u0131ld\u0131\u011f\u0131 \u00fczere kuyular ve depolar aras\u0131ndaki kontrol\u00fc sa\u011flamak i\u00e7in kullan\u0131lan sistemlerdir. Burada s\u00f6z\u00fc ge\u00e7en depolar elbette su depolar\u0131d\u0131r. Modern g\u00fcn\u00fcm\u00fczde tar\u0131m ve sanayinin y\u00fcksek hacimde suya ihtiyac\u0131 bulunuyor. Bu su ihtiyac\u0131n\u0131 \u015fehir \u015febekelerinden kar\u015f\u0131lamaya \u00e7al\u0131\u015fmak; \u00e7o\u011funlukla ar\u0131t\u0131lm\u0131\u015f suya ihtiya\u00e7 [&hellip;]<\/p>\n","protected":false},"author":1,"featured_media":0,"parent":0,"menu_order":0,"comment_status":"closed","ping_status":"closed","template":"","meta":[],"acf":[],"yoast_head":"<!-- This site is optimized with the Yoast SEO plugin v17.6 - https:\/\/yoast.com\/wordpress\/plugins\/seo\/ -->\n<title>KUYU DEPO KONTROL S\u0130STEMLER\u0130 - Tense Elektronik<\/title>\n<meta name=\"robots\" content=\"index, follow, max-snippet:-1, max-image-preview:large, max-video-preview:-1\" \/>\n<link rel=\"canonical\" href=\"https:\/\/tense.com.tr\/tr\/kuyu-depo-kontrol-sistemleri\/\" \/>\n<meta property=\"og:locale\" content=\"tr_TR\" \/>\n<meta property=\"og:type\" content=\"article\" \/>\n<meta property=\"og:title\" content=\"KUYU DEPO KONTROL S\u0130STEMLER\u0130 - Tense Elektronik\" \/>\n<meta property=\"og:description\" content=\"[vc_row][vc_column][vc_custom_heading source=&#8221;post_title&#8221; font_container=&#8221;tag:h1|font_size:40px|text_align:center|color:%230c121f|line_height:50px&#8221; use_theme_fonts=&#8221;yes&#8221; css=&#8221;.vc_custom_1624875572572{margin-top: 40px !important;margin-bottom: 20px !important;}&#8221; el_class=&#8221;font-weight-bold&#8221;][vc_column_text]Kuyu ve depo kontrol sistemleri, isminden a\u00e7\u0131kca anla\u015f\u0131ld\u0131\u011f\u0131 \u00fczere kuyular ve depolar aras\u0131ndaki kontrol\u00fc sa\u011flamak i\u00e7in kullan\u0131lan sistemlerdir. Burada s\u00f6z\u00fc ge\u00e7en depolar elbette su depolar\u0131d\u0131r. Modern g\u00fcn\u00fcm\u00fczde tar\u0131m ve sanayinin y\u00fcksek hacimde suya ihtiyac\u0131 bulunuyor. Bu su ihtiyac\u0131n\u0131 \u015fehir \u015febekelerinden kar\u015f\u0131lamaya \u00e7al\u0131\u015fmak; \u00e7o\u011funlukla ar\u0131t\u0131lm\u0131\u015f suya ihtiya\u00e7 [&hellip;]\" \/>\n<meta property=\"og:url\" content=\"https:\/\/tense.com.tr\/tr\/kuyu-depo-kontrol-sistemleri\/\" \/>\n<meta property=\"og:site_name\" content=\"Tense Elektronik\" \/>\n<meta property=\"article:modified_time\" content=\"2021-07-03T14:35:45+00:00\" \/>\n<meta property=\"og:image\" content=\"https:\/\/tense.com.tr\/wp-content\/uploads\/2021\/06\/uzaktan-kuyu-depo-sistemleri-scaled-e1624879484778.jpg\" \/>\n<meta name=\"twitter:card\" content=\"summary_large_image\" \/>\n<meta name=\"twitter:label1\" content=\"Tahmini okuma s\u00fcresi\" \/>\n\t<meta name=\"twitter:data1\" content=\"3 dakika\" \/>\n<!-- \/ Yoast SEO plugin. -->","yoast_head_json":{"title":"KUYU DEPO KONTROL S\u0130STEMLER\u0130 - Tense Elektronik","robots":{"index":"index","follow":"follow","max-snippet":"max-snippet:-1","max-image-preview":"max-image-preview:large","max-video-preview":"max-video-preview:-1"},"canonical":"https:\/\/tense.com.tr\/tr\/kuyu-depo-kontrol-sistemleri\/","og_locale":"tr_TR","og_type":"article","og_title":"KUYU DEPO KONTROL S\u0130STEMLER\u0130 - Tense Elektronik","og_description":"[vc_row][vc_column][vc_custom_heading source=&#8221;post_title&#8221; font_container=&#8221;tag:h1|font_size:40px|text_align:center|color:%230c121f|line_height:50px&#8221; use_theme_fonts=&#8221;yes&#8221; css=&#8221;.vc_custom_1624875572572{margin-top: 40px !important;margin-bottom: 20px !important;}&#8221; el_class=&#8221;font-weight-bold&#8221;][vc_column_text]Kuyu ve depo kontrol sistemleri, isminden a\u00e7\u0131kca anla\u015f\u0131ld\u0131\u011f\u0131 \u00fczere kuyular ve depolar aras\u0131ndaki kontrol\u00fc sa\u011flamak i\u00e7in kullan\u0131lan sistemlerdir. Burada s\u00f6z\u00fc ge\u00e7en depolar elbette su depolar\u0131d\u0131r. Modern g\u00fcn\u00fcm\u00fczde tar\u0131m ve sanayinin y\u00fcksek hacimde suya ihtiyac\u0131 bulunuyor. Bu su ihtiyac\u0131n\u0131 \u015fehir \u015febekelerinden kar\u015f\u0131lamaya \u00e7al\u0131\u015fmak; \u00e7o\u011funlukla ar\u0131t\u0131lm\u0131\u015f suya ihtiya\u00e7 [&hellip;]","og_url":"https:\/\/tense.com.tr\/tr\/kuyu-depo-kontrol-sistemleri\/","og_site_name":"Tense Elektronik","article_modified_time":"2021-07-03T14:35:45+00:00","og_image":[{"url":"https:\/\/tense.com.tr\/wp-content\/uploads\/2021\/06\/uzaktan-kuyu-depo-sistemleri-scaled-e1624879484778.jpg"}],"twitter_card":"summary_large_image","twitter_misc":{"Tahmini okuma s\u00fcresi":"3 dakika"},"schema":{"@context":"https:\/\/schema.org","@graph":[{"@type":"Organization","@id":"https:\/\/tense.com.tr\/en\/#organization","name":"Tense Elektronik","url":"https:\/\/tense.com.tr\/en\/","sameAs":[],"logo":{"@type":"ImageObject","@id":"https:\/\/tense.com.tr\/en\/#logo","inLanguage":"tr","url":"https:\/\/tense.com.tr\/wp-content\/uploads\/2021\/02\/tense-logo@2x.png","contentUrl":"https:\/\/tense.com.tr\/wp-content\/uploads\/2021\/02\/tense-logo@2x.png","width":2708,"height":833,"caption":"Tense Elektronik"},"image":{"@id":"https:\/\/tense.com.tr\/en\/#logo"}},{"@type":"WebSite","@id":"https:\/\/tense.com.tr\/en\/#website","url":"https:\/\/tense.com.tr\/en\/","name":"Tense Elektronik","description":"End\u00fcstriyel elektronik ve otomasyon cihazlar\u0131nda uzman kadroyla yerli \u00fcretim. Yurti\u00e7i ve yurtd\u0131\u015f\u0131 a\u011f\u0131yla sat\u0131\u015f \u00f6ncesi ve sonras\u0131 tam hizmet.","publisher":{"@id":"https:\/\/tense.com.tr\/en\/#organization"},"potentialAction":[{"@type":"SearchAction","target":{"@type":"EntryPoint","urlTemplate":"https:\/\/tense.com.tr\/en\/?s={search_term_string}"},"query-input":"required name=search_term_string"}],"inLanguage":"tr"},{"@type":"ImageObject","@id":"https:\/\/tense.com.tr\/tr\/kuyu-depo-kontrol-sistemleri\/#primaryimage","inLanguage":"tr","url":"https:\/\/tense.com.tr\/wp-content\/uploads\/2021\/06\/uzaktan-kuyu-depo-sistemleri-scaled-e1624879484778.jpg","contentUrl":"https:\/\/tense.com.tr\/wp-content\/uploads\/2021\/06\/uzaktan-kuyu-depo-sistemleri-scaled-e1624879484778.jpg","width":2560,"height":1709},{"@type":"WebPage","@id":"https:\/\/tense.com.tr\/tr\/kuyu-depo-kontrol-sistemleri\/#webpage","url":"https:\/\/tense.com.tr\/tr\/kuyu-depo-kontrol-sistemleri\/","name":"KUYU DEPO KONTROL S\u0130STEMLER\u0130 - Tense Elektronik","isPartOf":{"@id":"https:\/\/tense.com.tr\/en\/#website"},"primaryImageOfPage":{"@id":"https:\/\/tense.com.tr\/tr\/kuyu-depo-kontrol-sistemleri\/#primaryimage"},"datePublished":"2021-06-28T10:19:14+00:00","dateModified":"2021-07-03T14:35:45+00:00","breadcrumb":{"@id":"https:\/\/tense.com.tr\/tr\/kuyu-depo-kontrol-sistemleri\/#breadcrumb"},"inLanguage":"tr","potentialAction":[{"@type":"ReadAction","target":["https:\/\/tense.com.tr\/tr\/kuyu-depo-kontrol-sistemleri\/"]}]},{"@type":"BreadcrumbList","@id":"https:\/\/tense.com.tr\/tr\/kuyu-depo-kontrol-sistemleri\/#breadcrumb","itemListElement":[{"@type":"ListItem","position":1,"name":"Anasayfa","item":"https:\/\/tense.com.tr\/tr\/"},{"@type":"ListItem","position":2,"name":"KUYU DEPO KONTROL S\u0130STEMLER\u0130"}]}]}},"_links":{"self":[{"href":"https:\/\/tense.com.tr\/tr\/wp-json\/wp\/v2\/pages\/12803"}],"collection":[{"href":"https:\/\/tense.com.tr\/tr\/wp-json\/wp\/v2\/pages"}],"about":[{"href":"https:\/\/tense.com.tr\/tr\/wp-json\/wp\/v2\/types\/page"}],"author":[{"embeddable":true,"href":"https:\/\/tense.com.tr\/tr\/wp-json\/wp\/v2\/users\/1"}],"replies":[{"embeddable":true,"href":"https:\/\/tense.com.tr\/tr\/wp-json\/wp\/v2\/comments?post=12803"}],"version-history":[{"count":0,"href":"https:\/\/tense.com.tr\/tr\/wp-json\/wp\/v2\/pages\/12803\/revisions"}],"wp:attachment":[{"href":"https:\/\/tense.com.tr\/tr\/wp-json\/wp\/v2\/media?parent=12803"}],"curies":[{"name":"wp","href":"https:\/\/api.w.org\/{rel}","templated":true}]}}