{"id":12827,"date":"2021-07-01T17:01:31","date_gmt":"2021-07-01T14:01:31","guid":{"rendered":"https:\/\/tense.com.tr\/?page_id=12827"},"modified":"2021-07-01T17:51:15","modified_gmt":"2021-07-01T14:51:15","slug":"koruma-roleleri","status":"publish","type":"page","link":"https:\/\/tense.com.tr\/tr\/koruma-roleleri\/","title":{"rendered":"KORUMA R\u00d6LELER\u0130"},"content":{"rendered":"<p>[vc_row][vc_column][vc_custom_heading source=&#8221;post_title&#8221; font_container=&#8221;tag:h1|font_size:40px|text_align:center|color:%230c121f|line_height:50px&#8221; use_theme_fonts=&#8221;yes&#8221; css=&#8221;.vc_custom_1624875572572{margin-top: 40px !important;margin-bottom: 20px !important;}&#8221; el_class=&#8221;font-weight-bold&#8221;][vc_column_text]Koruma r\u00f6leleri elektrik sistemlerinde olduk\u00e7a \u00f6nemli role sahiptir. Genel halde tan\u0131mlamak gerekirse koruma g\u00f6revi \u00fcstlenen devre \u00f6\u011feleridir. Rollerini ve elektrik sistemleri i\u00e7in \u00f6nemini anlatmadan \u00f6nce koruma r\u00f6lesi nedir sorusunu cevaplayal\u0131m.<\/p>\n<h2>Koruma R\u00f6lesi Nedir?<\/h2>\n<p>Koruma r\u00f6leleri elektrik devresinde meydana gelecek olumsuz durumlarda devre i\u00e7indeki cihazlar\u0131 korur. Cihazlar\u0131n \u00e7al\u0131\u015fmalar\u0131na ayarland\u0131klar\u0131 aral\u0131klarda izin verir. Bu aral\u0131klar\u0131n d\u0131\u015f\u0131na \u00e7\u0131kma durumlar\u0131nda otomatik durdurma sa\u011flar. Aral\u0131\u011fa geri d\u00f6n\u00fcld\u00fc\u011f\u00fcnde ise cihazlar\u0131 devreye geri al\u0131r.<\/p>\n<p>Koruma r\u00f6lelerinin \u00e7e\u015fitli tipleri olsa da genel \u00e7al\u0131\u015fma prensipleri benzer ve kullan\u0131m ama\u00e7lar\u0131 ayn\u0131d\u0131r. Az \u00f6nce s\u00f6yledi\u011fimiz gibi cihazlar\u0131, motorlar\u0131 korumak ve b\u00f6ylelikle sistemlerin \u00e7al\u0131\u015fma verimini art\u0131rmak. Artan verimle birlikte maliyetlerin de d\u00fc\u015fmesini sa\u011flamak.<\/p>\n<h2><img loading=\"lazy\" src=\"https:\/\/tense.com.tr\/wp-content\/uploads\/2021\/07\/koruma-roleleri-scaled-e1625150646793.jpg\" alt=\"\" width=\"1000\" height=\"325\" class=\"aligncenter size-full wp-image-12833\" srcset=\"https:\/\/tense.com.tr\/wp-content\/uploads\/2021\/07\/koruma-roleleri-scaled-e1625150646793.jpg 1000w, https:\/\/tense.com.tr\/wp-content\/uploads\/2021\/07\/koruma-roleleri-scaled-e1625150646793-300x98.jpg 300w, https:\/\/tense.com.tr\/wp-content\/uploads\/2021\/07\/koruma-roleleri-scaled-e1625150646793-768x250.jpg 768w\" sizes=\"(max-width: 1000px) 100vw, 1000px\" \/><\/h2>\n<h2>Koruma R\u00f6le \u00c7e\u015fitleri<\/h2>\n<p>Koruma r\u00f6leleri fonksiyonlar\u0131na ve koruma sa\u011flad\u0131klar\u0131 cihazlara g\u00f6re s\u0131n\u0131fland\u0131r\u0131labilirler. En \u00e7ok kullan\u0131lan ba\u015fl\u0131ca koruma r\u00f6lesi \u00e7e\u015fitlerini a\u015fa\u011f\u0131da s\u0131ralad\u0131k. Ba\u015fl\u0131klar\u0131n \u00fczerlerine t\u0131klayarak detayl\u0131 bilgileri bulaca\u011f\u0131n\u0131z \u00fcr\u00fcn sayfalar\u0131m\u0131za ula\u015fabilirsiniz.<\/p>\n<h3>Fonksiyonlar\u0131na g\u00f6re koruma r\u00f6leleri<\/h3>\n<ul>\n<li>Ak\u0131m koruma r\u00f6lesi<\/li>\n<li><a href=\"https:\/\/tense.com.tr\/tr\/urun_kategorileri\/gerilim-kontrol-roleleri\/\">Gerilim koruma r\u00f6lesi<\/a><\/li>\n<li><a href=\"https:\/\/tense.com.tr\/tr\/urun_kategorileri\/faz-koruma-roleleri\/\">Faz koruma r\u00f6lesi<\/a><\/li>\n<\/ul>\n<h3>Koruduklar\u0131 cihaza g\u00f6re koruma r\u00f6leleri<\/h3>\n<ul>\n<li>Alternat\u00f6r koruma r\u00f6leleri<\/li>\n<li>Trafo koruma r\u00f6leleri<\/li>\n<li>\u015eebeke koruma r\u00f6leleri<\/li>\n<\/ul>\n<h2>Koruma R\u00f6lelerinde Dikkat Edilmesi Gerekenler<\/h2>\n<p>Koruma r\u00f6lesi se\u00e7erken ve sat\u0131n al\u0131rken kullan\u0131m amac\u0131n\u0131z, kullan\u0131laca\u011f\u0131 yerin ko\u015fullar\u0131, \u00e7al\u0131\u015fma aral\u0131klar\u0131, g\u00f6sterge ekranlar\u0131, uyar\u0131 \u0131\u015f\u0131klar\u0131, malzeme kalitesi ve fiyat de\u011fi\u015fken unsurlar olarak g\u00f6zer \u00e7arpar. Bunlar elbette d\u00fc\u015f\u00fcn\u00fclmesi gereken konular.<\/p>\n<p>Fakat bu unsurlar\u0131 de\u011ferlendirmeye ge\u00e7meden \u00f6nce kullanaca\u011f\u0131n\u0131z koruma r\u00f6lesinin \u015fu olmazsa olmaz ko\u015fullar\u0131 sa\u011flad\u0131\u011f\u0131ndan emin olman\u0131z gerekir.<\/p>\n<ul>\n<li>Hatay\u0131 alg\u0131lama h\u0131z\u0131 y\u00fcksek olmal\u0131d\u0131r<\/li>\n<li>Hatay\u0131 alg\u0131lad\u0131ktan sonra en h\u0131zl\u0131 \u015fekilde karar verebilmelidir<\/li>\n<li>Kontrol\u00fcyle g\u00f6revli oldu\u011fu hatalar d\u0131\u015f\u0131nda devreye asla girmemelidir<\/li>\n<li>Ayn\u0131 veya benzer hatalarda ayn\u0131 tepkileri verebilmelidir.<\/li>\n<li>A\u00e7ma\/kapama sa\u011flarken ark olu\u015fturmamal\u0131d\u0131r.<\/li>\n<\/ul>\n<p>[\/vc_column_text][\/vc_column][\/vc_row]<\/p>\n","protected":false},"excerpt":{"rendered":"<p>[vc_row][vc_column][vc_custom_heading source=&#8221;post_title&#8221; font_container=&#8221;tag:h1|font_size:40px|text_align:center|color:%230c121f|line_height:50px&#8221; use_theme_fonts=&#8221;yes&#8221; css=&#8221;.vc_custom_1624875572572{margin-top: 40px !important;margin-bottom: 20px !important;}&#8221; el_class=&#8221;font-weight-bold&#8221;][vc_column_text]Koruma r\u00f6leleri elektrik sistemlerinde olduk\u00e7a \u00f6nemli role sahiptir. Genel halde tan\u0131mlamak gerekirse koruma g\u00f6revi \u00fcstlenen devre \u00f6\u011feleridir. Rollerini ve elektrik sistemleri i\u00e7in \u00f6nemini anlatmadan \u00f6nce koruma r\u00f6lesi nedir sorusunu cevaplayal\u0131m. Koruma R\u00f6lesi Nedir? Koruma r\u00f6leleri elektrik devresinde meydana gelecek olumsuz durumlarda devre i\u00e7indeki cihazlar\u0131 korur. Cihazlar\u0131n [&hellip;]<\/p>\n","protected":false},"author":1,"featured_media":0,"parent":0,"menu_order":0,"comment_status":"closed","ping_status":"closed","template":"","meta":[],"acf":[],"yoast_head":"<!-- This site is optimized with the Yoast SEO plugin v17.6 - https:\/\/yoast.com\/wordpress\/plugins\/seo\/ -->\n<title>KORUMA R\u00d6LELER\u0130 - Tense Elektronik<\/title>\n<meta name=\"robots\" content=\"index, follow, max-snippet:-1, max-image-preview:large, max-video-preview:-1\" \/>\n<link rel=\"canonical\" href=\"https:\/\/tense.com.tr\/tr\/koruma-roleleri\/\" \/>\n<meta property=\"og:locale\" content=\"tr_TR\" \/>\n<meta property=\"og:type\" content=\"article\" \/>\n<meta property=\"og:title\" content=\"KORUMA R\u00d6LELER\u0130 - Tense Elektronik\" \/>\n<meta property=\"og:description\" content=\"[vc_row][vc_column][vc_custom_heading source=&#8221;post_title&#8221; font_container=&#8221;tag:h1|font_size:40px|text_align:center|color:%230c121f|line_height:50px&#8221; use_theme_fonts=&#8221;yes&#8221; css=&#8221;.vc_custom_1624875572572{margin-top: 40px !important;margin-bottom: 20px !important;}&#8221; el_class=&#8221;font-weight-bold&#8221;][vc_column_text]Koruma r\u00f6leleri elektrik sistemlerinde olduk\u00e7a \u00f6nemli role sahiptir. Genel halde tan\u0131mlamak gerekirse koruma g\u00f6revi \u00fcstlenen devre \u00f6\u011feleridir. Rollerini ve elektrik sistemleri i\u00e7in \u00f6nemini anlatmadan \u00f6nce koruma r\u00f6lesi nedir sorusunu cevaplayal\u0131m. Koruma R\u00f6lesi Nedir? Koruma r\u00f6leleri elektrik devresinde meydana gelecek olumsuz durumlarda devre i\u00e7indeki cihazlar\u0131 korur. Cihazlar\u0131n [&hellip;]\" \/>\n<meta property=\"og:url\" content=\"https:\/\/tense.com.tr\/tr\/koruma-roleleri\/\" \/>\n<meta property=\"og:site_name\" content=\"Tense Elektronik\" \/>\n<meta property=\"article:modified_time\" content=\"2021-07-01T14:51:15+00:00\" \/>\n<meta property=\"og:image\" content=\"https:\/\/tense.com.tr\/wp-content\/uploads\/2021\/07\/koruma-roleleri-scaled-e1625150646793.jpg\" \/>\n<meta name=\"twitter:card\" content=\"summary_large_image\" \/>\n<meta name=\"twitter:label1\" content=\"Tahmini okuma s\u00fcresi\" \/>\n\t<meta name=\"twitter:data1\" content=\"2 dakika\" \/>\n<!-- \/ Yoast SEO plugin. -->","yoast_head_json":{"title":"KORUMA R\u00d6LELER\u0130 - Tense Elektronik","robots":{"index":"index","follow":"follow","max-snippet":"max-snippet:-1","max-image-preview":"max-image-preview:large","max-video-preview":"max-video-preview:-1"},"canonical":"https:\/\/tense.com.tr\/tr\/koruma-roleleri\/","og_locale":"tr_TR","og_type":"article","og_title":"KORUMA R\u00d6LELER\u0130 - Tense Elektronik","og_description":"[vc_row][vc_column][vc_custom_heading source=&#8221;post_title&#8221; font_container=&#8221;tag:h1|font_size:40px|text_align:center|color:%230c121f|line_height:50px&#8221; use_theme_fonts=&#8221;yes&#8221; css=&#8221;.vc_custom_1624875572572{margin-top: 40px !important;margin-bottom: 20px !important;}&#8221; el_class=&#8221;font-weight-bold&#8221;][vc_column_text]Koruma r\u00f6leleri elektrik sistemlerinde olduk\u00e7a \u00f6nemli role sahiptir. Genel halde tan\u0131mlamak gerekirse koruma g\u00f6revi \u00fcstlenen devre \u00f6\u011feleridir. Rollerini ve elektrik sistemleri i\u00e7in \u00f6nemini anlatmadan \u00f6nce koruma r\u00f6lesi nedir sorusunu cevaplayal\u0131m. Koruma R\u00f6lesi Nedir? Koruma r\u00f6leleri elektrik devresinde meydana gelecek olumsuz durumlarda devre i\u00e7indeki cihazlar\u0131 korur. Cihazlar\u0131n [&hellip;]","og_url":"https:\/\/tense.com.tr\/tr\/koruma-roleleri\/","og_site_name":"Tense Elektronik","article_modified_time":"2021-07-01T14:51:15+00:00","og_image":[{"url":"https:\/\/tense.com.tr\/wp-content\/uploads\/2021\/07\/koruma-roleleri-scaled-e1625150646793.jpg"}],"twitter_card":"summary_large_image","twitter_misc":{"Tahmini okuma s\u00fcresi":"2 dakika"},"schema":{"@context":"https:\/\/schema.org","@graph":[{"@type":"Organization","@id":"https:\/\/tense.com.tr\/en\/#organization","name":"Tense Elektronik","url":"https:\/\/tense.com.tr\/en\/","sameAs":[],"logo":{"@type":"ImageObject","@id":"https:\/\/tense.com.tr\/en\/#logo","inLanguage":"tr","url":"https:\/\/tense.com.tr\/wp-content\/uploads\/2021\/02\/tense-logo@2x.png","contentUrl":"https:\/\/tense.com.tr\/wp-content\/uploads\/2021\/02\/tense-logo@2x.png","width":2708,"height":833,"caption":"Tense Elektronik"},"image":{"@id":"https:\/\/tense.com.tr\/en\/#logo"}},{"@type":"WebSite","@id":"https:\/\/tense.com.tr\/en\/#website","url":"https:\/\/tense.com.tr\/en\/","name":"Tense Elektronik","description":"End\u00fcstriyel elektronik ve otomasyon cihazlar\u0131nda uzman kadroyla yerli \u00fcretim. Yurti\u00e7i ve yurtd\u0131\u015f\u0131 a\u011f\u0131yla sat\u0131\u015f \u00f6ncesi ve sonras\u0131 tam hizmet.","publisher":{"@id":"https:\/\/tense.com.tr\/en\/#organization"},"potentialAction":[{"@type":"SearchAction","target":{"@type":"EntryPoint","urlTemplate":"https:\/\/tense.com.tr\/en\/?s={search_term_string}"},"query-input":"required name=search_term_string"}],"inLanguage":"tr"},{"@type":"ImageObject","@id":"https:\/\/tense.com.tr\/tr\/koruma-roleleri\/#primaryimage","inLanguage":"tr","url":"https:\/\/tense.com.tr\/wp-content\/uploads\/2021\/07\/koruma-roleleri-scaled-e1625150646793.jpg","contentUrl":"https:\/\/tense.com.tr\/wp-content\/uploads\/2021\/07\/koruma-roleleri-scaled-e1625150646793.jpg","width":1000,"height":325},{"@type":"WebPage","@id":"https:\/\/tense.com.tr\/tr\/koruma-roleleri\/#webpage","url":"https:\/\/tense.com.tr\/tr\/koruma-roleleri\/","name":"KORUMA R\u00d6LELER\u0130 - Tense Elektronik","isPartOf":{"@id":"https:\/\/tense.com.tr\/en\/#website"},"primaryImageOfPage":{"@id":"https:\/\/tense.com.tr\/tr\/koruma-roleleri\/#primaryimage"},"datePublished":"2021-07-01T14:01:31+00:00","dateModified":"2021-07-01T14:51:15+00:00","breadcrumb":{"@id":"https:\/\/tense.com.tr\/tr\/koruma-roleleri\/#breadcrumb"},"inLanguage":"tr","potentialAction":[{"@type":"ReadAction","target":["https:\/\/tense.com.tr\/tr\/koruma-roleleri\/"]}]},{"@type":"BreadcrumbList","@id":"https:\/\/tense.com.tr\/tr\/koruma-roleleri\/#breadcrumb","itemListElement":[{"@type":"ListItem","position":1,"name":"Anasayfa","item":"https:\/\/tense.com.tr\/tr\/"},{"@type":"ListItem","position":2,"name":"KORUMA R\u00d6LELER\u0130"}]}]}},"_links":{"self":[{"href":"https:\/\/tense.com.tr\/tr\/wp-json\/wp\/v2\/pages\/12827"}],"collection":[{"href":"https:\/\/tense.com.tr\/tr\/wp-json\/wp\/v2\/pages"}],"about":[{"href":"https:\/\/tense.com.tr\/tr\/wp-json\/wp\/v2\/types\/page"}],"author":[{"embeddable":true,"href":"https:\/\/tense.com.tr\/tr\/wp-json\/wp\/v2\/users\/1"}],"replies":[{"embeddable":true,"href":"https:\/\/tense.com.tr\/tr\/wp-json\/wp\/v2\/comments?post=12827"}],"version-history":[{"count":0,"href":"https:\/\/tense.com.tr\/tr\/wp-json\/wp\/v2\/pages\/12827\/revisions"}],"wp:attachment":[{"href":"https:\/\/tense.com.tr\/tr\/wp-json\/wp\/v2\/media?parent=12827"}],"curies":[{"name":"wp","href":"https:\/\/api.w.org\/{rel}","templated":true}]}}