{"id":12925,"date":"2021-07-12T18:50:09","date_gmt":"2021-07-12T15:50:09","guid":{"rendered":"https:\/\/tense.com.tr\/?page_id=12925"},"modified":"2021-10-25T13:30:11","modified_gmt":"2021-10-25T10:30:11","slug":"kontrol-roleleri","status":"publish","type":"page","link":"https:\/\/tense.com.tr\/tr\/kontrol-roleleri\/","title":{"rendered":"Kontrol R\u00f6leleri"},"content":{"rendered":"<p>[vc_row][vc_column][vc_custom_heading source=&#8221;post_title&#8221; font_container=&#8221;tag:h1|font_size:40px|text_align:center|color:%230c121f|line_height:50px&#8221; use_theme_fonts=&#8221;yes&#8221; css=&#8221;.vc_custom_1624875572572{margin-top: 40px !important;margin-bottom: 20px !important;}&#8221; el_class=&#8221;font-weight-bold&#8221;][vc_column_text]Kontrol r\u00f6leleri elektronik sistemlerin hayati par\u00e7alar\u0131d\u0131r. Genel halde tan\u0131mlamak gerekirse sisteme giren elektrik enerjisini takip eden \u00f6\u011felerdir. Detayl\u0131 anlat\u0131ma ge\u00e7meden \u00f6nce kontrol r\u00f6lesi nedir sorusunu ele alal\u0131m.<\/p>\n<h2>Kontrol R\u00f6lesi Nedir?<\/h2>\n<p>Kontrol r\u00f6leleri elektronik sisteme giren elektri\u011fin takibini yaparlar. Temel g\u00f6revleri ayarland\u0131klar\u0131 de\u011ferlerin \u00fcst\u00fcnde veya alt\u0131nda enerji geldi\u011finde devreye girerek o durumla ilgili tan\u0131mlanan g\u00f6revi yerine getirmek. Durdurma veya geri devreye alma gibi. B\u00f6ylelikle dahil olduklar\u0131 sistemleri ar\u0131zalardan korurlar. Verimi art\u0131r\u0131r, operasyon maliyetini d\u00fc\u015f\u00fcr\u00fcrler.<\/p>\n<p>Her sistemin kendine has \u00e7al\u0131\u015fma de\u011ferleri olmakla birlikte, sistemler i\u00e7indeki her cihaz da farkl\u0131 \u00e7al\u0131\u015fma de\u011fer aral\u0131klar\u0131na sahip olabilmekte. Bu nedenle bir\u00e7ok farkl\u0131 \u00e7e\u015fidi bulunur. Ama\u00e7lar\u0131 ve \u00e7al\u0131\u015fma mant\u0131klar\u0131 benzerdir.<\/p>\n<p><img loading=\"lazy\" src=\"https:\/\/tense.com.tr\/wp-content\/uploads\/2021\/07\/electric-consultant-checking-fuse-in-server-room-3GJW4N5-scaled-e1626106384384.jpg\" alt=\"\" width=\"1001\" height=\"326\" class=\"aligncenter wp-image-12932 size-full\" srcset=\"https:\/\/tense.com.tr\/wp-content\/uploads\/2021\/07\/electric-consultant-checking-fuse-in-server-room-3GJW4N5-scaled-e1626106384384.jpg 1001w, https:\/\/tense.com.tr\/wp-content\/uploads\/2021\/07\/electric-consultant-checking-fuse-in-server-room-3GJW4N5-scaled-e1626106384384-300x98.jpg 300w, https:\/\/tense.com.tr\/wp-content\/uploads\/2021\/07\/electric-consultant-checking-fuse-in-server-room-3GJW4N5-scaled-e1626106384384-768x250.jpg 768w\" sizes=\"(max-width: 1001px) 100vw, 1001px\" \/><\/p>\n<h2>Ba\u015fl\u0131ca kontrol r\u00f6lesi \u00e7e\u015fitleri<\/h2>\n<p>Her bir \u00e7e\u015fit hakk\u0131nda detayl\u0131 bilgiyi sitemizde ki kendi sayfalar\u0131nda bulabilirsiniz. \u0130lgili sayfalara ula\u015fmak i\u00e7in l\u00fctfen ba\u015fl\u0131klara t\u0131klay\u0131n.<\/p>\n<ul>\n<li><a href=\"https:\/\/tense.com.tr\/tr\/urun_kategorileri\/reaktif-guc-kontrol-roleleri\/\">Reaktif G\u00fc\u00e7 Kontrol R\u00f6lesi<\/a><\/li>\n<li><a href=\"https:\/\/tense.com.tr\/tr\/urun_kategorileri\/faz-koruma-roleleri\/\">Faz Kontrol r\u00f6lesi<\/a><\/li>\n<li><a href=\"https:\/\/tense.com.tr\/tr\/urun_kategorileri\/gerilim-kontrol-roleleri\/\">Gerilim Kontrol R\u00f6lesi<\/a><\/li>\n<li><a href=\"https:\/\/tense.com.tr\/tr\/urun_kategorileri\/dalgic-pompa-kontrol-roleleri\/\">Dalg\u0131\u00e7 pompa kontrol r\u00f6lesi<\/a><\/li>\n<li><a href=\"https:\/\/tense.com.tr\/tr\/urun_kategorileri\/sicaklik-kontrol-roleleri\/\">S\u0131cakl\u0131k Kontrol R\u00f6lesi<\/a><\/li>\n<li><a href=\"https:\/\/tense.com.tr\/tr\/urun_kategorileri\/sicaklik-kontrol-roleleri\/?urun_tipleri=sicaklik-ve-nem-kontrol-roleleri\">Nem Kontrol R\u00f6lesi<\/a><\/li>\n<\/ul>\n<h2>Kontrol r\u00f6lelerini se\u00e7erken dikkat edilmesi gerekenler<\/h2>\n<p>\u00c7ok \u00e7e\u015fitli kontrol r\u00f6lesi oldu\u011fu i\u00e7in elbette ilk konu ne i\u00e7in kullan\u0131laca\u011f\u0131 olacakt\u0131r. Ba\u011flanaca\u011f\u0131 cihazlarla uyumu, kontrol edece\u011fi \u00e7al\u0131\u015fma aral\u0131klar\u0131 en \u00f6nemli konular. Tabi kullan\u0131laca\u011f\u0131 alan\u0131n fiziki \u00f6zelliklerini de kesinlikle dikkate almal\u0131s\u0131n\u0131z.<\/p>\n<p>Sa\u011flad\u0131\u011f\u0131 anl\u0131k \u00f6l\u00e7\u00fcmleri yans\u0131tt\u0131klar\u0131 ekranlar\u0131n \u00f6zellikleri ve nas\u0131l uyar\u0131 verdiklerini de incelemeniz \u00f6nemli. E\u011fer s\u00fcrekli g\u00f6z ile takip etti\u011finiz bir sisteme sahipseniz mutlaka a\u00e7\u0131k ve rahat\u00e7a g\u00f6r\u00fcn\u00fcr ekrana sahip modeller kullanmal\u0131s\u0131n\u0131z. Herhangi bir sorun ya\u015fanmas\u0131 halinde ise kolayl\u0131kla fark edebilece\u011finiz \u015fekilde uyar\u0131 vermelidir.<\/p>\n<p>Ne tip bir model se\u00e7erseniz se\u00e7in olmazsa olmaz konu ise hatay\u0131 alg\u0131lama ve karar verme yetene\u011fidir. Bir kontrol r\u00f6lesi hatay\u0131 alg\u0131lama konusunda ne kadar h\u0131zl\u0131 ve hassassa o kadar etki potansiyeline sahiptir. \u00d6te yanda alg\u0131lad\u0131\u011f\u0131 hataya uygun do\u011fru karar\u0131 da anl\u0131k olarak verebilmeli ve aksiyonu en h\u0131zl\u0131 \u015fekilde almal\u0131.[\/vc_column_text][\/vc_column][\/vc_row]<\/p>\n","protected":false},"excerpt":{"rendered":"<p>[vc_row][vc_column][vc_custom_heading source=&#8221;post_title&#8221; font_container=&#8221;tag:h1|font_size:40px|text_align:center|color:%230c121f|line_height:50px&#8221; use_theme_fonts=&#8221;yes&#8221; css=&#8221;.vc_custom_1624875572572{margin-top: 40px !important;margin-bottom: 20px !important;}&#8221; el_class=&#8221;font-weight-bold&#8221;][vc_column_text]Kontrol r\u00f6leleri elektronik sistemlerin hayati par\u00e7alar\u0131d\u0131r. Genel halde tan\u0131mlamak gerekirse sisteme giren elektrik enerjisini takip eden \u00f6\u011felerdir. Detayl\u0131 anlat\u0131ma ge\u00e7meden \u00f6nce kontrol r\u00f6lesi nedir sorusunu ele alal\u0131m. Kontrol R\u00f6lesi Nedir? Kontrol r\u00f6leleri elektronik sisteme giren elektri\u011fin takibini yaparlar. Temel g\u00f6revleri ayarland\u0131klar\u0131 de\u011ferlerin \u00fcst\u00fcnde veya alt\u0131nda enerji [&hellip;]<\/p>\n","protected":false},"author":1,"featured_media":0,"parent":0,"menu_order":0,"comment_status":"closed","ping_status":"closed","template":"","meta":[],"acf":[],"yoast_head":"<!-- This site is optimized with the Yoast SEO plugin v17.6 - https:\/\/yoast.com\/wordpress\/plugins\/seo\/ -->\n<title>Kontrol R\u00f6leleri - Tense Elektronik<\/title>\n<meta name=\"robots\" content=\"index, follow, max-snippet:-1, max-image-preview:large, max-video-preview:-1\" \/>\n<link rel=\"canonical\" href=\"https:\/\/tense.com.tr\/tr\/kontrol-roleleri\/\" \/>\n<meta property=\"og:locale\" content=\"tr_TR\" \/>\n<meta property=\"og:type\" content=\"article\" \/>\n<meta property=\"og:title\" content=\"Kontrol R\u00f6leleri - Tense Elektronik\" \/>\n<meta property=\"og:description\" content=\"[vc_row][vc_column][vc_custom_heading source=&#8221;post_title&#8221; font_container=&#8221;tag:h1|font_size:40px|text_align:center|color:%230c121f|line_height:50px&#8221; use_theme_fonts=&#8221;yes&#8221; css=&#8221;.vc_custom_1624875572572{margin-top: 40px !important;margin-bottom: 20px !important;}&#8221; el_class=&#8221;font-weight-bold&#8221;][vc_column_text]Kontrol r\u00f6leleri elektronik sistemlerin hayati par\u00e7alar\u0131d\u0131r. Genel halde tan\u0131mlamak gerekirse sisteme giren elektrik enerjisini takip eden \u00f6\u011felerdir. Detayl\u0131 anlat\u0131ma ge\u00e7meden \u00f6nce kontrol r\u00f6lesi nedir sorusunu ele alal\u0131m. Kontrol R\u00f6lesi Nedir? Kontrol r\u00f6leleri elektronik sisteme giren elektri\u011fin takibini yaparlar. Temel g\u00f6revleri ayarland\u0131klar\u0131 de\u011ferlerin \u00fcst\u00fcnde veya alt\u0131nda enerji [&hellip;]\" \/>\n<meta property=\"og:url\" content=\"https:\/\/tense.com.tr\/tr\/kontrol-roleleri\/\" \/>\n<meta property=\"og:site_name\" content=\"Tense Elektronik\" \/>\n<meta property=\"article:modified_time\" content=\"2021-10-25T10:30:11+00:00\" \/>\n<meta property=\"og:image\" content=\"https:\/\/tense.com.tr\/wp-content\/uploads\/2021\/07\/electric-consultant-checking-fuse-in-server-room-3GJW4N5-scaled-e1626106384384.jpg\" \/>\n<meta name=\"twitter:card\" content=\"summary_large_image\" \/>\n<meta name=\"twitter:label1\" content=\"Tahmini okuma s\u00fcresi\" \/>\n\t<meta name=\"twitter:data1\" content=\"2 dakika\" \/>\n<!-- \/ Yoast SEO plugin. -->","yoast_head_json":{"title":"Kontrol R\u00f6leleri - Tense Elektronik","robots":{"index":"index","follow":"follow","max-snippet":"max-snippet:-1","max-image-preview":"max-image-preview:large","max-video-preview":"max-video-preview:-1"},"canonical":"https:\/\/tense.com.tr\/tr\/kontrol-roleleri\/","og_locale":"tr_TR","og_type":"article","og_title":"Kontrol R\u00f6leleri - Tense Elektronik","og_description":"[vc_row][vc_column][vc_custom_heading source=&#8221;post_title&#8221; font_container=&#8221;tag:h1|font_size:40px|text_align:center|color:%230c121f|line_height:50px&#8221; use_theme_fonts=&#8221;yes&#8221; css=&#8221;.vc_custom_1624875572572{margin-top: 40px !important;margin-bottom: 20px !important;}&#8221; el_class=&#8221;font-weight-bold&#8221;][vc_column_text]Kontrol r\u00f6leleri elektronik sistemlerin hayati par\u00e7alar\u0131d\u0131r. Genel halde tan\u0131mlamak gerekirse sisteme giren elektrik enerjisini takip eden \u00f6\u011felerdir. Detayl\u0131 anlat\u0131ma ge\u00e7meden \u00f6nce kontrol r\u00f6lesi nedir sorusunu ele alal\u0131m. Kontrol R\u00f6lesi Nedir? Kontrol r\u00f6leleri elektronik sisteme giren elektri\u011fin takibini yaparlar. Temel g\u00f6revleri ayarland\u0131klar\u0131 de\u011ferlerin \u00fcst\u00fcnde veya alt\u0131nda enerji [&hellip;]","og_url":"https:\/\/tense.com.tr\/tr\/kontrol-roleleri\/","og_site_name":"Tense Elektronik","article_modified_time":"2021-10-25T10:30:11+00:00","og_image":[{"url":"https:\/\/tense.com.tr\/wp-content\/uploads\/2021\/07\/electric-consultant-checking-fuse-in-server-room-3GJW4N5-scaled-e1626106384384.jpg"}],"twitter_card":"summary_large_image","twitter_misc":{"Tahmini okuma s\u00fcresi":"2 dakika"},"schema":{"@context":"https:\/\/schema.org","@graph":[{"@type":"Organization","@id":"https:\/\/tense.com.tr\/en\/#organization","name":"Tense Elektronik","url":"https:\/\/tense.com.tr\/en\/","sameAs":[],"logo":{"@type":"ImageObject","@id":"https:\/\/tense.com.tr\/en\/#logo","inLanguage":"tr","url":"https:\/\/tense.com.tr\/wp-content\/uploads\/2021\/02\/tense-logo@2x.png","contentUrl":"https:\/\/tense.com.tr\/wp-content\/uploads\/2021\/02\/tense-logo@2x.png","width":2708,"height":833,"caption":"Tense Elektronik"},"image":{"@id":"https:\/\/tense.com.tr\/en\/#logo"}},{"@type":"WebSite","@id":"https:\/\/tense.com.tr\/en\/#website","url":"https:\/\/tense.com.tr\/en\/","name":"Tense Elektronik","description":"End\u00fcstriyel elektronik ve otomasyon cihazlar\u0131nda uzman kadroyla yerli \u00fcretim. Yurti\u00e7i ve yurtd\u0131\u015f\u0131 a\u011f\u0131yla sat\u0131\u015f \u00f6ncesi ve sonras\u0131 tam hizmet.","publisher":{"@id":"https:\/\/tense.com.tr\/en\/#organization"},"potentialAction":[{"@type":"SearchAction","target":{"@type":"EntryPoint","urlTemplate":"https:\/\/tense.com.tr\/en\/?s={search_term_string}"},"query-input":"required name=search_term_string"}],"inLanguage":"tr"},{"@type":"ImageObject","@id":"https:\/\/tense.com.tr\/tr\/kontrol-roleleri\/#primaryimage","inLanguage":"tr","url":"https:\/\/tense.com.tr\/wp-content\/uploads\/2021\/07\/electric-consultant-checking-fuse-in-server-room-3GJW4N5-scaled-e1626106384384.jpg","contentUrl":"https:\/\/tense.com.tr\/wp-content\/uploads\/2021\/07\/electric-consultant-checking-fuse-in-server-room-3GJW4N5-scaled-e1626106384384.jpg","width":1001,"height":326,"caption":"Cropped hand of male electric consultant checking fuse in server room at datacenter"},{"@type":"WebPage","@id":"https:\/\/tense.com.tr\/tr\/kontrol-roleleri\/#webpage","url":"https:\/\/tense.com.tr\/tr\/kontrol-roleleri\/","name":"Kontrol R\u00f6leleri - Tense Elektronik","isPartOf":{"@id":"https:\/\/tense.com.tr\/en\/#website"},"primaryImageOfPage":{"@id":"https:\/\/tense.com.tr\/tr\/kontrol-roleleri\/#primaryimage"},"datePublished":"2021-07-12T15:50:09+00:00","dateModified":"2021-10-25T10:30:11+00:00","breadcrumb":{"@id":"https:\/\/tense.com.tr\/tr\/kontrol-roleleri\/#breadcrumb"},"inLanguage":"tr","potentialAction":[{"@type":"ReadAction","target":["https:\/\/tense.com.tr\/tr\/kontrol-roleleri\/"]}]},{"@type":"BreadcrumbList","@id":"https:\/\/tense.com.tr\/tr\/kontrol-roleleri\/#breadcrumb","itemListElement":[{"@type":"ListItem","position":1,"name":"Anasayfa","item":"https:\/\/tense.com.tr\/tr\/"},{"@type":"ListItem","position":2,"name":"Kontrol R\u00f6leleri"}]}]}},"_links":{"self":[{"href":"https:\/\/tense.com.tr\/tr\/wp-json\/wp\/v2\/pages\/12925"}],"collection":[{"href":"https:\/\/tense.com.tr\/tr\/wp-json\/wp\/v2\/pages"}],"about":[{"href":"https:\/\/tense.com.tr\/tr\/wp-json\/wp\/v2\/types\/page"}],"author":[{"embeddable":true,"href":"https:\/\/tense.com.tr\/tr\/wp-json\/wp\/v2\/users\/1"}],"replies":[{"embeddable":true,"href":"https:\/\/tense.com.tr\/tr\/wp-json\/wp\/v2\/comments?post=12925"}],"version-history":[{"count":0,"href":"https:\/\/tense.com.tr\/tr\/wp-json\/wp\/v2\/pages\/12925\/revisions"}],"wp:attachment":[{"href":"https:\/\/tense.com.tr\/tr\/wp-json\/wp\/v2\/media?parent=12925"}],"curies":[{"name":"wp","href":"https:\/\/api.w.org\/{rel}","templated":true}]}}