{"id":13665,"date":"2022-04-11T14:48:06","date_gmt":"2022-04-11T11:48:06","guid":{"rendered":"https:\/\/tense.com.tr\/?page_id=13665"},"modified":"2022-04-11T14:48:06","modified_gmt":"2022-04-11T11:48:06","slug":"tesekkurler","status":"publish","type":"page","link":"https:\/\/tense.com.tr\/tr\/tesekkurler\/","title":{"rendered":"Te\u015fekk\u00fcrler"},"content":{"rendered":"<p>Formunuz bize ula\u015ft\u0131. Size en k\u0131sa zamanda d\u00f6n\u00fc\u015f yapaca\u011f\u0131z.<\/p>\n","protected":false},"excerpt":{"rendered":"<p>Formunuz bize ula\u015ft\u0131. Size en k\u0131sa zamanda d\u00f6n\u00fc\u015f yapaca\u011f\u0131z.<\/p>\n","protected":false},"author":2,"featured_media":0,"parent":0,"menu_order":0,"comment_status":"closed","ping_status":"closed","template":"","meta":[],"acf":[],"yoast_head":"<!-- This site is optimized with the Yoast SEO plugin v17.6 - https:\/\/yoast.com\/wordpress\/plugins\/seo\/ -->\n<title>Te\u015fekk\u00fcrler - Tense Elektronik<\/title>\n<meta name=\"robots\" content=\"index, follow, max-snippet:-1, max-image-preview:large, max-video-preview:-1\" \/>\n<link rel=\"canonical\" href=\"https:\/\/tense.com.tr\/tr\/tesekkurler\/\" \/>\n<meta property=\"og:locale\" content=\"tr_TR\" \/>\n<meta property=\"og:type\" content=\"article\" \/>\n<meta property=\"og:title\" content=\"Te\u015fekk\u00fcrler - Tense Elektronik\" \/>\n<meta property=\"og:description\" content=\"Formunuz bize ula\u015ft\u0131. Size en k\u0131sa zamanda d\u00f6n\u00fc\u015f yapaca\u011f\u0131z.\" \/>\n<meta property=\"og:url\" content=\"https:\/\/tense.com.tr\/tr\/tesekkurler\/\" \/>\n<meta property=\"og:site_name\" content=\"Tense Elektronik\" \/>\n<meta name=\"twitter:card\" content=\"summary_large_image\" \/>\n<meta name=\"twitter:label1\" content=\"Tahmini okuma s\u00fcresi\" \/>\n\t<meta name=\"twitter:data1\" content=\"1 dakika\" \/>\n<!-- \/ Yoast SEO plugin. -->","yoast_head_json":{"title":"Te\u015fekk\u00fcrler - Tense Elektronik","robots":{"index":"index","follow":"follow","max-snippet":"max-snippet:-1","max-image-preview":"max-image-preview:large","max-video-preview":"max-video-preview:-1"},"canonical":"https:\/\/tense.com.tr\/tr\/tesekkurler\/","og_locale":"tr_TR","og_type":"article","og_title":"Te\u015fekk\u00fcrler - Tense Elektronik","og_description":"Formunuz bize ula\u015ft\u0131. Size en k\u0131sa zamanda d\u00f6n\u00fc\u015f yapaca\u011f\u0131z.","og_url":"https:\/\/tense.com.tr\/tr\/tesekkurler\/","og_site_name":"Tense Elektronik","twitter_card":"summary_large_image","twitter_misc":{"Tahmini okuma s\u00fcresi":"1 dakika"},"schema":{"@context":"https:\/\/schema.org","@graph":[{"@type":"Organization","@id":"https:\/\/tense.com.tr\/en\/#organization","name":"Tense Elektronik","url":"https:\/\/tense.com.tr\/en\/","sameAs":[],"logo":{"@type":"ImageObject","@id":"https:\/\/tense.com.tr\/en\/#logo","inLanguage":"tr","url":"https:\/\/tense.com.tr\/wp-content\/uploads\/2021\/02\/tense-logo@2x.png","contentUrl":"https:\/\/tense.com.tr\/wp-content\/uploads\/2021\/02\/tense-logo@2x.png","width":2708,"height":833,"caption":"Tense Elektronik"},"image":{"@id":"https:\/\/tense.com.tr\/en\/#logo"}},{"@type":"WebSite","@id":"https:\/\/tense.com.tr\/en\/#website","url":"https:\/\/tense.com.tr\/en\/","name":"Tense Elektronik","description":"End\u00fcstriyel elektronik ve otomasyon cihazlar\u0131nda uzman kadroyla yerli \u00fcretim. Yurti\u00e7i ve yurtd\u0131\u015f\u0131 a\u011f\u0131yla sat\u0131\u015f \u00f6ncesi ve sonras\u0131 tam hizmet.","publisher":{"@id":"https:\/\/tense.com.tr\/en\/#organization"},"potentialAction":[{"@type":"SearchAction","target":{"@type":"EntryPoint","urlTemplate":"https:\/\/tense.com.tr\/en\/?s={search_term_string}"},"query-input":"required name=search_term_string"}],"inLanguage":"tr"},{"@type":"WebPage","@id":"https:\/\/tense.com.tr\/tr\/tesekkurler\/#webpage","url":"https:\/\/tense.com.tr\/tr\/tesekkurler\/","name":"Te\u015fekk\u00fcrler - Tense Elektronik","isPartOf":{"@id":"https:\/\/tense.com.tr\/en\/#website"},"datePublished":"2022-04-11T11:48:06+00:00","dateModified":"2022-04-11T11:48:06+00:00","breadcrumb":{"@id":"https:\/\/tense.com.tr\/tr\/tesekkurler\/#breadcrumb"},"inLanguage":"tr","potentialAction":[{"@type":"ReadAction","target":["https:\/\/tense.com.tr\/tr\/tesekkurler\/"]}]},{"@type":"BreadcrumbList","@id":"https:\/\/tense.com.tr\/tr\/tesekkurler\/#breadcrumb","itemListElement":[{"@type":"ListItem","position":1,"name":"Anasayfa","item":"https:\/\/tense.com.tr\/tr\/"},{"@type":"ListItem","position":2,"name":"Te\u015fekk\u00fcrler"}]}]}},"_links":{"self":[{"href":"https:\/\/tense.com.tr\/tr\/wp-json\/wp\/v2\/pages\/13665"}],"collection":[{"href":"https:\/\/tense.com.tr\/tr\/wp-json\/wp\/v2\/pages"}],"about":[{"href":"https:\/\/tense.com.tr\/tr\/wp-json\/wp\/v2\/types\/page"}],"author":[{"embeddable":true,"href":"https:\/\/tense.com.tr\/tr\/wp-json\/wp\/v2\/users\/2"}],"replies":[{"embeddable":true,"href":"https:\/\/tense.com.tr\/tr\/wp-json\/wp\/v2\/comments?post=13665"}],"version-history":[{"count":1,"href":"https:\/\/tense.com.tr\/tr\/wp-json\/wp\/v2\/pages\/13665\/revisions"}],"predecessor-version":[{"id":13666,"href":"https:\/\/tense.com.tr\/tr\/wp-json\/wp\/v2\/pages\/13665\/revisions\/13666"}],"wp:attachment":[{"href":"https:\/\/tense.com.tr\/tr\/wp-json\/wp\/v2\/media?parent=13665"}],"curies":[{"name":"wp","href":"https:\/\/api.w.org\/{rel}","templated":true}]}}