{"id":14960,"date":"2024-09-03T11:06:20","date_gmt":"2024-09-03T08:06:20","guid":{"rendered":"https:\/\/tense.com.tr\/?page_id=14960"},"modified":"2026-02-26T14:16:52","modified_gmt":"2026-02-26T11:16:52","slug":"fiyat-listesi","status":"publish","type":"page","link":"https:\/\/tense.com.tr\/tr\/fiyat-listesi\/","title":{"rendered":"F\u0130YAT L\u0130STES\u0130"},"content":{"rendered":"<p>[vc_row css=&#8221;.vc_custom_1725349322032{padding-top: 30px !important;}&#8221;][vc_column][vc_custom_heading source=&#8221;post_title&#8221; font_container=&#8221;tag:h1|font_size:40px|text_align:center|color:%230c121f|line_height:50px&#8221; use_theme_fonts=&#8221;yes&#8221; el_class=&#8221;font-weight-bold&#8221; css=&#8221;.vc_custom_1725350207272{margin-top: 0px !important;margin-bottom: 20px !important;}&#8221;][vc_column_text]<\/p>\n<p style=\"text-align: center;\">Tense Elektronik \u015eubat 2026 fiyat listesini a\u015fa\u011f\u0131daki ba\u011flant\u0131lara t\u0131klayarak g\u00f6r\u00fcnt\u00fcleyebilirsiniz.<\/p>\n<p>[\/vc_column_text][\/vc_column][\/vc_row][vc_row full_width=&#8221;stretch_row&#8221; gap=&#8221;20&#8243; css=&#8221;.vc_custom_1725350602958{margin-top: 0px !important;margin-right: 0px !important;margin-bottom: 0px !important;padding-top: 0px !important;padding-bottom: 0px !important;}&#8221;][vc_column css_animation=&#8221;fadeInUp&#8221; width=&#8221;1\/2&#8243; css=&#8221;.vc_custom_1772104526602{margin-top: 0px !important;margin-bottom: 0px !important;border-top-width: 1px !important;border-right-width: 1px !important;border-bottom-width: 1px !important;border-left-width: 1px !important;padding-top: 30px !important;padding-right: 30px !important;padding-bottom: 30px !important;padding-left: 30px !important;background-color: #ffffff !important;border-left-color: #f4f7fd !important;border-left-style: solid !important;border-right-color: #f4f7fd !important;border-right-style: solid !important;border-top-color: #f4f7fd !important;border-top-style: solid !important;border-bottom-color: #f4f7fd !important;border-bottom-style: solid !important;}&#8221;][vc_icon icon_fontawesome=&#8221;fas fa-file-pdf&#8221; color=&#8221;custom&#8221; size=&#8221;xl&#8221; align=&#8221;center&#8221; custom_color=&#8221;#3468d6&#8243;][vc_custom_heading text=&#8221;Fiyat Listesi &#8211; PDF&#8221; font_container=&#8221;tag:h5|font_size:20px|text_align:center|color:%23222222|line_height:38px&#8221; use_theme_fonts=&#8221;yes&#8221; link=&#8221;url:https%3A%2F%2Ftense.com.tr%2Fwp-content%2Fuploads%2F2026%2F02%2Ftense-elektronik-subat-fiyat-listesi.pdf|target:_blank&#8221; el_class=&#8221;font-weight-light&#8221;][\/vc_column][vc_column css_animation=&#8221;fadeInUp&#8221; width=&#8221;1\/2&#8243; css=&#8221;.vc_custom_1772104533868{margin-top: 0px !important;margin-bottom: 0px !important;border-top-width: 1px !important;border-right-width: 1px !important;border-bottom-width: 1px !important;border-left-width: 1px !important;padding-top: 30px !important;padding-right: 30px !important;padding-bottom: 30px !important;padding-left: 30px !important;background-color: #ffffff !important;border-left-color: #f4f7fd !important;border-left-style: solid !important;border-right-color: #f4f7fd !important;border-right-style: solid !important;border-top-color: #f4f7fd !important;border-top-style: solid !important;border-bottom-color: #f4f7fd !important;border-bottom-style: solid !important;}&#8221;][vc_icon icon_fontawesome=&#8221;fas fa-file-excel&#8221; color=&#8221;custom&#8221; size=&#8221;xl&#8221; align=&#8221;center&#8221; custom_color=&#8221;#3468d6&#8243;][vc_custom_heading text=&#8221;Fiyat Listesi &#8211; EXCEL&#8221; font_container=&#8221;tag:h5|font_size:20px|text_align:center|color:%23222222|line_height:38px&#8221; use_theme_fonts=&#8221;yes&#8221; link=&#8221;url:https%3A%2F%2Ftense.com.tr%2Fwp-content%2Fuploads%2F2026%2F02%2Ftense-elektronik-subat-fiyat-listesi.xlsx|target:_blank&#8221; el_class=&#8221;font-weight-light&#8221;][\/vc_column][\/vc_row]<\/p>\n","protected":false},"excerpt":{"rendered":"<p>[vc_row css=&#8221;.vc_custom_1725349322032{padding-top: 30px !important;}&#8221;][vc_column][vc_custom_heading source=&#8221;post_title&#8221; font_container=&#8221;tag:h1|font_size:40px|text_align:center|color:%230c121f|line_height:50px&#8221; use_theme_fonts=&#8221;yes&#8221; el_class=&#8221;font-weight-bold&#8221; css=&#8221;.vc_custom_1725350207272{margin-top: 0px !important;margin-bottom: 20px !important;}&#8221;][vc_column_text] Tense Elektronik \u015eubat 2026 fiyat listesini a\u015fa\u011f\u0131daki ba\u011flant\u0131lara t\u0131klayarak g\u00f6r\u00fcnt\u00fcleyebilirsiniz. [\/vc_column_text][\/vc_column][\/vc_row][vc_row full_width=&#8221;stretch_row&#8221; gap=&#8221;20&#8243; css=&#8221;.vc_custom_1725350602958{margin-top: 0px !important;margin-right: 0px !important;margin-bottom: 0px !important;padding-top: 0px !important;padding-bottom: 0px !important;}&#8221;][vc_column css_animation=&#8221;fadeInUp&#8221; width=&#8221;1\/2&#8243; css=&#8221;.vc_custom_1772104526602{margin-top: 0px !important;margin-bottom: 0px !important;border-top-width: 1px !important;border-right-width: 1px !important;border-bottom-width: 1px !important;border-left-width: 1px !important;padding-top: 30px !important;padding-right: 30px [&hellip;]<\/p>\n","protected":false},"author":2,"featured_media":0,"parent":0,"menu_order":0,"comment_status":"closed","ping_status":"closed","template":"","meta":[],"acf":[],"yoast_head":"<!-- This site is optimized with the Yoast SEO plugin v17.6 - https:\/\/yoast.com\/wordpress\/plugins\/seo\/ -->\n<title>Tense Elektronik Fiyat Listesi 2026 - Tense Elektronik<\/title>\n<meta name=\"description\" content=\"Tense Elektronik g\u00fcncel 2026 fiyat listesine bu sayfadan ula\u015fabilirsiniz. Fiyat listesini g\u00f6r\u00fcnt\u00fclemek veya indirmek i\u00e7in t\u0131klay\u0131n!\" \/>\n<meta name=\"robots\" content=\"index, follow, max-snippet:-1, max-image-preview:large, max-video-preview:-1\" \/>\n<link rel=\"canonical\" href=\"https:\/\/tense.com.tr\/tr\/fiyat-listesi\/\" \/>\n<meta property=\"og:locale\" content=\"tr_TR\" \/>\n<meta property=\"og:type\" content=\"article\" \/>\n<meta property=\"og:title\" content=\"Tense Elektronik Fiyat Listesi 2026 - Tense Elektronik\" \/>\n<meta property=\"og:description\" content=\"Tense Elektronik g\u00fcncel 2026 fiyat listesine bu sayfadan ula\u015fabilirsiniz. Fiyat listesini g\u00f6r\u00fcnt\u00fclemek veya indirmek i\u00e7in t\u0131klay\u0131n!\" \/>\n<meta property=\"og:url\" content=\"https:\/\/tense.com.tr\/tr\/fiyat-listesi\/\" \/>\n<meta property=\"og:site_name\" content=\"Tense Elektronik\" \/>\n<meta property=\"article:modified_time\" content=\"2026-02-26T11:16:52+00:00\" \/>\n<meta name=\"twitter:card\" content=\"summary_large_image\" \/>\n<meta name=\"twitter:label1\" content=\"Tahmini okuma s\u00fcresi\" \/>\n\t<meta name=\"twitter:data1\" content=\"1 dakika\" \/>\n<!-- \/ Yoast SEO plugin. -->","yoast_head_json":{"title":"Tense Elektronik Fiyat Listesi 2026 - Tense Elektronik","description":"Tense Elektronik g\u00fcncel 2026 fiyat listesine bu sayfadan ula\u015fabilirsiniz. Fiyat listesini g\u00f6r\u00fcnt\u00fclemek veya indirmek i\u00e7in t\u0131klay\u0131n!","robots":{"index":"index","follow":"follow","max-snippet":"max-snippet:-1","max-image-preview":"max-image-preview:large","max-video-preview":"max-video-preview:-1"},"canonical":"https:\/\/tense.com.tr\/tr\/fiyat-listesi\/","og_locale":"tr_TR","og_type":"article","og_title":"Tense Elektronik Fiyat Listesi 2026 - Tense Elektronik","og_description":"Tense Elektronik g\u00fcncel 2026 fiyat listesine bu sayfadan ula\u015fabilirsiniz. Fiyat listesini g\u00f6r\u00fcnt\u00fclemek veya indirmek i\u00e7in t\u0131klay\u0131n!","og_url":"https:\/\/tense.com.tr\/tr\/fiyat-listesi\/","og_site_name":"Tense Elektronik","article_modified_time":"2026-02-26T11:16:52+00:00","twitter_card":"summary_large_image","twitter_misc":{"Tahmini okuma s\u00fcresi":"1 dakika"},"schema":{"@context":"https:\/\/schema.org","@graph":[{"@type":"Organization","@id":"https:\/\/tense.com.tr\/en\/#organization","name":"Tense Elektronik","url":"https:\/\/tense.com.tr\/en\/","sameAs":[],"logo":{"@type":"ImageObject","@id":"https:\/\/tense.com.tr\/en\/#logo","inLanguage":"tr","url":"https:\/\/tense.com.tr\/wp-content\/uploads\/2021\/02\/tense-logo@2x.png","contentUrl":"https:\/\/tense.com.tr\/wp-content\/uploads\/2021\/02\/tense-logo@2x.png","width":2708,"height":833,"caption":"Tense Elektronik"},"image":{"@id":"https:\/\/tense.com.tr\/en\/#logo"}},{"@type":"WebSite","@id":"https:\/\/tense.com.tr\/en\/#website","url":"https:\/\/tense.com.tr\/en\/","name":"Tense Elektronik","description":"End\u00fcstriyel elektronik ve otomasyon cihazlar\u0131nda uzman kadroyla yerli \u00fcretim. Yurti\u00e7i ve yurtd\u0131\u015f\u0131 a\u011f\u0131yla sat\u0131\u015f \u00f6ncesi ve sonras\u0131 tam hizmet.","publisher":{"@id":"https:\/\/tense.com.tr\/en\/#organization"},"potentialAction":[{"@type":"SearchAction","target":{"@type":"EntryPoint","urlTemplate":"https:\/\/tense.com.tr\/en\/?s={search_term_string}"},"query-input":"required name=search_term_string"}],"inLanguage":"tr"},{"@type":"WebPage","@id":"https:\/\/tense.com.tr\/tr\/fiyat-listesi\/#webpage","url":"https:\/\/tense.com.tr\/tr\/fiyat-listesi\/","name":"Tense Elektronik Fiyat Listesi 2026 - Tense Elektronik","isPartOf":{"@id":"https:\/\/tense.com.tr\/en\/#website"},"datePublished":"2024-09-03T08:06:20+00:00","dateModified":"2026-02-26T11:16:52+00:00","description":"Tense Elektronik g\u00fcncel 2026 fiyat listesine bu sayfadan ula\u015fabilirsiniz. Fiyat listesini g\u00f6r\u00fcnt\u00fclemek veya indirmek i\u00e7in t\u0131klay\u0131n!","breadcrumb":{"@id":"https:\/\/tense.com.tr\/tr\/fiyat-listesi\/#breadcrumb"},"inLanguage":"tr","potentialAction":[{"@type":"ReadAction","target":["https:\/\/tense.com.tr\/tr\/fiyat-listesi\/"]}]},{"@type":"BreadcrumbList","@id":"https:\/\/tense.com.tr\/tr\/fiyat-listesi\/#breadcrumb","itemListElement":[{"@type":"ListItem","position":1,"name":"Anasayfa","item":"https:\/\/tense.com.tr\/tr\/"},{"@type":"ListItem","position":2,"name":"F\u0130YAT L\u0130STES\u0130"}]}]}},"_links":{"self":[{"href":"https:\/\/tense.com.tr\/tr\/wp-json\/wp\/v2\/pages\/14960"}],"collection":[{"href":"https:\/\/tense.com.tr\/tr\/wp-json\/wp\/v2\/pages"}],"about":[{"href":"https:\/\/tense.com.tr\/tr\/wp-json\/wp\/v2\/types\/page"}],"author":[{"embeddable":true,"href":"https:\/\/tense.com.tr\/tr\/wp-json\/wp\/v2\/users\/2"}],"replies":[{"embeddable":true,"href":"https:\/\/tense.com.tr\/tr\/wp-json\/wp\/v2\/comments?post=14960"}],"version-history":[{"count":30,"href":"https:\/\/tense.com.tr\/tr\/wp-json\/wp\/v2\/pages\/14960\/revisions"}],"predecessor-version":[{"id":15326,"href":"https:\/\/tense.com.tr\/tr\/wp-json\/wp\/v2\/pages\/14960\/revisions\/15326"}],"wp:attachment":[{"href":"https:\/\/tense.com.tr\/tr\/wp-json\/wp\/v2\/media?parent=14960"}],"curies":[{"name":"wp","href":"https:\/\/api.w.org\/{rel}","templated":true}]}}