{"id":20,"date":"2021-02-09T06:53:16","date_gmt":"2021-02-09T03:53:16","guid":{"rendered":"https:\/\/tense.com.tr\/?page_id=20"},"modified":"2025-02-06T02:47:00","modified_gmt":"2025-02-05T23:47:00","slug":"dokumanlar","status":"publish","type":"page","link":"https:\/\/tense.com.tr\/tr\/dokumanlar\/","title":{"rendered":"Dok\u00fcmanlar"},"content":{"rendered":"<p>[vc_row css=&#8221;.vc_custom_1612497023058{padding-top: 30px !important;}&#8221;][vc_column css=&#8221;.vc_custom_1527765435779{margin-top: 0px !important;margin-bottom: 0px !important;}&#8221;][vc_custom_heading source=&#8221;post_title&#8221; font_container=&#8221;tag:h1|font_size:40px|text_align:center|color:%230c121f|line_height:50px&#8221; use_theme_fonts=&#8221;yes&#8221; css=&#8221;.vc_custom_1611445952474{margin-top: 0px !important;margin-bottom: 20px !important;}&#8221; el_class=&#8221;font-weight-bold&#8221;][\/vc_column][\/vc_row][vc_section full_width=&#8221;stretch_row&#8221; el_class=&#8221;overflow-visible&#8221; css=&#8221;.vc_custom_1612496729715{margin-top: 0px !important;margin-bottom: 0px !important;padding-top: 50px !important;padding-bottom: 50px !important;background-color: #ffffff !important;}&#8221;][vc_row full_width=&#8221;stretch_row&#8221; gap=&#8221;20&#8243; css=&#8221;.vc_custom_1612497290183{margin-top: 0px !important;margin-right: 0px !important;margin-bottom: 0px !important;padding-top: 0px !important;padding-bottom: 0px !important;}&#8221;][vc_column css_animation=&#8221;fadeInUp&#8221; css=&#8221;.vc_custom_1612497258152{margin-top: 0px !important;margin-bottom: 0px !important;border-top-width: 1px !important;border-right-width: 1px !important;border-bottom-width: 1px !important;border-left-width: 1px !important;padding-top: 30px !important;padding-right: 30px !important;padding-bottom: 30px !important;padding-left: 30px !important;background-color: #ffffff !important;border-left-color: #f4f7fd !important;border-left-style: solid !important;border-right-color: #f4f7fd !important;border-right-style: solid !important;border-top-color: #f4f7fd !important;border-top-style: solid !important;border-bottom-color: #f4f7fd !important;border-bottom-style: solid !important;}&#8221; offset=&#8221;vc_col-lg-4 vc_col-md-4 vc_col-xs-12&#8243;][vc_icon icon_fontawesome=&#8221;fas fa-book&#8221; color=&#8221;custom&#8221; size=&#8221;xl&#8221; align=&#8221;center&#8221; custom_color=&#8221;#3468d6&#8243;][vc_custom_heading text=&#8221;\u00dcr\u00fcn Katalo\u011fu &#8211; 2019&#8243; font_container=&#8221;tag:h5|font_size:20px|text_align:center|color:%23222222|line_height:38px&#8221; use_theme_fonts=&#8221;yes&#8221; el_class=&#8221;font-weight-light&#8221; link=&#8221;url:https%3A%2F%2Ftense.com.tr%2Fwp-content%2Fuploads%2F2021%2F02%2Fdoc_tr-turkce-katalog-tense-elektronikpdf-documents-2019-08-08-43656b327997eb37b3b15a4381d27fef.pdf|target:_blank&#8221;][\/vc_column][vc_column css_animation=&#8221;fadeInUp&#8221; css=&#8221;.vc_custom_1612497237089{margin-top: 0px !important;margin-bottom: 0px !important;border-top-width: 1px !important;border-right-width: 1px !important;border-bottom-width: 1px !important;border-left-width: 1px !important;padding-top: 30px !important;padding-right: 30px !important;padding-bottom: 30px !important;padding-left: 30px !important;border-left-color: #f4f7fd !important;border-left-style: solid !important;border-right-color: #f4f7fd !important;border-right-style: solid !important;border-top-color: #f4f7fd !important;border-top-style: solid !important;border-bottom-color: #f4f7fd !important;border-bottom-style: solid !important;}&#8221; offset=&#8221;vc_col-lg-4 vc_col-md-4 vc_col-xs-12&#8243;][vc_icon icon_fontawesome=&#8221;fas fa-tags&#8221; color=&#8221;custom&#8221; size=&#8221;xl&#8221; align=&#8221;center&#8221; custom_color=&#8221;#3468d6&#8243; link=&#8221;url:https%3A%2F%2Ftense.com.tr%2Ftr%2Ffiyat-listesi%2F|title:F%C4%B0YAT%20L%C4%B0STES%C4%B0&#8243;][vc_custom_heading text=&#8221;Fiyat Listesi&#8221; font_container=&#8221;tag:h5|font_size:20px|text_align:center|color:%23222222|line_height:38px&#8221; use_theme_fonts=&#8221;yes&#8221; el_class=&#8221;font-weight-light&#8221; link=&#8221;url:https%3A%2F%2Ftense.com.tr%2Ftr%2Ffiyat-listesi%2F|title:F%C4%B0YAT%20L%C4%B0STES%C4%B0&#8243;][\/vc_column][vc_column css_animation=&#8221;fadeInUp&#8221; width=&#8221;1\/3&#8243; css=&#8221;.vc_custom_1674194351758{margin-top: 0px !important;margin-bottom: 0px !important;border-top-width: 1px !important;border-right-width: 1px !important;border-bottom-width: 1px !important;border-left-width: 1px !important;padding-top: 30px !important;padding-right: 30px !important;padding-bottom: 30px !important;padding-left: 30px !important;background-color: #ffffff !important;border-left-color: #f4f7fd !important;border-left-style: solid !important;border-right-color: #f4f7fd !important;border-right-style: solid !important;border-top-color: #f4f7fd !important;border-top-style: solid !important;border-bottom-color: #f4f7fd !important;border-bottom-style: solid !important;}&#8221; offset=&#8221;vc_col-lg-4 vc_col-md-4 vc_col-xs-12&#8243;][vc_icon icon_fontawesome=&#8221;fas fa-tools&#8221; color=&#8221;custom&#8221; size=&#8221;xl&#8221; align=&#8221;center&#8221; custom_color=&#8221;#3468d6&#8243;][vc_custom_heading text=&#8221;Yaz\u0131l\u0131m ve S\u00fcr\u00fcc\u00fcler&#8221; font_container=&#8221;tag:h5|font_size:20px|text_align:center|color:%23222222|line_height:38px&#8221; use_theme_fonts=&#8221;yes&#8221; el_class=&#8221;font-weight-light&#8221; link=&#8221;url:https%3A%2F%2Ftense.com.tr%2Ftr%2Fyazilim-ve-suruculer%2F|title:YAZILIM%20VE%20S%C3%9CR%C3%9CC%C3%9CLER&#8221;][\/vc_column][vc_column css_animation=&#8221;fadeInUp&#8221; width=&#8221;1\/3&#8243; css=&#8221;.vc_custom_1619611738284{margin-top: 0px !important;margin-bottom: 0px !important;border-top-width: 1px !important;border-right-width: 1px !important;border-bottom-width: 1px !important;border-left-width: 1px !important;padding-top: 30px !important;padding-right: 30px !important;padding-bottom: 30px !important;padding-left: 30px !important;border-left-color: #f4f7fd !important;border-left-style: solid !important;border-right-color: #f4f7fd !important;border-right-style: solid !important;border-top-color: #f4f7fd !important;border-top-style: solid !important;border-bottom-color: #f4f7fd !important;border-bottom-style: solid !important;}&#8221; offset=&#8221;vc_col-lg-4 vc_col-md-4 vc_col-xs-12&#8243;][vc_icon icon_fontawesome=&#8221;fas fa-play&#8221; color=&#8221;custom&#8221; size=&#8221;xl&#8221; align=&#8221;center&#8221; custom_color=&#8221;#3468d6&#8243;][vc_custom_heading text=&#8221;Videolar&#8221; font_container=&#8221;tag:h5|font_size:20px|text_align:center|color:%23222222|line_height:38px&#8221; use_theme_fonts=&#8221;yes&#8221; el_class=&#8221;font-weight-light&#8221; link=&#8221;url:https%3A%2F%2Ftense.com.tr%2Ftr%2Fvideolar%2F&#8221;][\/vc_column][vc_column css_animation=&#8221;fadeInUp&#8221; width=&#8221;1\/3&#8243; offset=&#8221;vc_col-lg-4 vc_col-md-4 vc_col-xs-12&#8243; css=&#8221;.vc_custom_1674194373636{margin-top: 0px !important;margin-bottom: 0px !important;border-top-width: 1px !important;border-right-width: 1px !important;border-bottom-width: 1px !important;border-left-width: 1px !important;padding-top: 30px !important;padding-right: 30px !important;padding-bottom: 30px !important;padding-left: 30px !important;border-left-color: #f4f7fd !important;border-left-style: solid !important;border-right-color: #f4f7fd !important;border-right-style: solid !important;border-top-color: #f4f7fd !important;border-top-style: solid !important;border-bottom-color: #f4f7fd !important;border-bottom-style: solid !important;}&#8221;][vc_icon icon_fontawesome=&#8221;fas fa-ribbon&#8221; color=&#8221;custom&#8221; size=&#8221;xl&#8221; align=&#8221;center&#8221; custom_color=&#8221;#3468d6&#8243; link=&#8221;url:https%3A%2F%2Ftense.com.tr%2Ftr%2Fkalite-belgeleri%2F|target:_blank&#8221;][vc_custom_heading text=&#8221;Kalite Belgeleri&#8221; font_container=&#8221;tag:h5|font_size:20px|text_align:center|color:%23222222|line_height:38px&#8221; use_theme_fonts=&#8221;yes&#8221; el_class=&#8221;font-weight-light&#8221; link=&#8221;url:https%3A%2F%2Ftense.com.tr%2Ftr%2Fkalite-belgeleri%2F&#8221;][\/vc_column][\/vc_row][\/vc_section]<\/p>\n","protected":false},"excerpt":{"rendered":"<p>[vc_row css=&#8221;.vc_custom_1612497023058{padding-top: 30px !important;}&#8221;][vc_column css=&#8221;.vc_custom_1527765435779{margin-top: 0px !important;margin-bottom: 0px !important;}&#8221;][vc_custom_heading source=&#8221;post_title&#8221; font_container=&#8221;tag:h1|font_size:40px|text_align:center|color:%230c121f|line_height:50px&#8221; use_theme_fonts=&#8221;yes&#8221; css=&#8221;.vc_custom_1611445952474{margin-top: 0px !important;margin-bottom: 20px !important;}&#8221; el_class=&#8221;font-weight-bold&#8221;][\/vc_column][\/vc_row][vc_section full_width=&#8221;stretch_row&#8221; el_class=&#8221;overflow-visible&#8221; css=&#8221;.vc_custom_1612496729715{margin-top: 0px !important;margin-bottom: 0px !important;padding-top: 50px !important;padding-bottom: 50px !important;background-color: #ffffff !important;}&#8221;][vc_row full_width=&#8221;stretch_row&#8221; gap=&#8221;20&#8243; css=&#8221;.vc_custom_1612497290183{margin-top: 0px !important;margin-right: 0px !important;margin-bottom: 0px !important;padding-top: 0px !important;padding-bottom: 0px !important;}&#8221;][vc_column css_animation=&#8221;fadeInUp&#8221; css=&#8221;.vc_custom_1612497258152{margin-top: 0px !important;margin-bottom: 0px !important;border-top-width: 1px !important;border-right-width: 1px !important;border-bottom-width: 1px [&hellip;]<\/p>\n","protected":false},"author":1,"featured_media":0,"parent":0,"menu_order":0,"comment_status":"closed","ping_status":"closed","template":"","meta":[],"acf":[],"yoast_head":"<!-- This site is optimized with the Yoast SEO plugin v17.6 - https:\/\/yoast.com\/wordpress\/plugins\/seo\/ -->\n<title>Tense Fiyat Listesi 2025 PDF ve Dok\u00fcmanlar - Tense Elektronik<\/title>\n<meta name=\"description\" content=\"Tense g\u00fcncel fiyat listesi 2025 PDF, \u00fcr\u00fcn yaz\u0131l\u0131m ve s\u00fcr\u00fcc\u00fcleri ve tense \u00fcr\u00fcn katalo\u011funa ula\u015fmak i\u00e7in t\u0131klay\u0131n.\" \/>\n<meta name=\"robots\" content=\"index, follow, max-snippet:-1, max-image-preview:large, max-video-preview:-1\" \/>\n<link rel=\"canonical\" href=\"https:\/\/tense.com.tr\/tr\/dokumanlar\/\" \/>\n<meta property=\"og:locale\" content=\"tr_TR\" \/>\n<meta property=\"og:type\" content=\"article\" \/>\n<meta property=\"og:title\" content=\"Tense Fiyat Listesi 2025 PDF ve Dok\u00fcmanlar - Tense Elektronik\" \/>\n<meta property=\"og:description\" content=\"Tense g\u00fcncel fiyat listesi 2025 PDF, \u00fcr\u00fcn yaz\u0131l\u0131m ve s\u00fcr\u00fcc\u00fcleri ve tense \u00fcr\u00fcn katalo\u011funa ula\u015fmak i\u00e7in t\u0131klay\u0131n.\" \/>\n<meta property=\"og:url\" content=\"https:\/\/tense.com.tr\/tr\/dokumanlar\/\" \/>\n<meta property=\"og:site_name\" content=\"Tense Elektronik\" \/>\n<meta property=\"article:modified_time\" content=\"2025-02-05T23:47:00+00:00\" \/>\n<meta name=\"twitter:card\" content=\"summary_large_image\" \/>\n<meta name=\"twitter:label1\" content=\"Tahmini okuma s\u00fcresi\" \/>\n\t<meta name=\"twitter:data1\" content=\"2 dakika\" \/>\n<!-- \/ Yoast SEO plugin. -->","yoast_head_json":{"title":"Tense Fiyat Listesi 2025 PDF ve Dok\u00fcmanlar - Tense Elektronik","description":"Tense g\u00fcncel fiyat listesi 2025 PDF, \u00fcr\u00fcn yaz\u0131l\u0131m ve s\u00fcr\u00fcc\u00fcleri ve tense \u00fcr\u00fcn katalo\u011funa ula\u015fmak i\u00e7in t\u0131klay\u0131n.","robots":{"index":"index","follow":"follow","max-snippet":"max-snippet:-1","max-image-preview":"max-image-preview:large","max-video-preview":"max-video-preview:-1"},"canonical":"https:\/\/tense.com.tr\/tr\/dokumanlar\/","og_locale":"tr_TR","og_type":"article","og_title":"Tense Fiyat Listesi 2025 PDF ve Dok\u00fcmanlar - Tense Elektronik","og_description":"Tense g\u00fcncel fiyat listesi 2025 PDF, \u00fcr\u00fcn yaz\u0131l\u0131m ve s\u00fcr\u00fcc\u00fcleri ve tense \u00fcr\u00fcn katalo\u011funa ula\u015fmak i\u00e7in t\u0131klay\u0131n.","og_url":"https:\/\/tense.com.tr\/tr\/dokumanlar\/","og_site_name":"Tense Elektronik","article_modified_time":"2025-02-05T23:47:00+00:00","twitter_card":"summary_large_image","twitter_misc":{"Tahmini okuma s\u00fcresi":"2 dakika"},"schema":{"@context":"https:\/\/schema.org","@graph":[{"@type":"Organization","@id":"https:\/\/tense.com.tr\/en\/#organization","name":"Tense Elektronik","url":"https:\/\/tense.com.tr\/en\/","sameAs":[],"logo":{"@type":"ImageObject","@id":"https:\/\/tense.com.tr\/en\/#logo","inLanguage":"tr","url":"https:\/\/tense.com.tr\/wp-content\/uploads\/2021\/02\/tense-logo@2x.png","contentUrl":"https:\/\/tense.com.tr\/wp-content\/uploads\/2021\/02\/tense-logo@2x.png","width":2708,"height":833,"caption":"Tense Elektronik"},"image":{"@id":"https:\/\/tense.com.tr\/en\/#logo"}},{"@type":"WebSite","@id":"https:\/\/tense.com.tr\/en\/#website","url":"https:\/\/tense.com.tr\/en\/","name":"Tense Elektronik","description":"End\u00fcstriyel elektronik ve otomasyon cihazlar\u0131nda uzman kadroyla yerli \u00fcretim. Yurti\u00e7i ve yurtd\u0131\u015f\u0131 a\u011f\u0131yla sat\u0131\u015f \u00f6ncesi ve sonras\u0131 tam hizmet.","publisher":{"@id":"https:\/\/tense.com.tr\/en\/#organization"},"potentialAction":[{"@type":"SearchAction","target":{"@type":"EntryPoint","urlTemplate":"https:\/\/tense.com.tr\/en\/?s={search_term_string}"},"query-input":"required name=search_term_string"}],"inLanguage":"tr"},{"@type":"WebPage","@id":"https:\/\/tense.com.tr\/tr\/dokumanlar\/#webpage","url":"https:\/\/tense.com.tr\/tr\/dokumanlar\/","name":"Tense Fiyat Listesi 2025 PDF ve Dok\u00fcmanlar - Tense Elektronik","isPartOf":{"@id":"https:\/\/tense.com.tr\/en\/#website"},"datePublished":"2021-02-09T03:53:16+00:00","dateModified":"2025-02-05T23:47:00+00:00","description":"Tense g\u00fcncel fiyat listesi 2025 PDF, \u00fcr\u00fcn yaz\u0131l\u0131m ve s\u00fcr\u00fcc\u00fcleri ve tense \u00fcr\u00fcn katalo\u011funa ula\u015fmak i\u00e7in t\u0131klay\u0131n.","breadcrumb":{"@id":"https:\/\/tense.com.tr\/tr\/dokumanlar\/#breadcrumb"},"inLanguage":"tr","potentialAction":[{"@type":"ReadAction","target":["https:\/\/tense.com.tr\/tr\/dokumanlar\/"]}]},{"@type":"BreadcrumbList","@id":"https:\/\/tense.com.tr\/tr\/dokumanlar\/#breadcrumb","itemListElement":[{"@type":"ListItem","position":1,"name":"Anasayfa","item":"https:\/\/tense.com.tr\/tr\/"},{"@type":"ListItem","position":2,"name":"Dok\u00fcmanlar"}]}]}},"_links":{"self":[{"href":"https:\/\/tense.com.tr\/tr\/wp-json\/wp\/v2\/pages\/20"}],"collection":[{"href":"https:\/\/tense.com.tr\/tr\/wp-json\/wp\/v2\/pages"}],"about":[{"href":"https:\/\/tense.com.tr\/tr\/wp-json\/wp\/v2\/types\/page"}],"author":[{"embeddable":true,"href":"https:\/\/tense.com.tr\/tr\/wp-json\/wp\/v2\/users\/1"}],"replies":[{"embeddable":true,"href":"https:\/\/tense.com.tr\/tr\/wp-json\/wp\/v2\/comments?post=20"}],"version-history":[{"count":16,"href":"https:\/\/tense.com.tr\/tr\/wp-json\/wp\/v2\/pages\/20\/revisions"}],"predecessor-version":[{"id":14986,"href":"https:\/\/tense.com.tr\/tr\/wp-json\/wp\/v2\/pages\/20\/revisions\/14986"}],"wp:attachment":[{"href":"https:\/\/tense.com.tr\/tr\/wp-json\/wp\/v2\/media?parent=20"}],"curies":[{"name":"wp","href":"https:\/\/api.w.org\/{rel}","templated":true}]}}