{"id":24,"date":"2021-02-09T06:55:37","date_gmt":"2021-02-09T03:55:37","guid":{"rendered":"https:\/\/tense.com.tr\/?page_id=24"},"modified":"2022-05-13T13:43:26","modified_gmt":"2022-05-13T10:43:26","slug":"iletisim","status":"publish","type":"page","link":"https:\/\/tense.com.tr\/tr\/iletisim\/","title":{"rendered":"\u0130LET\u0130\u015e\u0130M"},"content":{"rendered":"<p>[vc_section full_width=&#8221;stretch_row&#8221; css=&#8221;.vc_custom_1519729320894{margin-top: 0px !important;margin-bottom: 0px !important;padding-top: 0px !important;padding-bottom: 0px !important;background-color: #ffffff !important;background-position: center !important;background-repeat: no-repeat !important;background-size: cover !important;}&#8221;][vc_row full_width=&#8221;stretch_row_content_no_spaces&#8221; equal_height=&#8221;yes&#8221; css_animation=&#8221;none&#8221; css=&#8221;.vc_custom_1519735092933{margin-top: 0px !important;margin-bottom: 0px !important;padding-top: 0px !important;padding-bottom: 0px !important;}&#8221;][vc_column css=&#8221;.vc_custom_1519733353854{margin-top: 0px !important;margin-bottom: 0px !important;padding-top: 0px !important;padding-bottom: 0px !important;background-color: #ffffff !important;}&#8221;][vc_gmaps link=&#8221;#E-8_JTNDaWZyYW1lJTIwc3JjJTNEJTIyaHR0cHMlM0ElMkYlMkZ3d3cuZ29vZ2xlLmNvbSUyRm1hcHMlMkZlbWJlZCUzRnBiJTNEJTIxMW0xOCUyMTFtMTIlMjExbTMlMjExZDMwMDguODUxMzk1MTU5MjY1JTIxMmQyOC45MDkwNzQwMTU2NjI5NDUlMjEzZDQxLjA1MDM3ODcyNDc4MTQ1JTIxMm0zJTIxMWYwJTIxMmYwJTIxM2YwJTIxM20yJTIxMWkxMDI0JTIxMmk3NjglMjE0ZjEzLjElMjEzbTMlMjExbTIlMjExczB4MTRjYWIwN2QwNTA4OWUwNyUyNTNBMHg2YjYyMWQwNDU2ZmQzYmYyJTIxMnNUZW5zZSUyNTIwRWxla3Ryb25payUyMTVlMCUyMTNtMiUyMTFzdHIlMjEyc3RyJTIxNHYxNjExNDQ2NjI4NDQxJTIxNW0yJTIxMXN0ciUyMTJzdHIlMjIlMjB3aWR0aCUzRCUyMjExNDAlMjIlMjBoZWlnaHQlM0QlMjI0NzklMjIlMjBmcmFtZWJvcmRlciUzRCUyMjAlMjIlMjBzdHlsZSUzRCUyMmJvcmRlciUzQTAlM0IlMjIlMjBhbGxvd2Z1bGxzY3JlZW4lM0UlM0MlMkZpZnJhbWUlM0U=&#8221; css=&#8221;.vc_custom_1611446917365{margin-top: 0px !important;margin-bottom: 0px !important;padding-top: 0px !important;padding-bottom: 0px !important;}&#8221; el_class=&#8221;map&#8221;][\/vc_column][\/vc_row][vc_row full_width=&#8221;stretch_row&#8221; gap=&#8221;35&#8243; equal_height=&#8221;yes&#8221; css_animation=&#8221;none&#8221; css=&#8221;.vc_custom_1528196888595{margin-top: 0px !important;margin-right: -2px !important;margin-bottom: 0px !important;margin-left: -2px !important;padding-top: 73px !important;padding-bottom: 85px !important;background-color: #ffffff !important;}&#8221;][vc_column width=&#8221;1\/3&#8243; css=&#8221;.vc_custom_1611447557845{margin-top: 0px !important;margin-bottom: 0px !important;padding-right: 20px !important;padding-bottom: 60px !important;padding-left: 20px !important;border-radius: 5px !important;}&#8221; offset=&#8221;vc_col-xs-12&#8243;]<div class=\"radiantthemes-iconbox element-one  rt393123680\"  data-border-radius=\"square\"><div class=\"radiantthemes-iconbox-holder  \"><i class=\"icofont icofont-location-pin\"><\/i> <\/div><\/div>[vc_column_text css_animation=&#8221;none&#8221; css=&#8221;.vc_custom_1634030393181{margin-top: 15px !important;margin-bottom: 0px !important;padding-top: 0px !important;padding-right: 0px !important;padding-bottom: 0px !important;padding-left: 0px !important;}&#8221;]Muratpa\u015fa Mah. Uluyol Cad.<br \/>\n\u0130\u015fkent Sanayi Sitesi, E-Blok, 1.Kat<br \/>\nBayrampa\u015fa &#8211; \u0130stanbul \/ T\u00fcrkiye<br \/>\n<a href=\"https:\/\/www.google.com\/maps\/dir\/\/Tense+Elektronik+Muratpa%C5%9Fa+%C4%B0%C5%9Fkent+Sanayii+Sitesi,+E+Blok,+1.+Kat+Rami+K%C4%B1%C5%9Fla+Cd.,+Bayrampa%C5%9Fa%2F%C4%B0stanbul\/@41.0503723,28.9113257,16z\/data=!4m8!4m7!1m0!1m5!1m1!1s0x14cab07d05089e07:0x6b621d0456fd3bf2!2m2!1d28.9113257!2d41.0503723\">Yol Tarifi Al!<\/a><\/p>\n<p style=\"text-align: left;\">Telefon: <a href=\"tel:\/\/+902125780448\">+90 212 578 04 48<\/a><br \/>\nFaks: +90 212 578 04 36<br \/>\nE-mail: <a href=\"mailto:info@tense.com.tr\">info@tense.com.tr<\/a><\/p>\n<p>[\/vc_column_text]<div class=\"radiantthemes-iconbox element-one  rt811260258\"  data-border-radius=\"square\"><div class=\"radiantthemes-iconbox-holder  \"><i class=\"icofont icofont-live-support\"><\/i> <\/div><\/div>[vc_column_text css_animation=&#8221;none&#8221; css=&#8221;.vc_custom_1652425744449{margin-top: 15px !important;margin-bottom: 0px !important;padding-top: 0px !important;padding-right: 0px !important;padding-bottom: 0px !important;padding-left: 0px !important;}&#8221;]Teknik Destek Hatt\u0131: <a href=\"tel:\/\/+908502022024\">+90 850 202 20 24<\/a>[\/vc_column_text][\/vc_column][vc_column width=&#8221;2\/3&#8243;][vc_custom_heading text=&#8221;\u0130leti\u015fim Formu&#8221; font_container=&#8221;tag:h3|font_size:30px|text_align:left|line_height:48px&#8221; use_theme_fonts=&#8221;yes&#8221; css_animation=&#8221;none&#8221; css=&#8221;.vc_custom_1611447579520{margin-top: 0px !important;margin-bottom: 0px !important;padding-top: 0px !important;padding-bottom: 30px !important;}&#8221; el_class=&#8221;font-weight-bold&#8221;]\r<!-- rt-cf7 -->\r<div class=\"radiant-contact-form rtb88c60d6690b44d element-one \"  >\n<div class=\"wpcf7 no-js\" id=\"wpcf7-f5-o1\" lang=\"tr-TR\" dir=\"ltr\">\n<div class=\"screen-reader-response\"><p role=\"status\" aria-live=\"polite\" aria-atomic=\"true\"><\/p> <ul><\/ul><\/div>\n<form action=\"\/tr\/wp-json\/wp\/v2\/pages\/24#wpcf7-f5-o1\" method=\"post\" class=\"wpcf7-form init wpcf7-acceptance-as-validation\" aria-label=\"Contact form\" novalidate=\"novalidate\" data-status=\"init\">\n<div style=\"display: none;\">\n<input type=\"hidden\" name=\"_wpcf7\" value=\"5\" \/>\n<input type=\"hidden\" name=\"_wpcf7_version\" value=\"5.7.6\" \/>\n<input type=\"hidden\" name=\"_wpcf7_locale\" value=\"tr_TR\" \/>\n<input type=\"hidden\" name=\"_wpcf7_unit_tag\" value=\"wpcf7-f5-o1\" \/>\n<input type=\"hidden\" name=\"_wpcf7_container_post\" value=\"0\" \/>\n<input type=\"hidden\" name=\"_wpcf7_posted_data_hash\" value=\"\" \/>\n<input type=\"hidden\" name=\"_wpcf7_recaptcha_response\" value=\"\" \/>\n<\/div>\n<div class=\"row\">\n\t<div class=\"col-lg-12 col-md-12 col-sm-12 col-xs-12\">\n\t\t<div class=\"form-row\">\n\t\t\t<p><span class=\"wpcf7-form-control-wrap\" data-name=\"Name\"><input size=\"40\" class=\"wpcf7-form-control wpcf7-text wpcf7-validates-as-required\" aria-required=\"true\" aria-invalid=\"false\" placeholder=\"Ad Soyad*\" value=\"\" type=\"text\" name=\"Name\" \/><\/span>\n\t\t\t<\/p>\n\t\t<\/div>\n\t<\/div>\n\t<div class=\"col-lg-6 col-md-6 col-sm-12 col-xs-12\">\n\t\t<div class=\"form-row\">\n\t\t\t<p><span class=\"wpcf7-form-control-wrap\" data-name=\"email-330\"><input size=\"40\" class=\"wpcf7-form-control wpcf7-text wpcf7-email wpcf7-validates-as-required wpcf7-validates-as-email\" aria-required=\"true\" aria-invalid=\"false\" placeholder=\"E-mail*\" value=\"\" type=\"email\" name=\"email-330\" \/><\/span>\n\t\t\t<\/p>\n\t\t<\/div>\n\t<\/div>\n\t<div class=\"col-lg-6 col-md-6 col-sm-12 col-xs-12\">\n\t\t<div class=\"form-row\">\n\t\t\t<p><span class=\"wpcf7-form-control-wrap\" data-name=\"tel-935\"><input size=\"40\" class=\"wpcf7-form-control wpcf7-text wpcf7-tel wpcf7-validates-as-required wpcf7-validates-as-tel\" aria-required=\"true\" aria-invalid=\"false\" placeholder=\"Cep Telefonu*\" value=\"\" type=\"tel\" name=\"tel-935\" \/><\/span>\n\t\t\t<\/p>\n\t\t<\/div>\n\t<\/div>\n\t<div class=\"col-lg-6 col-md-6 col-sm-12 col-xs-12\">\n\t\t<div class=\"form-row\">\n\t\t\t<p><span class=\"wpcf7-form-control-wrap\" data-name=\"company-975\"><input size=\"40\" class=\"wpcf7-form-control wpcf7-text wpcf7-validates-as-required\" aria-required=\"true\" aria-invalid=\"false\" placeholder=\"Firma ad\u0131*\" value=\"\" type=\"text\" name=\"company-975\" \/><\/span>\n\t\t\t<\/p>\n\t\t<\/div>\n\t<\/div>\n\t<div class=\"col-lg-6 col-md-6 col-sm-12 col-xs-12\">\n\t\t<div class=\"form-row\">\n\t\t\t<p><span class=\"wpcf7-form-control-wrap\" data-name=\"city-877\"><input size=\"40\" class=\"wpcf7-form-control wpcf7-text wpcf7-validates-as-required\" aria-required=\"true\" aria-invalid=\"false\" placeholder=\"\u015eehir*\" value=\"\" type=\"text\" name=\"city-877\" \/><\/span>\n\t\t\t<\/p>\n\t\t<\/div>\n\t<\/div>\n\t<div class=\"col-lg-12 col-md-12 col-sm-12 col-xs-12\">\n\t\t<div class=\"form-row\">\n\t\t\t<p><span class=\"wpcf7-form-control-wrap\" data-name=\"subject\"><input size=\"40\" class=\"wpcf7-form-control wpcf7-text\" aria-invalid=\"false\" placeholder=\"Konu\" value=\"\" type=\"text\" name=\"subject\" \/><\/span>\n\t\t\t<\/p>\n\t\t<\/div>\n\t<\/div>\n\t<div class=\"col-lg-12 col-md-12 col-sm-12 col-xs-12\">\n\t\t<div class=\"form-row \">\n\t\t\t<p><span class=\"wpcf7-form-control-wrap\" data-name=\"message\"><textarea cols=\"40\" rows=\"10\" class=\"wpcf7-form-control wpcf7-textarea\" aria-invalid=\"false\" placeholder=\"Mesaj\u0131n\u0131z\" name=\"message\"><\/textarea><\/span>\n\t\t\t<\/p>\n\t\t<\/div>\n\t<\/div>\n\t<div class=\"data-policy\">\n\t\t<p><span class=\"wpcf7-form-control-wrap\" data-name=\"acceptance-87\"><span class=\"wpcf7-form-control wpcf7-acceptance\"><span class=\"wpcf7-list-item\"><label><input type=\"checkbox\" name=\"acceptance-87\" value=\"1\" aria-invalid=\"false\" \/><span class=\"wpcf7-list-item-label\"><a href=\"https:\/\/tense.com.tr\/tr\/kvkk\/\" target=\"_blank\">KVKK Ayd\u0131nlatma Metni<\/a> kapsam\u0131nda \u00fcr\u00fcn ve hizmetlere y\u00f6nelik bilgi verilmesi, etkinlik, tan\u0131t\u0131m, pazarlama ve kampanya faaliyetlerinin duyurulmas\u0131 amac\u0131yla Tense Elektronik\u2019in ileti\u015fim bilgilerime ticari ileti g\u00f6ndermesine izin veriyorum.<\/span><\/label><\/span><\/span><\/span>\n\t\t<\/p>\n\t<\/div>\n\t<div class=\"col-lg-12 col-md-12 col-sm-12 col-xs-12\">\n\t\t<div class=\"form-row last text-center\">\n\t\t\t<p><input class=\"wpcf7-form-control has-spinner wpcf7-submit custom-btn-submit2\" type=\"submit\" value=\"G\u00d6NDER\" \/>\n\t\t\t<\/p>\n\t\t<\/div>\n\t<\/div>\n<\/div><div class=\"wpcf7-response-output\" aria-hidden=\"true\"><\/div>\n<\/form>\n<\/div>\n<div class=\"clearfix\"><\/div><\/div><!-- rt-cf7 -->\r[\/vc_column][\/vc_row][\/vc_section]<\/p>\n","protected":false},"excerpt":{"rendered":"<p>[vc_section full_width=&#8221;stretch_row&#8221; css=&#8221;.vc_custom_1519729320894{margin-top: 0px !important;margin-bottom: 0px !important;padding-top: 0px !important;padding-bottom: 0px !important;background-color: #ffffff !important;background-position: center !important;background-repeat: no-repeat !important;background-size: cover !important;}&#8221;][vc_row full_width=&#8221;stretch_row_content_no_spaces&#8221; equal_height=&#8221;yes&#8221; css_animation=&#8221;none&#8221; css=&#8221;.vc_custom_1519735092933{margin-top: 0px !important;margin-bottom: 0px !important;padding-top: 0px !important;padding-bottom: 0px !important;}&#8221;][vc_column css=&#8221;.vc_custom_1519733353854{margin-top: 0px !important;margin-bottom: 0px !important;padding-top: 0px !important;padding-bottom: 0px !important;background-color: #ffffff !important;}&#8221;][vc_gmaps link=&#8221;#E-8_JTNDaWZyYW1lJTIwc3JjJTNEJTIyaHR0cHMlM0ElMkYlMkZ3d3cuZ29vZ2xlLmNvbSUyRm1hcHMlMkZlbWJlZCUzRnBiJTNEJTIxMW0xOCUyMTFtMTIlMjExbTMlMjExZDMwMDguODUxMzk1MTU5MjY1JTIxMmQyOC45MDkwNzQwMTU2NjI5NDUlMjEzZDQxLjA1MDM3ODcyNDc4MTQ1JTIxMm0zJTIxMWYwJTIxMmYwJTIxM2YwJTIxM20yJTIxMWkxMDI0JTIxMmk3NjglMjE0ZjEzLjElMjEzbTMlMjExbTIlMjExczB4MTRjYWIwN2QwNTA4OWUwNyUyNTNBMHg2YjYyMWQwNDU2ZmQzYmYyJTIxMnNUZW5zZSUyNTIwRWxla3Ryb25payUyMTVlMCUyMTNtMiUyMTFzdHIlMjEyc3RyJTIxNHYxNjExNDQ2NjI4NDQxJTIxNW0yJTIxMXN0ciUyMTJzdHIlMjIlMjB3aWR0aCUzRCUyMjExNDAlMjIlMjBoZWlnaHQlM0QlMjI0NzklMjIlMjBmcmFtZWJvcmRlciUzRCUyMjAlMjIlMjBzdHlsZSUzRCUyMmJvcmRlciUzQTAlM0IlMjIlMjBhbGxvd2Z1bGxzY3JlZW4lM0UlM0MlMkZpZnJhbWUlM0U=&#8221; css=&#8221;.vc_custom_1611446917365{margin-top: 0px !important;margin-bottom: 0px !important;padding-top: 0px !important;padding-bottom: 0px !important;}&#8221; el_class=&#8221;map&#8221;][\/vc_column][\/vc_row][vc_row full_width=&#8221;stretch_row&#8221; gap=&#8221;35&#8243; [&hellip;]<\/p>\n","protected":false},"author":1,"featured_media":0,"parent":0,"menu_order":0,"comment_status":"closed","ping_status":"closed","template":"","meta":[],"acf":[],"yoast_head":"<!-- This site is optimized with the Yoast SEO plugin v17.6 - https:\/\/yoast.com\/wordpress\/plugins\/seo\/ -->\n<title>\u0130LET\u0130\u015e\u0130M - Tense Elektronik<\/title>\n<meta name=\"description\" content=\"\u0130stek, \u00f6neri, \u015fikayet ve destek talepleriniz i\u00e7in telefon numaralar\u0131m\u0131z. \u0130leti\u015fim Hatt\u0131: 0212 578 0448 Teknik Destek Hatt\u0131: 0850 202 2024\" \/>\n<meta name=\"robots\" content=\"index, follow, max-snippet:-1, max-image-preview:large, max-video-preview:-1\" \/>\n<link rel=\"canonical\" href=\"https:\/\/tense.com.tr\/tr\/iletisim\/\" \/>\n<meta property=\"og:locale\" content=\"tr_TR\" \/>\n<meta property=\"og:type\" content=\"article\" \/>\n<meta property=\"og:title\" content=\"\u0130LET\u0130\u015e\u0130M - Tense Elektronik\" \/>\n<meta property=\"og:description\" content=\"\u0130stek, \u00f6neri, \u015fikayet ve destek talepleriniz i\u00e7in telefon numaralar\u0131m\u0131z. \u0130leti\u015fim Hatt\u0131: 0212 578 0448 Teknik Destek Hatt\u0131: 0850 202 2024\" \/>\n<meta property=\"og:url\" content=\"https:\/\/tense.com.tr\/tr\/iletisim\/\" \/>\n<meta property=\"og:site_name\" content=\"Tense Elektronik\" \/>\n<meta property=\"article:modified_time\" content=\"2022-05-13T10:43:26+00:00\" \/>\n<meta name=\"twitter:card\" content=\"summary_large_image\" \/>\n<meta name=\"twitter:label1\" content=\"Tahmini okuma s\u00fcresi\" \/>\n\t<meta name=\"twitter:data1\" content=\"1 dakika\" \/>\n<!-- \/ Yoast SEO plugin. -->","yoast_head_json":{"title":"\u0130LET\u0130\u015e\u0130M - Tense Elektronik","description":"\u0130stek, \u00f6neri, \u015fikayet ve destek talepleriniz i\u00e7in telefon numaralar\u0131m\u0131z. \u0130leti\u015fim Hatt\u0131: 0212 578 0448 Teknik Destek Hatt\u0131: 0850 202 2024","robots":{"index":"index","follow":"follow","max-snippet":"max-snippet:-1","max-image-preview":"max-image-preview:large","max-video-preview":"max-video-preview:-1"},"canonical":"https:\/\/tense.com.tr\/tr\/iletisim\/","og_locale":"tr_TR","og_type":"article","og_title":"\u0130LET\u0130\u015e\u0130M - Tense Elektronik","og_description":"\u0130stek, \u00f6neri, \u015fikayet ve destek talepleriniz i\u00e7in telefon numaralar\u0131m\u0131z. \u0130leti\u015fim Hatt\u0131: 0212 578 0448 Teknik Destek Hatt\u0131: 0850 202 2024","og_url":"https:\/\/tense.com.tr\/tr\/iletisim\/","og_site_name":"Tense Elektronik","article_modified_time":"2022-05-13T10:43:26+00:00","twitter_card":"summary_large_image","twitter_misc":{"Tahmini okuma s\u00fcresi":"1 dakika"},"schema":{"@context":"https:\/\/schema.org","@graph":[{"@type":"Organization","@id":"https:\/\/tense.com.tr\/en\/#organization","name":"Tense Elektronik","url":"https:\/\/tense.com.tr\/en\/","sameAs":[],"logo":{"@type":"ImageObject","@id":"https:\/\/tense.com.tr\/en\/#logo","inLanguage":"tr","url":"https:\/\/tense.com.tr\/wp-content\/uploads\/2021\/02\/tense-logo@2x.png","contentUrl":"https:\/\/tense.com.tr\/wp-content\/uploads\/2021\/02\/tense-logo@2x.png","width":2708,"height":833,"caption":"Tense Elektronik"},"image":{"@id":"https:\/\/tense.com.tr\/en\/#logo"}},{"@type":"WebSite","@id":"https:\/\/tense.com.tr\/en\/#website","url":"https:\/\/tense.com.tr\/en\/","name":"Tense Elektronik","description":"End\u00fcstriyel elektronik ve otomasyon cihazlar\u0131nda uzman kadroyla yerli \u00fcretim. Yurti\u00e7i ve yurtd\u0131\u015f\u0131 a\u011f\u0131yla sat\u0131\u015f \u00f6ncesi ve sonras\u0131 tam hizmet.","publisher":{"@id":"https:\/\/tense.com.tr\/en\/#organization"},"potentialAction":[{"@type":"SearchAction","target":{"@type":"EntryPoint","urlTemplate":"https:\/\/tense.com.tr\/en\/?s={search_term_string}"},"query-input":"required name=search_term_string"}],"inLanguage":"tr"},{"@type":"WebPage","@id":"https:\/\/tense.com.tr\/tr\/iletisim\/#webpage","url":"https:\/\/tense.com.tr\/tr\/iletisim\/","name":"\u0130LET\u0130\u015e\u0130M - Tense Elektronik","isPartOf":{"@id":"https:\/\/tense.com.tr\/en\/#website"},"datePublished":"2021-02-09T03:55:37+00:00","dateModified":"2022-05-13T10:43:26+00:00","description":"\u0130stek, \u00f6neri, \u015fikayet ve destek talepleriniz i\u00e7in telefon numaralar\u0131m\u0131z. \u0130leti\u015fim Hatt\u0131: 0212 578 0448 Teknik Destek Hatt\u0131: 0850 202 2024","breadcrumb":{"@id":"https:\/\/tense.com.tr\/tr\/iletisim\/#breadcrumb"},"inLanguage":"tr","potentialAction":[{"@type":"ReadAction","target":["https:\/\/tense.com.tr\/tr\/iletisim\/"]}]},{"@type":"BreadcrumbList","@id":"https:\/\/tense.com.tr\/tr\/iletisim\/#breadcrumb","itemListElement":[{"@type":"ListItem","position":1,"name":"Anasayfa","item":"https:\/\/tense.com.tr\/tr\/"},{"@type":"ListItem","position":2,"name":"\u0130LET\u0130\u015e\u0130M"}]}]}},"_links":{"self":[{"href":"https:\/\/tense.com.tr\/tr\/wp-json\/wp\/v2\/pages\/24"}],"collection":[{"href":"https:\/\/tense.com.tr\/tr\/wp-json\/wp\/v2\/pages"}],"about":[{"href":"https:\/\/tense.com.tr\/tr\/wp-json\/wp\/v2\/types\/page"}],"author":[{"embeddable":true,"href":"https:\/\/tense.com.tr\/tr\/wp-json\/wp\/v2\/users\/1"}],"replies":[{"embeddable":true,"href":"https:\/\/tense.com.tr\/tr\/wp-json\/wp\/v2\/comments?post=24"}],"version-history":[{"count":4,"href":"https:\/\/tense.com.tr\/tr\/wp-json\/wp\/v2\/pages\/24\/revisions"}],"predecessor-version":[{"id":13658,"href":"https:\/\/tense.com.tr\/tr\/wp-json\/wp\/v2\/pages\/24\/revisions\/13658"}],"wp:attachment":[{"href":"https:\/\/tense.com.tr\/tr\/wp-json\/wp\/v2\/media?parent=24"}],"curies":[{"name":"wp","href":"https:\/\/api.w.org\/{rel}","templated":true}]}}