{"id":26,"date":"2021-02-09T06:56:17","date_gmt":"2021-02-09T03:56:17","guid":{"rendered":"https:\/\/tense.com.tr\/?page_id=26"},"modified":"2021-02-09T08:53:09","modified_gmt":"2021-02-09T05:53:09","slug":"kurumsal","status":"publish","type":"page","link":"https:\/\/tense.com.tr\/tr\/kurumsal\/","title":{"rendered":"KURUMSAL"},"content":{"rendered":"<p>[vc_section full_width=&#8221;stretch_row&#8221; css=&#8221;.vc_custom_1611446078335{margin-top: 0px !important;margin-bottom: 0px !important;padding-top: 30px !important;padding-bottom: 75px !important;}&#8221;][vc_row][vc_column css=&#8221;.vc_custom_1527765435779{margin-top: 0px !important;margin-bottom: 0px !important;}&#8221;][vc_custom_heading source=&#8221;post_title&#8221; font_container=&#8221;tag:h1|font_size:40px|text_align:center|color:%230c121f|line_height:50px&#8221; use_theme_fonts=&#8221;yes&#8221; css=&#8221;.vc_custom_1611445952474{margin-top: 0px !important;margin-bottom: 20px !important;}&#8221; el_class=&#8221;font-weight-bold&#8221;][vc_column_text]Firmam\u0131z\u00a0\u00fclkemizde enerjinin daha etkin kullan\u0131lmas\u0131na ve her ge\u00e7en g\u00fcn geli\u015fen elektronik sekt\u00f6r\u00fcn\u00fcn \u00f6nemli bir dal\u0131 olan end\u00fcstriyel otomasyon alan\u0131na uzman ve tecr\u00fcbeli\u00a0kadrosuyla hizmet vermektedir. End\u00fcstriyel elektronik alan\u0131nda \u201cEnd\u00fcstriyel Koruma ,Kontrol R\u00f6leleri ve \u00d6l\u00e7\u00fc Aletleri\u201d \u00fcreticisi olarak faaliyetini s\u00fcrd\u00fcrmektedir.<\/p>\n<p>Hedefimiz, m\u00fc\u015fteri memnuniyeti esas al\u0131narak geli\u015fen teknolojiyi nihai kullan\u0131c\u0131lara kaliteli \u00fcr\u00fcnler olarak sunmakt\u0131r. Faaliyet g\u00f6sterdi\u011fimiz end\u00fcstriyel elektronik alan\u0131nda m\u00fc\u015fteri istek ve beklentileri do\u011frultusunda \u00f6zg\u00fcn \u00fcr\u00fcnleri \u00fclkemize kazand\u0131rmakt\u0131r.<\/p>\n<p>T\u00fcrkiye&#8217;nin\u00a0de\u011fi\u015fik illerinde yetkili bayii a\u011f\u0131 ve yurt d\u0131\u015f\u0131nda farkl\u0131 \u00fclkelerde bulunan distrib\u00fct\u00f6rler ile nihai kullan\u0131c\u0131lara kolay ula\u015f\u0131m, sat\u0131\u015f \u00f6ncesi ve sonras\u0131 hizmet vermektedir.[\/vc_column_text][vc_single_image image=&#8221;8331&#8243; img_size=&#8221;full&#8221;][\/vc_column][\/vc_row][\/vc_section]<\/p>\n","protected":false},"excerpt":{"rendered":"<p>[vc_section full_width=&#8221;stretch_row&#8221; css=&#8221;.vc_custom_1611446078335{margin-top: 0px !important;margin-bottom: 0px !important;padding-top: 30px !important;padding-bottom: 75px !important;}&#8221;][vc_row][vc_column css=&#8221;.vc_custom_1527765435779{margin-top: 0px !important;margin-bottom: 0px !important;}&#8221;][vc_custom_heading source=&#8221;post_title&#8221; font_container=&#8221;tag:h1|font_size:40px|text_align:center|color:%230c121f|line_height:50px&#8221; use_theme_fonts=&#8221;yes&#8221; css=&#8221;.vc_custom_1611445952474{margin-top: 0px !important;margin-bottom: 20px !important;}&#8221; el_class=&#8221;font-weight-bold&#8221;][vc_column_text]Firmam\u0131z\u00a0\u00fclkemizde enerjinin daha etkin kullan\u0131lmas\u0131na ve her ge\u00e7en g\u00fcn geli\u015fen elektronik sekt\u00f6r\u00fcn\u00fcn \u00f6nemli bir dal\u0131 olan end\u00fcstriyel otomasyon alan\u0131na uzman ve tecr\u00fcbeli\u00a0kadrosuyla hizmet vermektedir. End\u00fcstriyel elektronik alan\u0131nda \u201cEnd\u00fcstriyel Koruma ,Kontrol R\u00f6leleri [&hellip;]<\/p>\n","protected":false},"author":1,"featured_media":0,"parent":0,"menu_order":0,"comment_status":"closed","ping_status":"closed","template":"","meta":[],"acf":[],"yoast_head":"<!-- This site is optimized with the Yoast SEO plugin v17.6 - https:\/\/yoast.com\/wordpress\/plugins\/seo\/ -->\n<title>KURUMSAL - Tense Elektronik<\/title>\n<meta name=\"robots\" content=\"index, follow, max-snippet:-1, max-image-preview:large, max-video-preview:-1\" \/>\n<link rel=\"canonical\" href=\"https:\/\/tense.com.tr\/tr\/kurumsal\/\" \/>\n<meta property=\"og:locale\" content=\"tr_TR\" \/>\n<meta property=\"og:type\" content=\"article\" \/>\n<meta property=\"og:title\" content=\"KURUMSAL - Tense Elektronik\" \/>\n<meta property=\"og:description\" content=\"[vc_section full_width=&#8221;stretch_row&#8221; css=&#8221;.vc_custom_1611446078335{margin-top: 0px !important;margin-bottom: 0px !important;padding-top: 30px !important;padding-bottom: 75px !important;}&#8221;][vc_row][vc_column css=&#8221;.vc_custom_1527765435779{margin-top: 0px !important;margin-bottom: 0px !important;}&#8221;][vc_custom_heading source=&#8221;post_title&#8221; font_container=&#8221;tag:h1|font_size:40px|text_align:center|color:%230c121f|line_height:50px&#8221; use_theme_fonts=&#8221;yes&#8221; css=&#8221;.vc_custom_1611445952474{margin-top: 0px !important;margin-bottom: 20px !important;}&#8221; el_class=&#8221;font-weight-bold&#8221;][vc_column_text]Firmam\u0131z\u00a0\u00fclkemizde enerjinin daha etkin kullan\u0131lmas\u0131na ve her ge\u00e7en g\u00fcn geli\u015fen elektronik sekt\u00f6r\u00fcn\u00fcn \u00f6nemli bir dal\u0131 olan end\u00fcstriyel otomasyon alan\u0131na uzman ve tecr\u00fcbeli\u00a0kadrosuyla hizmet vermektedir. End\u00fcstriyel elektronik alan\u0131nda \u201cEnd\u00fcstriyel Koruma ,Kontrol R\u00f6leleri [&hellip;]\" \/>\n<meta property=\"og:url\" content=\"https:\/\/tense.com.tr\/tr\/kurumsal\/\" \/>\n<meta property=\"og:site_name\" content=\"Tense Elektronik\" \/>\n<meta property=\"article:modified_time\" content=\"2021-02-09T05:53:09+00:00\" \/>\n<meta name=\"twitter:card\" content=\"summary_large_image\" \/>\n<meta name=\"twitter:label1\" content=\"Tahmini okuma s\u00fcresi\" \/>\n\t<meta name=\"twitter:data1\" content=\"1 dakika\" \/>\n<!-- \/ Yoast SEO plugin. -->","yoast_head_json":{"title":"KURUMSAL - Tense Elektronik","robots":{"index":"index","follow":"follow","max-snippet":"max-snippet:-1","max-image-preview":"max-image-preview:large","max-video-preview":"max-video-preview:-1"},"canonical":"https:\/\/tense.com.tr\/tr\/kurumsal\/","og_locale":"tr_TR","og_type":"article","og_title":"KURUMSAL - Tense Elektronik","og_description":"[vc_section full_width=&#8221;stretch_row&#8221; css=&#8221;.vc_custom_1611446078335{margin-top: 0px !important;margin-bottom: 0px !important;padding-top: 30px !important;padding-bottom: 75px !important;}&#8221;][vc_row][vc_column css=&#8221;.vc_custom_1527765435779{margin-top: 0px !important;margin-bottom: 0px !important;}&#8221;][vc_custom_heading source=&#8221;post_title&#8221; font_container=&#8221;tag:h1|font_size:40px|text_align:center|color:%230c121f|line_height:50px&#8221; use_theme_fonts=&#8221;yes&#8221; css=&#8221;.vc_custom_1611445952474{margin-top: 0px !important;margin-bottom: 20px !important;}&#8221; el_class=&#8221;font-weight-bold&#8221;][vc_column_text]Firmam\u0131z\u00a0\u00fclkemizde enerjinin daha etkin kullan\u0131lmas\u0131na ve her ge\u00e7en g\u00fcn geli\u015fen elektronik sekt\u00f6r\u00fcn\u00fcn \u00f6nemli bir dal\u0131 olan end\u00fcstriyel otomasyon alan\u0131na uzman ve tecr\u00fcbeli\u00a0kadrosuyla hizmet vermektedir. End\u00fcstriyel elektronik alan\u0131nda \u201cEnd\u00fcstriyel Koruma ,Kontrol R\u00f6leleri [&hellip;]","og_url":"https:\/\/tense.com.tr\/tr\/kurumsal\/","og_site_name":"Tense Elektronik","article_modified_time":"2021-02-09T05:53:09+00:00","twitter_card":"summary_large_image","twitter_misc":{"Tahmini okuma s\u00fcresi":"1 dakika"},"schema":{"@context":"https:\/\/schema.org","@graph":[{"@type":"Organization","@id":"https:\/\/tense.com.tr\/en\/#organization","name":"Tense Elektronik","url":"https:\/\/tense.com.tr\/en\/","sameAs":[],"logo":{"@type":"ImageObject","@id":"https:\/\/tense.com.tr\/en\/#logo","inLanguage":"tr","url":"https:\/\/tense.com.tr\/wp-content\/uploads\/2021\/02\/tense-logo@2x.png","contentUrl":"https:\/\/tense.com.tr\/wp-content\/uploads\/2021\/02\/tense-logo@2x.png","width":2708,"height":833,"caption":"Tense Elektronik"},"image":{"@id":"https:\/\/tense.com.tr\/en\/#logo"}},{"@type":"WebSite","@id":"https:\/\/tense.com.tr\/en\/#website","url":"https:\/\/tense.com.tr\/en\/","name":"Tense Elektronik","description":"End\u00fcstriyel elektronik ve otomasyon cihazlar\u0131nda uzman kadroyla yerli \u00fcretim. Yurti\u00e7i ve yurtd\u0131\u015f\u0131 a\u011f\u0131yla sat\u0131\u015f \u00f6ncesi ve sonras\u0131 tam hizmet.","publisher":{"@id":"https:\/\/tense.com.tr\/en\/#organization"},"potentialAction":[{"@type":"SearchAction","target":{"@type":"EntryPoint","urlTemplate":"https:\/\/tense.com.tr\/en\/?s={search_term_string}"},"query-input":"required name=search_term_string"}],"inLanguage":"tr"},{"@type":"WebPage","@id":"https:\/\/tense.com.tr\/tr\/kurumsal\/#webpage","url":"https:\/\/tense.com.tr\/tr\/kurumsal\/","name":"KURUMSAL - Tense Elektronik","isPartOf":{"@id":"https:\/\/tense.com.tr\/en\/#website"},"datePublished":"2021-02-09T03:56:17+00:00","dateModified":"2021-02-09T05:53:09+00:00","breadcrumb":{"@id":"https:\/\/tense.com.tr\/tr\/kurumsal\/#breadcrumb"},"inLanguage":"tr","potentialAction":[{"@type":"ReadAction","target":["https:\/\/tense.com.tr\/tr\/kurumsal\/"]}]},{"@type":"BreadcrumbList","@id":"https:\/\/tense.com.tr\/tr\/kurumsal\/#breadcrumb","itemListElement":[{"@type":"ListItem","position":1,"name":"Anasayfa","item":"https:\/\/tense.com.tr\/tr\/"},{"@type":"ListItem","position":2,"name":"KURUMSAL"}]}]}},"_links":{"self":[{"href":"https:\/\/tense.com.tr\/tr\/wp-json\/wp\/v2\/pages\/26"}],"collection":[{"href":"https:\/\/tense.com.tr\/tr\/wp-json\/wp\/v2\/pages"}],"about":[{"href":"https:\/\/tense.com.tr\/tr\/wp-json\/wp\/v2\/types\/page"}],"author":[{"embeddable":true,"href":"https:\/\/tense.com.tr\/tr\/wp-json\/wp\/v2\/users\/1"}],"replies":[{"embeddable":true,"href":"https:\/\/tense.com.tr\/tr\/wp-json\/wp\/v2\/comments?post=26"}],"version-history":[{"count":0,"href":"https:\/\/tense.com.tr\/tr\/wp-json\/wp\/v2\/pages\/26\/revisions"}],"wp:attachment":[{"href":"https:\/\/tense.com.tr\/tr\/wp-json\/wp\/v2\/media?parent=26"}],"curies":[{"name":"wp","href":"https:\/\/api.w.org\/{rel}","templated":true}]}}