{"id":9719,"date":"2021-02-10T08:50:35","date_gmt":"2021-02-10T05:50:35","guid":{"rendered":"https:\/\/tense.com.tr\/?page_id=9719"},"modified":"2024-06-13T09:54:17","modified_gmt":"2024-06-13T06:54:17","slug":"yazilim-ve-suruculer","status":"publish","type":"page","link":"https:\/\/tense.com.tr\/tr\/yazilim-ve-suruculer\/","title":{"rendered":"YAZILIM VE S\u00dcR\u00dcC\u00dcLER"},"content":{"rendered":"<p>[vc_row css=&#8221;.vc_custom_1612936744755{padding-top: 50px !important;padding-bottom: 50px !important;}&#8221;][vc_column css=&#8221;.vc_custom_1527765435779{margin-top: 0px !important;margin-bottom: 0px !important;}&#8221;][vc_custom_heading source=&#8221;post_title&#8221; font_container=&#8221;tag:h1|font_size:40px|text_align:center|color:%230c121f|line_height:50px&#8221; use_theme_fonts=&#8221;yes&#8221; css=&#8221;.vc_custom_1611445952474{margin-top: 0px !important;margin-bottom: 20px !important;}&#8221; el_class=&#8221;font-weight-bold&#8221;][\/vc_column][\/vc_row][vc_row][vc_column width=&#8221;1\/2&#8243;][vc_column_text]<\/p>\n<h5 style=\"text-align: left;\">YAZILIMLAR<\/h5>\n<p>[\/vc_column_text][vc_column_text]<\/p>\n<ul>\n<li><a style=\"color: #000000;\" href=\"\/app\/EnergyTrackingSetup.rar\">Enerji Takip Sistemi Yaz\u0131l\u0131m\u0131 v.1.1<\/a><\/li>\n<li><a style=\"color: #000000;\" href=\"\/images\/software\/TENSE%20SMS440A.apk\" target=\"_blank\" rel=\"nofollow noopener\">SMS-440 Android Application<\/a><\/li>\n<li><a style=\"color: #000000;\" href=\"\/images\/software\/Tense%20Eth%20Config%20Tool.rar\">Ethernet Modem Konfig\u00fcrasyon Yaz\u0131l\u0131m\u0131<\/a><\/li>\n<li><a style=\"color: #000000;\" href=\"\/images\/software\/RGT-COM_v1_2_2.rar\">Reaktif Okuma ve Kontrol Yaz\u0131l\u0131m\u0131 (RGT-XXH Serisi) <\/a><\/li>\n<li><a style=\"color: #000000;\" href=\"https:\/\/tense.com.tr\/wp-content\/uploads\/2024\/06\/TENSEModuleMaster_64bit_V11_Rev_H.zip\">THSR-1P ve THSR-2 Konfig\u00fcrasyon Yaz\u0131l\u0131m\u0131<\/a><\/li>\n<\/ul>\n<p>[\/vc_column_text][\/vc_column][vc_column width=&#8221;1\/2&#8243;][vc_column_text]<\/p>\n<h5 style=\"text-align: left;\">S\u00dcR\u00dcC\u00dcLER<\/h5>\n<p>[\/vc_column_text][vc_column_text]<\/p>\n<ul>\n<li><a style=\"color: #000000;\" href=\"\/images\/driver\/USB-CON_OP-USB_32_bit.zip\" target=\"_blank\" rel=\"nofollow noopener\">USB-CON ve OP-USB 32bit Win S\u00fcr\u00fcc\u00fcs\u00fc\u00a0<\/a><\/li>\n<li><a style=\"color: #000000;\" href=\"\/images\/driver\/USB-CON_OP-USB_64_bit.zip\" target=\"_blank\" rel=\"nofollow noopener\">USB-CON ve OP-USB 64bit Win S\u00fcr\u00fcc\u00fcs\u00fc<\/a><\/li>\n<\/ul>\n<p>[\/vc_column_text][\/vc_column][\/vc_row]<\/p>\n","protected":false},"excerpt":{"rendered":"<p>[vc_row css=&#8221;.vc_custom_1612936744755{padding-top: 50px !important;padding-bottom: 50px !important;}&#8221;][vc_column css=&#8221;.vc_custom_1527765435779{margin-top: 0px !important;margin-bottom: 0px !important;}&#8221;][vc_custom_heading source=&#8221;post_title&#8221; font_container=&#8221;tag:h1|font_size:40px|text_align:center|color:%230c121f|line_height:50px&#8221; use_theme_fonts=&#8221;yes&#8221; css=&#8221;.vc_custom_1611445952474{margin-top: 0px !important;margin-bottom: 20px !important;}&#8221; el_class=&#8221;font-weight-bold&#8221;][\/vc_column][\/vc_row][vc_row][vc_column width=&#8221;1\/2&#8243;][vc_column_text] YAZILIMLAR [\/vc_column_text][vc_column_text] Enerji Takip Sistemi Yaz\u0131l\u0131m\u0131 v.1.1 SMS-440 Android Application Ethernet Modem Konfig\u00fcrasyon Yaz\u0131l\u0131m\u0131 Reaktif Okuma ve Kontrol Yaz\u0131l\u0131m\u0131 (RGT-XXH Serisi) THSR-1P ve THSR-2 Konfig\u00fcrasyon Yaz\u0131l\u0131m\u0131 [\/vc_column_text][\/vc_column][vc_column width=&#8221;1\/2&#8243;][vc_column_text] S\u00dcR\u00dcC\u00dcLER [\/vc_column_text][vc_column_text] USB-CON ve OP-USB 32bit [&hellip;]<\/p>\n","protected":false},"author":1,"featured_media":0,"parent":0,"menu_order":0,"comment_status":"closed","ping_status":"closed","template":"","meta":[],"acf":[],"yoast_head":"<!-- This site is optimized with the Yoast SEO plugin v17.6 - https:\/\/yoast.com\/wordpress\/plugins\/seo\/ -->\n<title>YAZILIM VE S\u00dcR\u00dcC\u00dcLER - Tense Elektronik<\/title>\n<meta name=\"robots\" content=\"index, follow, max-snippet:-1, max-image-preview:large, max-video-preview:-1\" \/>\n<link rel=\"canonical\" href=\"https:\/\/tense.com.tr\/tr\/yazilim-ve-suruculer\/\" \/>\n<meta property=\"og:locale\" content=\"tr_TR\" \/>\n<meta property=\"og:type\" content=\"article\" \/>\n<meta property=\"og:title\" content=\"YAZILIM VE S\u00dcR\u00dcC\u00dcLER - Tense Elektronik\" \/>\n<meta property=\"og:description\" content=\"[vc_row css=&#8221;.vc_custom_1612936744755{padding-top: 50px !important;padding-bottom: 50px !important;}&#8221;][vc_column css=&#8221;.vc_custom_1527765435779{margin-top: 0px !important;margin-bottom: 0px !important;}&#8221;][vc_custom_heading source=&#8221;post_title&#8221; font_container=&#8221;tag:h1|font_size:40px|text_align:center|color:%230c121f|line_height:50px&#8221; use_theme_fonts=&#8221;yes&#8221; css=&#8221;.vc_custom_1611445952474{margin-top: 0px !important;margin-bottom: 20px !important;}&#8221; el_class=&#8221;font-weight-bold&#8221;][\/vc_column][\/vc_row][vc_row][vc_column width=&#8221;1\/2&#8243;][vc_column_text] YAZILIMLAR [\/vc_column_text][vc_column_text] Enerji Takip Sistemi Yaz\u0131l\u0131m\u0131 v.1.1 SMS-440 Android Application Ethernet Modem Konfig\u00fcrasyon Yaz\u0131l\u0131m\u0131 Reaktif Okuma ve Kontrol Yaz\u0131l\u0131m\u0131 (RGT-XXH Serisi) THSR-1P ve THSR-2 Konfig\u00fcrasyon Yaz\u0131l\u0131m\u0131 [\/vc_column_text][\/vc_column][vc_column width=&#8221;1\/2&#8243;][vc_column_text] S\u00dcR\u00dcC\u00dcLER [\/vc_column_text][vc_column_text] USB-CON ve OP-USB 32bit [&hellip;]\" \/>\n<meta property=\"og:url\" content=\"https:\/\/tense.com.tr\/tr\/yazilim-ve-suruculer\/\" \/>\n<meta property=\"og:site_name\" content=\"Tense Elektronik\" \/>\n<meta property=\"article:modified_time\" content=\"2024-06-13T06:54:17+00:00\" \/>\n<meta name=\"twitter:card\" content=\"summary_large_image\" \/>\n<meta name=\"twitter:label1\" content=\"Tahmini okuma s\u00fcresi\" \/>\n\t<meta name=\"twitter:data1\" content=\"1 dakika\" \/>\n<!-- \/ Yoast SEO plugin. -->","yoast_head_json":{"title":"YAZILIM VE S\u00dcR\u00dcC\u00dcLER - Tense Elektronik","robots":{"index":"index","follow":"follow","max-snippet":"max-snippet:-1","max-image-preview":"max-image-preview:large","max-video-preview":"max-video-preview:-1"},"canonical":"https:\/\/tense.com.tr\/tr\/yazilim-ve-suruculer\/","og_locale":"tr_TR","og_type":"article","og_title":"YAZILIM VE S\u00dcR\u00dcC\u00dcLER - Tense Elektronik","og_description":"[vc_row css=&#8221;.vc_custom_1612936744755{padding-top: 50px !important;padding-bottom: 50px !important;}&#8221;][vc_column css=&#8221;.vc_custom_1527765435779{margin-top: 0px !important;margin-bottom: 0px !important;}&#8221;][vc_custom_heading source=&#8221;post_title&#8221; font_container=&#8221;tag:h1|font_size:40px|text_align:center|color:%230c121f|line_height:50px&#8221; use_theme_fonts=&#8221;yes&#8221; css=&#8221;.vc_custom_1611445952474{margin-top: 0px !important;margin-bottom: 20px !important;}&#8221; el_class=&#8221;font-weight-bold&#8221;][\/vc_column][\/vc_row][vc_row][vc_column width=&#8221;1\/2&#8243;][vc_column_text] YAZILIMLAR [\/vc_column_text][vc_column_text] Enerji Takip Sistemi Yaz\u0131l\u0131m\u0131 v.1.1 SMS-440 Android Application Ethernet Modem Konfig\u00fcrasyon Yaz\u0131l\u0131m\u0131 Reaktif Okuma ve Kontrol Yaz\u0131l\u0131m\u0131 (RGT-XXH Serisi) THSR-1P ve THSR-2 Konfig\u00fcrasyon Yaz\u0131l\u0131m\u0131 [\/vc_column_text][\/vc_column][vc_column width=&#8221;1\/2&#8243;][vc_column_text] S\u00dcR\u00dcC\u00dcLER [\/vc_column_text][vc_column_text] USB-CON ve OP-USB 32bit [&hellip;]","og_url":"https:\/\/tense.com.tr\/tr\/yazilim-ve-suruculer\/","og_site_name":"Tense Elektronik","article_modified_time":"2024-06-13T06:54:17+00:00","twitter_card":"summary_large_image","twitter_misc":{"Tahmini okuma s\u00fcresi":"1 dakika"},"schema":{"@context":"https:\/\/schema.org","@graph":[{"@type":"Organization","@id":"https:\/\/tense.com.tr\/en\/#organization","name":"Tense Elektronik","url":"https:\/\/tense.com.tr\/en\/","sameAs":[],"logo":{"@type":"ImageObject","@id":"https:\/\/tense.com.tr\/en\/#logo","inLanguage":"tr","url":"https:\/\/tense.com.tr\/wp-content\/uploads\/2021\/02\/tense-logo@2x.png","contentUrl":"https:\/\/tense.com.tr\/wp-content\/uploads\/2021\/02\/tense-logo@2x.png","width":2708,"height":833,"caption":"Tense Elektronik"},"image":{"@id":"https:\/\/tense.com.tr\/en\/#logo"}},{"@type":"WebSite","@id":"https:\/\/tense.com.tr\/en\/#website","url":"https:\/\/tense.com.tr\/en\/","name":"Tense Elektronik","description":"End\u00fcstriyel elektronik ve otomasyon cihazlar\u0131nda uzman kadroyla yerli \u00fcretim. Yurti\u00e7i ve yurtd\u0131\u015f\u0131 a\u011f\u0131yla sat\u0131\u015f \u00f6ncesi ve sonras\u0131 tam hizmet.","publisher":{"@id":"https:\/\/tense.com.tr\/en\/#organization"},"potentialAction":[{"@type":"SearchAction","target":{"@type":"EntryPoint","urlTemplate":"https:\/\/tense.com.tr\/en\/?s={search_term_string}"},"query-input":"required name=search_term_string"}],"inLanguage":"tr"},{"@type":"WebPage","@id":"https:\/\/tense.com.tr\/tr\/yazilim-ve-suruculer\/#webpage","url":"https:\/\/tense.com.tr\/tr\/yazilim-ve-suruculer\/","name":"YAZILIM VE S\u00dcR\u00dcC\u00dcLER - Tense Elektronik","isPartOf":{"@id":"https:\/\/tense.com.tr\/en\/#website"},"datePublished":"2021-02-10T05:50:35+00:00","dateModified":"2024-06-13T06:54:17+00:00","breadcrumb":{"@id":"https:\/\/tense.com.tr\/tr\/yazilim-ve-suruculer\/#breadcrumb"},"inLanguage":"tr","potentialAction":[{"@type":"ReadAction","target":["https:\/\/tense.com.tr\/tr\/yazilim-ve-suruculer\/"]}]},{"@type":"BreadcrumbList","@id":"https:\/\/tense.com.tr\/tr\/yazilim-ve-suruculer\/#breadcrumb","itemListElement":[{"@type":"ListItem","position":1,"name":"Anasayfa","item":"https:\/\/tense.com.tr\/tr\/"},{"@type":"ListItem","position":2,"name":"YAZILIM VE S\u00dcR\u00dcC\u00dcLER"}]}]}},"_links":{"self":[{"href":"https:\/\/tense.com.tr\/tr\/wp-json\/wp\/v2\/pages\/9719"}],"collection":[{"href":"https:\/\/tense.com.tr\/tr\/wp-json\/wp\/v2\/pages"}],"about":[{"href":"https:\/\/tense.com.tr\/tr\/wp-json\/wp\/v2\/types\/page"}],"author":[{"embeddable":true,"href":"https:\/\/tense.com.tr\/tr\/wp-json\/wp\/v2\/users\/1"}],"replies":[{"embeddable":true,"href":"https:\/\/tense.com.tr\/tr\/wp-json\/wp\/v2\/comments?post=9719"}],"version-history":[{"count":7,"href":"https:\/\/tense.com.tr\/tr\/wp-json\/wp\/v2\/pages\/9719\/revisions"}],"predecessor-version":[{"id":14872,"href":"https:\/\/tense.com.tr\/tr\/wp-json\/wp\/v2\/pages\/9719\/revisions\/14872"}],"wp:attachment":[{"href":"https:\/\/tense.com.tr\/tr\/wp-json\/wp\/v2\/media?parent=9719"}],"curies":[{"name":"wp","href":"https:\/\/api.w.org\/{rel}","templated":true}]}}